{"id":33992,"date":"2021-10-05T16:13:47","date_gmt":"2021-10-05T14:13:47","guid":{"rendered":"https:\/\/chateaulafargue-france.com\/the-team\/"},"modified":"2024-12-17T09:35:26","modified_gmt":"2024-12-17T08:35:26","slug":"chateau-lafargue-team","status":"publish","type":"page","link":"https:\/\/chateaulafargue-france.com\/en\/chateau-lafargue-team\/","title":{"rendered":"The team"},"content":{"rendered":"<p>[et_pb_section fb_built=&#8221;1&#8243; admin_label=&#8221;Hero&#8221; _builder_version=&#8221;4.27.4&#8243; background_color=&#8221;rgba(0,0,0,0.12)&#8221; background_image=&#8221;https:\/\/chateaulafargue-france.com\/wp-content\/uploads\/2024\/12\/chai03-recadre.jpg&#8221; background_blend=&#8221;overlay&#8221; custom_margin=&#8221;|||&#8221; custom_padding=&#8221;90px||114px|||&#8221; hover_enabled=&#8221;0&#8243; global_colors_info=&#8221;{}&#8221; title_text=&#8221;chai03-recadre&#8221; sticky_enabled=&#8221;0&#8243;][et_pb_row _builder_version=&#8221;4.16&#8243; background_size=&#8221;initial&#8221; background_position=&#8221;top_left&#8221; background_repeat=&#8221;repeat&#8221; custom_padding=&#8221;56px|||||&#8221; global_colors_info=&#8221;{}&#8221;][et_pb_column type=&#8221;4_4&#8243; _builder_version=&#8221;4.16&#8243; custom_padding=&#8221;|||&#8221; global_colors_info=&#8221;{}&#8221; custom_padding__hover=&#8221;|||&#8221;][et_pb_text admin_label=&#8221;Title&#8221; _builder_version=&#8221;4.16&#8243; header_font=&#8221;Lora||||||||&#8221; header_text_align=&#8221;center&#8221; header_text_color=&#8221;#ffffff&#8221; header_font_size=&#8221;46px&#8221; animation_style=&#8221;fade&#8221; header_font_size_tablet=&#8221;&#8221; header_font_size_phone=&#8221;30px&#8221; header_font_size_last_edited=&#8221;on|phone&#8221; global_colors_info=&#8221;{}&#8221;]<\/p>\n<h1>A passionate and complementary team at the service of the vine and wine<\/h1>\n<p>[\/et_pb_text][\/et_pb_column][\/et_pb_row][\/et_pb_section][et_pb_section fb_built=&#8221;1&#8243; _builder_version=&#8221;4.16&#8243; custom_padding=&#8221;0px|||||&#8221; global_colors_info=&#8221;{}&#8221;][et_pb_row column_structure=&#8221;1_3,2_3&#8243; _builder_version=&#8221;4.16&#8243; global_colors_info=&#8221;{}&#8221;][et_pb_column type=&#8221;1_3&#8243; _builder_version=&#8221;4.16&#8243; global_colors_info=&#8221;{}&#8221;][et_pb_image src=&#8221;https:\/\/chateaulafargue-france.com\/wp-content\/uploads\/2020\/11\/JEAN-PIERRE-chateau-lafargue-1.jpg&#8221; alt=&#8221;JEAN PIERRE chateau lafargue&#8221; title_text=&#8221;JEAN PIERRE chateau lafargue&#8221; force_fullwidth=&#8221;on&#8221; align_tablet=&#8221;center&#8221; align_phone=&#8221;&#8221; align_last_edited=&#8221;on|desktop&#8221; _builder_version=&#8221;4.16&#8243; animation_style=&#8221;fade&#8221; locked=&#8221;off&#8221; global_colors_info=&#8221;{}&#8221;][\/et_pb_image][\/et_pb_column][et_pb_column type=&#8221;2_3&#8243; _builder_version=&#8221;4.16&#8243; global_colors_info=&#8221;{}&#8221;][et_pb_text admin_label=&#8221;Name&#8221; _builder_version=&#8221;4.16&#8243; text_font=&#8221;Lato|500|||||||&#8221; text_text_color=&#8221;#1e1e1e&#8221; text_font_size=&#8221;16px&#8221; text_line_height=&#8221;1.8em&#8221; header_3_font=&#8221;Lora||||||||&#8221; animation_style=&#8221;fold&#8221; animation_direction=&#8221;left&#8221; animation_intensity_fold=&#8221;5%&#8221; animation_starting_opacity=&#8221;100%&#8221; locked=&#8221;off&#8221; global_colors_info=&#8221;{}&#8221;]<\/p>\n<h3>Jean-Pierre Leymarie<\/h3>\n<p>The owner of Ch\u00e2teau Lafargue, Jean-Pierre has dedicated his life to the property ever since starting work in the vineyard at the age of 14.<\/p>\n<p>After obtaining his Brevet Professionnel Agricole (vocational diploma) in viticulture at the agricultural lyc\u00e9e in La Tour Blanche, he helped to manage the family business.<\/p>\n<p>This included a market-gardening operation in the early days, but after 1983, when he took over from his father, he focused on winegrowing.<br \/>Identifying with the values of the <em>Vignerons Ind\u00e9pendants<\/em> (Independent Winegrowers), he joined the national federation in its earliest years. He developed direct sales of wines through participation in numerous trade fairs throughout France. Jean-Pierre is always happy to welcome visitors to the property.<\/p>\n<p>[\/et_pb_text][\/et_pb_column][\/et_pb_row][\/et_pb_section][et_pb_section fb_built=&#8221;1&#8243; _builder_version=&#8221;4.16&#8243; custom_padding=&#8221;0px|||||&#8221; global_colors_info=&#8221;{}&#8221;][et_pb_row column_structure=&#8221;3_5,2_5&#8243; _builder_version=&#8221;4.16&#8243; global_colors_info=&#8221;{}&#8221;][et_pb_column type=&#8221;3_5&#8243; _builder_version=&#8221;4.16&#8243; global_colors_info=&#8221;{}&#8221;][et_pb_image src=&#8221;https:\/\/chateaulafargue-france.com\/wp-content\/uploads\/2020\/11\/carole-chateau-lafargue-1.jpg&#8221; title_text=&#8221;carole chateau lafargue&#8221; disabled_on=&#8221;off|off|on&#8221; _builder_version=&#8221;4.16&#8243; global_colors_info=&#8221;{}&#8221;][\/et_pb_image][et_pb_image src=&#8221;https:\/\/chateaulafargue-france.com\/wp-content\/uploads\/2020\/11\/lionel-chateau-lafargue.jpg&#8221; alt=&#8221;lionel chateau lafargue&#8221; title_text=&#8221;lionel chateau lafargue&#8221; disabled_on=&#8221;off|off|on&#8221; _builder_version=&#8221;4.16&#8243; global_colors_info=&#8221;{}&#8221;][\/et_pb_image][et_pb_text admin_label=&#8221;Name&#8221; _builder_version=&#8221;4.16&#8243; text_font=&#8221;Lato|500|||||||&#8221; text_text_color=&#8221;#1e1e1e&#8221; text_font_size=&#8221;16px&#8221; text_line_height=&#8221;1.8em&#8221; header_3_font=&#8221;Lora||||||||&#8221; animation_style=&#8221;fold&#8221; animation_direction=&#8221;left&#8221; animation_intensity_fold=&#8221;5%&#8221; animation_starting_opacity=&#8221;100%&#8221; locked=&#8221;off&#8221; global_colors_info=&#8221;{}&#8221;]<\/p>\n<h3>Carole and Lionel Peyrout<\/h3>\n<p>Jean-Pierre Leymarie\u2019s eldest daughter and son-in-law.<\/p>\n<p>Carole has always lived on the estate and been very attached to it. She started her family there with her husband Lionel and their three children, Alexandre, Arthur and Zo\u00e9.<br \/>After studying to be a social worker, she worked for 22 years at Bordeaux University Hospital where she accompanied patients and their families in the cardiology department. <span style=\"font-size: 16px;\">She gradually became more involved with the property in 2016 to ensure that its management remained within the family. Her husband, Lionel, joined her in 2018 on a part-time basis to lend a hand.<\/span><\/p>\n<p>&nbsp;<\/p>\n<p>A special education teacher by training, Lionel is also director of a medical and social association. Originally from a village in the P\u00e9rigord Vert, he shares Carole\u2019s commitment to caring for the land and preserving the family heritage.<\/p>\n<p>[\/et_pb_text][\/et_pb_column][et_pb_column type=&#8221;2_5&#8243; _builder_version=&#8221;4.16&#8243; global_colors_info=&#8221;{}&#8221;][et_pb_image src=&#8221;https:\/\/chateaulafargue-france.com\/wp-content\/uploads\/2020\/11\/carole-chateau-lafargue-1.jpg&#8221; title_text=&#8221;carole chateau lafargue&#8221; disabled_on=&#8221;on|on|off&#8221; _builder_version=&#8221;4.16&#8243; global_colors_info=&#8221;{}&#8221;][\/et_pb_image][et_pb_image src=&#8221;https:\/\/chateaulafargue-france.com\/wp-content\/uploads\/2020\/11\/lionel-chateau-lafargue.jpg&#8221; alt=&#8221;lionel chateau lafargue&#8221; title_text=&#8221;lionel chateau lafargue&#8221; disabled_on=&#8221;on|on|off&#8221; _builder_version=&#8221;4.16&#8243; global_colors_info=&#8221;{}&#8221;][\/et_pb_image][\/et_pb_column][\/et_pb_row][\/et_pb_section][et_pb_section fb_built=&#8221;1&#8243; _builder_version=&#8221;4.16&#8243; custom_padding=&#8221;0px|||||&#8221; global_colors_info=&#8221;{}&#8221;][et_pb_row column_structure=&#8221;1_2,1_2&#8243; _builder_version=&#8221;4.16&#8243; global_colors_info=&#8221;{}&#8221;][et_pb_column type=&#8221;1_2&#8243; _builder_version=&#8221;4.16&#8243; global_colors_info=&#8221;{}&#8221;][et_pb_blurb title=&#8221;Mariannick Augeraud&#8221; image=&#8221;https:\/\/chateaulafargue-france.com\/wp-content\/uploads\/2020\/11\/MARIANNIC-chateau-lafargue.jpg&#8221; alt=&#8221;MARIANNIC chateau lafargue&#8221; _builder_version=&#8221;4.16&#8243; global_colors_info=&#8221;{}&#8221;]<\/p>\n<p>Mariannick is a specialized agricultural worker, and responsible for the preparation of orders. Having been an employee since 1981, she has developed a deep bond with the property, which she knows like the back of her hand<\/p>\n<p>Tending the vines, labelling, preparing orders, she has seen three generations follow one another and has participated in the changes that have taken place in the vineyard.<\/p>\n<p>[\/et_pb_blurb][\/et_pb_column][et_pb_column type=&#8221;1_2&#8243; _builder_version=&#8221;4.16&#8243; global_colors_info=&#8221;{}&#8221;][et_pb_blurb title=&#8221;Muriel Brunel&#8221; image=&#8221;https:\/\/chateaulafargue-france.com\/wp-content\/uploads\/2020\/11\/muriel-chateau-lafargue.jpg&#8221; alt=&#8221;muriel chateau lafargue&#8221; _builder_version=&#8221;4.16&#8243; global_colors_info=&#8221;{}&#8221;]<\/p>\n<p>With a degree in Anglo-American Languages and Civilizations and a diploma in wine and spirits sales management, Muriel is our Sales Manager.<\/p>\n<p>Having gained experience in the reception of visitors and tours at Ch\u00e2teau Mouton-Rothschild, she joined Ch\u00e2teau Lafargue in 1997. Muriel has continued to develop the marketing of the property\u2019s wines.<\/p>\n<p>She welcomes, advises and accompanies visitors. She also travels around France throughout the year to meet customers at the many trade fairs in which we participate.<br \/> Passionate about her job, her skills and expertise are major assets for the property.<\/p>\n<p>[\/et_pb_blurb][\/et_pb_column][\/et_pb_row][\/et_pb_section][et_pb_section fb_built=&#8221;1&#8243; _builder_version=&#8221;4.16&#8243; custom_padding=&#8221;0px|||||&#8221; global_colors_info=&#8221;{}&#8221;][et_pb_row column_structure=&#8221;1_2,1_2&#8243; _builder_version=&#8221;4.16&#8243; global_colors_info=&#8221;{}&#8221;][et_pb_column type=&#8221;1_2&#8243; _builder_version=&#8221;4.16&#8243; global_colors_info=&#8221;{}&#8221;][et_pb_blurb title=&#8221;Nathalie Figula&#8221; image=&#8221;https:\/\/chateaulafargue-france.com\/wp-content\/uploads\/2020\/11\/NATHALIE-chateau-lafargue.jpg&#8221; alt=&#8221;NATHALIE chateau lafargue&#8221; _builder_version=&#8221;4.16&#8243; global_colors_info=&#8221;{}&#8221;]<\/p>\n<p>Nathalie is our export assistant. She worked at Domaines CGR in the M\u00e9doc before joining us in 2007. Nathalie takes care of the administrative and accounting aspects of the property. She also helps the Sales Manager with receiving visitors, tours and tastings.<\/p>\n<p>[\/et_pb_blurb][\/et_pb_column][et_pb_column type=&#8221;1_2&#8243; _builder_version=&#8221;4.16&#8243; global_colors_info=&#8221;{}&#8221;][et_pb_blurb title=&#8221;Philippe Simonnet&#8221; image=&#8221;https:\/\/chateaulafargue-france.com\/wp-content\/uploads\/2020\/11\/PHILIPPE-chateau-lafargue.jpg&#8221; alt=&#8221;PHILIPPE chateau lafargue&#8221; _builder_version=&#8221;4.16&#8243; global_colors_info=&#8221;{}&#8221;]<\/p>\n<p>With an agricultural engineering degree from ENITA, Philippe worked for several years at the Domaine de Chevalier and Domaine de la Solitude before joining the team at Ch\u00e2teau Lafargue in 2002<br \/>Responsible for the winery and vineyard, he is our Technical Manager.<br \/>Passionate about his job, he manages the vineyard with expertise and meticulous care. He worked to obtain HEV certification in 2015, having initiated QUALENVI certification, the Environmental Quality approach organized by the <em>Vignerons Ind\u00e9pendants<\/em> federation in 2006.<\/p>\n<p>[\/et_pb_blurb][\/et_pb_column][\/et_pb_row][\/et_pb_section][et_pb_section fb_built=&#8221;1&#8243; admin_label=&#8221;Featured Recipe Section&#8221; _builder_version=&#8221;4.16&#8243; background_image=&#8221;https:\/\/chateaulafargue-france.com\/wp-content\/uploads\/2020\/07\/image-mobile.jpg&#8221; custom_padding=&#8221;90px|0px|90px|0px&#8221; global_colors_info=&#8221;{}&#8221;][et_pb_row column_structure=&#8221;1_2,1_2&#8243; _builder_version=&#8221;4.16&#8243; custom_margin=&#8221;|||&#8221; custom_padding=&#8221;|||&#8221; animation_style=&#8221;fade&#8221; global_colors_info=&#8221;{}&#8221;][et_pb_column type=&#8221;1_2&#8243; _builder_version=&#8221;4.16&#8243; custom_padding=&#8221;|||&#8221; global_colors_info=&#8221;{}&#8221; custom_padding__hover=&#8221;|||&#8221;][\/et_pb_column][et_pb_column type=&#8221;1_2&#8243; _builder_version=&#8221;4.16&#8243; background_color=&#8221;#ffffff&#8221; custom_padding=&#8221;30px|45px|30px|45px&#8221; custom_padding_tablet=&#8221;&#8221; custom_padding_phone=&#8221;30px|30px|30px|30px&#8221; custom_padding_last_edited=&#8221;on|desktop&#8221; global_colors_info=&#8221;{}&#8221; padding_phone=&#8221;30px|30px|30px|30px&#8221; padding_last_edited=&#8221;on|desktop&#8221; custom_padding__hover=&#8221;|||&#8221;][et_pb_text _builder_version=&#8221;4.16&#8243; text_font=&#8221;Lato|500||on|||||&#8221; text_text_color=&#8221;#b17f23&#8243; text_font_size=&#8221;12px&#8221; custom_margin=&#8221;|||&#8221; animation_style=&#8221;fade&#8221; global_colors_info=&#8221;{}&#8221;]<\/p>\n<p>Ch\u00e2teau Lafargue<\/p>\n<p>[\/et_pb_text][et_pb_text _builder_version=&#8221;4.16&#8243; header_font=&#8221;||||||||&#8221; header_2_font=&#8221;Lora||||||||&#8221; header_2_font_size=&#8221;36px&#8221; header_2_line_height=&#8221;1.3em&#8221; animation_style=&#8221;fade&#8221; global_colors_info=&#8221;{}&#8221;]<\/p>\n<h3>Tours and tastings at Ch\u00e2teau Lafargue<\/h3>\n<p>[\/et_pb_text][et_pb_text _builder_version=&#8221;4.16&#8243; text_font=&#8221;||||||||&#8221; text_text_color=&#8221;#1e1e1e&#8221; text_line_height=&#8221;1.8em&#8221; animation_style=&#8221;fade&#8221; global_colors_info=&#8221;{}&#8221;]<\/p>\n<p>The Ch\u00e2teau Lafargue team will be delighted to welcome you to visit the family property and taste its wines. Our tours are also an opportunity to learn more about the history of one of Bordeaux&#8217;s finest and most prestigious appellations: Pessac-L\u00e9ognan.<\/p>\n<p>[\/et_pb_text][et_pb_button button_url=&#8221;https:\/\/chateaulafargue-france.com\/en\/contact\/&#8221; button_text=&#8221;CONTACT&#8221; button_alignment=&#8221;right&#8221; _builder_version=&#8221;4.16&#8243; custom_button=&#8221;on&#8221; button_text_size=&#8221;16px&#8221; button_bg_color=&#8221;#b17f23&#8243; button_border_width=&#8221;8px&#8221; button_border_color=&#8221;#b17f23&#8243; button_border_radius=&#8221;3px&#8221; button_font=&#8221;Lato|500||on|||||&#8221; button_use_icon=&#8221;off&#8221; background_layout=&#8221;dark&#8221; animation_style=&#8221;fade&#8221; global_colors_info=&#8221;{}&#8221; button_text_size__hover_enabled=&#8221;off&#8221; button_one_text_size__hover_enabled=&#8221;off&#8221; button_two_text_size__hover_enabled=&#8221;off&#8221; button_text_color__hover_enabled=&#8221;off&#8221; button_one_text_color__hover_enabled=&#8221;off&#8221; button_two_text_color__hover_enabled=&#8221;off&#8221; button_border_width__hover_enabled=&#8221;off&#8221; button_one_border_width__hover_enabled=&#8221;off&#8221; button_two_border_width__hover_enabled=&#8221;off&#8221; button_border_color__hover_enabled=&#8221;off&#8221; button_one_border_color__hover_enabled=&#8221;off&#8221; button_two_border_color__hover_enabled=&#8221;off&#8221; button_border_radius__hover_enabled=&#8221;off&#8221; button_one_border_radius__hover_enabled=&#8221;off&#8221; button_two_border_radius__hover_enabled=&#8221;off&#8221; button_letter_spacing__hover_enabled=&#8221;off&#8221; button_one_letter_spacing__hover_enabled=&#8221;off&#8221; button_two_letter_spacing__hover_enabled=&#8221;off&#8221; button_bg_color__hover_enabled=&#8221;off&#8221; button_one_bg_color__hover_enabled=&#8221;off&#8221; button_two_bg_color__hover_enabled=&#8221;off&#8221;][\/et_pb_button][\/et_pb_column][\/et_pb_row][\/et_pb_section]<\/p>\n","protected":false},"excerpt":{"rendered":"<p>A passionate and complementary team at the service of the vine and wineJean-Pierre Leymarie The owner of Ch\u00e2teau Lafargue, Jean-Pierre has dedicated his life to the property ever since starting work in the vineyard at the age of 14. After obtaining his Brevet Professionnel Agricole (vocational diploma) in viticulture at the agricultural lyc\u00e9e in La [&hellip;]<\/p>\n","protected":false},"author":3,"featured_media":0,"parent":0,"menu_order":0,"comment_status":"closed","ping_status":"closed","template":"","meta":{"_et_pb_use_builder":"on","_et_pb_old_content":"","_et_gb_content_width":"","footnotes":""},"class_list":["post-33992","page","type-page","status-publish","hentry"],"yoast_head":"<!-- This site is optimized with the Yoast SEO plugin v27.3 - https:\/\/yoast.com\/product\/yoast-seo-wordpress\/ -->\n<title>The team - Ch\u00e2teau Lafargue - Pessac L\u00e9ognan<\/title>\n<meta name=\"description\" content=\"Ch\u00e2teau Lafargue, it\u2019s a passionate and complementary team by vine and wine. A know-how and human values shared by all on the family vineyard\" \/>\n<meta name=\"robots\" content=\"index, follow, max-snippet:-1, max-image-preview:large, max-video-preview:-1\" \/>\n<link rel=\"canonical\" href=\"https:\/\/chateaulafargue-france.com\/en\/chateau-lafargue-team\/\" \/>\n<meta property=\"og:locale\" content=\"en_US\" \/>\n<meta property=\"og:type\" content=\"article\" \/>\n<meta property=\"og:title\" content=\"The team - Ch\u00e2teau Lafargue - Pessac L\u00e9ognan\" \/>\n<meta property=\"og:description\" content=\"Ch\u00e2teau Lafargue, it\u2019s a passionate and complementary team by vine and wine. A know-how and human values shared by all on the family vineyard\" \/>\n<meta property=\"og:url\" content=\"https:\/\/chateaulafargue-france.com\/en\/chateau-lafargue-team\/\" \/>\n<meta property=\"og:site_name\" content=\"Ch\u00e2teau Lafargue - Pessac L\u00e9ognan\" \/>\n<meta property=\"article:modified_time\" content=\"2024-12-17T08:35:26+00:00\" \/>\n<meta property=\"og:image\" content=\"https:\/\/chateaulafargue-france.com\/wp-content\/uploads\/2020\/12\/test-home-4.jpg\" \/>\n\t<meta property=\"og:image:width\" content=\"1920\" \/>\n\t<meta property=\"og:image:height\" content=\"1280\" \/>\n\t<meta property=\"og:image:type\" content=\"image\/jpeg\" \/>\n<meta name=\"twitter:card\" content=\"summary_large_image\" \/>\n<meta name=\"twitter:label1\" content=\"Est. reading time\" \/>\n\t<meta name=\"twitter:data1\" content=\"9 minutes\" \/>\n<script type=\"application\/ld+json\" class=\"yoast-schema-graph\">{\"@context\":\"https:\\\/\\\/schema.org\",\"@graph\":[{\"@type\":\"WebPage\",\"@id\":\"https:\\\/\\\/chateaulafargue-france.com\\\/en\\\/chateau-lafargue-team\\\/\",\"url\":\"https:\\\/\\\/chateaulafargue-france.com\\\/en\\\/chateau-lafargue-team\\\/\",\"name\":\"The team - Ch\u00e2teau Lafargue - Pessac L\u00e9ognan\",\"isPartOf\":{\"@id\":\"https:\\\/\\\/chateaulafargue-france.com\\\/en\\\/#website\"},\"datePublished\":\"2021-10-05T14:13:47+00:00\",\"dateModified\":\"2024-12-17T08:35:26+00:00\",\"description\":\"Ch\u00e2teau Lafargue, it\u2019s a passionate and complementary team by vine and wine. A know-how and human values shared by all on the family vineyard\",\"breadcrumb\":{\"@id\":\"https:\\\/\\\/chateaulafargue-france.com\\\/en\\\/chateau-lafargue-team\\\/#breadcrumb\"},\"inLanguage\":\"en-US\",\"potentialAction\":[{\"@type\":\"ReadAction\",\"target\":[\"https:\\\/\\\/chateaulafargue-france.com\\\/en\\\/chateau-lafargue-team\\\/\"]}]},{\"@type\":\"BreadcrumbList\",\"@id\":\"https:\\\/\\\/chateaulafargue-france.com\\\/en\\\/chateau-lafargue-team\\\/#breadcrumb\",\"itemListElement\":[{\"@type\":\"ListItem\",\"position\":1,\"name\":\"Accueil\",\"item\":\"https:\\\/\\\/chateaulafargue-france.com\\\/en\\\/\"},{\"@type\":\"ListItem\",\"position\":2,\"name\":\"The team\"}]},{\"@type\":\"WebSite\",\"@id\":\"https:\\\/\\\/chateaulafargue-france.com\\\/en\\\/#website\",\"url\":\"https:\\\/\\\/chateaulafargue-france.com\\\/en\\\/\",\"name\":\"Ch\u00e2teau Lafargue - Pessac L\u00e9ognan\",\"description\":\"Vigneron ind\u00e9pendant\",\"publisher\":{\"@id\":\"https:\\\/\\\/chateaulafargue-france.com\\\/en\\\/#organization\"},\"potentialAction\":[{\"@type\":\"SearchAction\",\"target\":{\"@type\":\"EntryPoint\",\"urlTemplate\":\"https:\\\/\\\/chateaulafargue-france.com\\\/en\\\/?s={search_term_string}\"},\"query-input\":{\"@type\":\"PropertyValueSpecification\",\"valueRequired\":true,\"valueName\":\"search_term_string\"}}],\"inLanguage\":\"en-US\"},{\"@type\":\"Organization\",\"@id\":\"https:\\\/\\\/chateaulafargue-france.com\\\/en\\\/#organization\",\"name\":\"Chateau Lafargue\",\"url\":\"https:\\\/\\\/chateaulafargue-france.com\\\/en\\\/\",\"logo\":{\"@type\":\"ImageObject\",\"inLanguage\":\"en-US\",\"@id\":\"https:\\\/\\\/chateaulafargue-france.com\\\/en\\\/#\\\/schema\\\/logo\\\/image\\\/\",\"url\":\"https:\\\/\\\/chateaulafargue-france.com\\\/wp-content\\\/uploads\\\/2020\\\/07\\\/logo-fond-noir.jpg\",\"contentUrl\":\"https:\\\/\\\/chateaulafargue-france.com\\\/wp-content\\\/uploads\\\/2020\\\/07\\\/logo-fond-noir.jpg\",\"width\":350,\"height\":168,\"caption\":\"Chateau Lafargue\"},\"image\":{\"@id\":\"https:\\\/\\\/chateaulafargue-france.com\\\/en\\\/#\\\/schema\\\/logo\\\/image\\\/\"}}]}<\/script>\n<!-- \/ Yoast SEO plugin. -->","yoast_head_json":{"title":"The team - Ch\u00e2teau Lafargue - Pessac L\u00e9ognan","description":"Ch\u00e2teau Lafargue, it\u2019s a passionate and complementary team by vine and wine. A know-how and human values shared by all on the family vineyard","robots":{"index":"index","follow":"follow","max-snippet":"max-snippet:-1","max-image-preview":"max-image-preview:large","max-video-preview":"max-video-preview:-1"},"canonical":"https:\/\/chateaulafargue-france.com\/en\/chateau-lafargue-team\/","og_locale":"en_US","og_type":"article","og_title":"The team - Ch\u00e2teau Lafargue - Pessac L\u00e9ognan","og_description":"Ch\u00e2teau Lafargue, it\u2019s a passionate and complementary team by vine and wine. A know-how and human values shared by all on the family vineyard","og_url":"https:\/\/chateaulafargue-france.com\/en\/chateau-lafargue-team\/","og_site_name":"Ch\u00e2teau Lafargue - Pessac L\u00e9ognan","article_modified_time":"2024-12-17T08:35:26+00:00","og_image":[{"width":1920,"height":1280,"url":"https:\/\/chateaulafargue-france.com\/wp-content\/uploads\/2020\/12\/test-home-4.jpg","type":"image\/jpeg"}],"twitter_card":"summary_large_image","twitter_misc":{"Est. reading time":"9 minutes"},"schema":{"@context":"https:\/\/schema.org","@graph":[{"@type":"WebPage","@id":"https:\/\/chateaulafargue-france.com\/en\/chateau-lafargue-team\/","url":"https:\/\/chateaulafargue-france.com\/en\/chateau-lafargue-team\/","name":"The team - Ch\u00e2teau Lafargue - Pessac L\u00e9ognan","isPartOf":{"@id":"https:\/\/chateaulafargue-france.com\/en\/#website"},"datePublished":"2021-10-05T14:13:47+00:00","dateModified":"2024-12-17T08:35:26+00:00","description":"Ch\u00e2teau Lafargue, it\u2019s a passionate and complementary team by vine and wine. A know-how and human values shared by all on the family vineyard","breadcrumb":{"@id":"https:\/\/chateaulafargue-france.com\/en\/chateau-lafargue-team\/#breadcrumb"},"inLanguage":"en-US","potentialAction":[{"@type":"ReadAction","target":["https:\/\/chateaulafargue-france.com\/en\/chateau-lafargue-team\/"]}]},{"@type":"BreadcrumbList","@id":"https:\/\/chateaulafargue-france.com\/en\/chateau-lafargue-team\/#breadcrumb","itemListElement":[{"@type":"ListItem","position":1,"name":"Accueil","item":"https:\/\/chateaulafargue-france.com\/en\/"},{"@type":"ListItem","position":2,"name":"The team"}]},{"@type":"WebSite","@id":"https:\/\/chateaulafargue-france.com\/en\/#website","url":"https:\/\/chateaulafargue-france.com\/en\/","name":"Ch\u00e2teau Lafargue - Pessac L\u00e9ognan","description":"Vigneron ind\u00e9pendant","publisher":{"@id":"https:\/\/chateaulafargue-france.com\/en\/#organization"},"potentialAction":[{"@type":"SearchAction","target":{"@type":"EntryPoint","urlTemplate":"https:\/\/chateaulafargue-france.com\/en\/?s={search_term_string}"},"query-input":{"@type":"PropertyValueSpecification","valueRequired":true,"valueName":"search_term_string"}}],"inLanguage":"en-US"},{"@type":"Organization","@id":"https:\/\/chateaulafargue-france.com\/en\/#organization","name":"Chateau Lafargue","url":"https:\/\/chateaulafargue-france.com\/en\/","logo":{"@type":"ImageObject","inLanguage":"en-US","@id":"https:\/\/chateaulafargue-france.com\/en\/#\/schema\/logo\/image\/","url":"https:\/\/chateaulafargue-france.com\/wp-content\/uploads\/2020\/07\/logo-fond-noir.jpg","contentUrl":"https:\/\/chateaulafargue-france.com\/wp-content\/uploads\/2020\/07\/logo-fond-noir.jpg","width":350,"height":168,"caption":"Chateau Lafargue"},"image":{"@id":"https:\/\/chateaulafargue-france.com\/en\/#\/schema\/logo\/image\/"}}]}},"_links":{"self":[{"href":"https:\/\/chateaulafargue-france.com\/en\/wp-json\/wp\/v2\/pages\/33992","targetHints":{"allow":["GET"]}}],"collection":[{"href":"https:\/\/chateaulafargue-france.com\/en\/wp-json\/wp\/v2\/pages"}],"about":[{"href":"https:\/\/chateaulafargue-france.com\/en\/wp-json\/wp\/v2\/types\/page"}],"author":[{"embeddable":true,"href":"https:\/\/chateaulafargue-france.com\/en\/wp-json\/wp\/v2\/users\/3"}],"replies":[{"embeddable":true,"href":"https:\/\/chateaulafargue-france.com\/en\/wp-json\/wp\/v2\/comments?post=33992"}],"version-history":[{"count":0,"href":"https:\/\/chateaulafargue-france.com\/en\/wp-json\/wp\/v2\/pages\/33992\/revisions"}],"wp:attachment":[{"href":"https:\/\/chateaulafargue-france.com\/en\/wp-json\/wp\/v2\/media?parent=33992"}],"curies":[{"name":"wp","href":"https:\/\/api.w.org\/{rel}","templated":true}]}}