{"id":33998,"date":"2021-10-05T16:30:08","date_gmt":"2021-10-05T14:30:08","guid":{"rendered":"https:\/\/chateaulafargue-france.com\/our-environmental-approach\/"},"modified":"2021-10-18T17:43:07","modified_gmt":"2021-10-18T15:43:07","slug":"environmental-approach","status":"publish","type":"page","link":"https:\/\/chateaulafargue-france.com\/en\/environmental-approach\/","title":{"rendered":"Our environmental approach"},"content":{"rendered":"<p>[et_pb_section fb_built=&#8221;1&#8243; admin_label=&#8221;Hero&#8221; _builder_version=&#8221;4.4.9&#8243; background_color=&#8221;rgba(0,0,0,0.12)&#8221; background_image=&#8221;https:\/\/chateaulafargue-france.com\/wp-content\/uploads\/2020\/07\/chai03-recadr\u00e9.jpg&#8221; background_blend=&#8221;overlay&#8221; custom_margin=&#8221;|||&#8221; custom_padding=&#8221;90px||152px|||&#8221;][et_pb_row _builder_version=&#8221;3.25&#8243; background_size=&#8221;initial&#8221; background_position=&#8221;top_left&#8221; background_repeat=&#8221;repeat&#8221; custom_padding=&#8221;56px|||||&#8221;][et_pb_column type=&#8221;4_4&#8243; _builder_version=&#8221;3.25&#8243; custom_padding=&#8221;|||&#8221; custom_padding__hover=&#8221;|||&#8221;][et_pb_text admin_label=&#8221;Title&#8221; _builder_version=&#8221;4.4.9&#8243; header_font=&#8221;Lora||||||||&#8221; header_text_align=&#8221;center&#8221; header_text_color=&#8221;#ffffff&#8221; header_font_size=&#8221;46px&#8221; animation_style=&#8221;fade&#8221; header_font_size_tablet=&#8221;&#8221; header_font_size_phone=&#8221;30px&#8221; header_font_size_last_edited=&#8221;on|phone&#8221;]<\/p>\n<h1>Ch\u00e2teau Lafargue&#8217;s environmental approach<\/h1>\n<p>[\/et_pb_text][\/et_pb_column][\/et_pb_row][\/et_pb_section][et_pb_section fb_built=&#8221;1&#8243; custom_padding_last_edited=&#8221;on|desktop&#8221; admin_label=&#8221;About Recipe&#8221; _builder_version=&#8221;4.4.9&#8243; background_enable_image=&#8221;off&#8221; background_size=&#8221;contain&#8221; custom_padding=&#8221;18px|0px|90px|0px||&#8221; custom_padding_tablet=&#8221;||0px|&#8221; custom_padding_phone=&#8221;&#8221;][et_pb_row column_structure=&#8221;3_5,2_5&#8243; use_custom_gutter=&#8221;on&#8221; gutter_width=&#8221;4&#8243; admin_label=&#8221;Recipe Introduction Row&#8221; _builder_version=&#8221;4.4.9&#8243; custom_padding=&#8221;|||&#8221;][et_pb_column type=&#8221;3_5&#8243; _builder_version=&#8221;3.25&#8243; custom_padding=&#8221;|||&#8221; custom_padding__hover=&#8221;|||&#8221;][et_pb_text _builder_version=&#8221;4.4.9&#8243; text_font=&#8221;|500|||||||&#8221; text_font_size=&#8221;16px&#8221; text_line_height=&#8221;1.8em&#8221; animation_style=&#8221;fold&#8221; animation_direction=&#8221;left&#8221; animation_intensity_fold=&#8221;5%&#8221; animation_starting_opacity=&#8221;100%&#8221;]<\/p>\n<p>Sensitive to the protection of the environment for several generations, we have been committed to Qualenvi certification since 2006 that offers &#8220;official recognition of the excellence of certain independent winegrowers throughout France. Pioneers in the latest winegrowing techniques, they harvest their grapes, vinify, age and market their wines with respect for the terroir and tradition, in an ongoing quest for perfection\u201d. (<em>extract from the Vignerons Ind\u00e9pendants website)<\/em>.<\/p>\n<p>QUALENVI certification enabled us to achieve level 2 High Environmental Value certification.<\/p>\n<p>[\/et_pb_text][\/et_pb_column][et_pb_column type=&#8221;2_5&#8243; _builder_version=&#8221;3.25&#8243; custom_padding=&#8221;|||&#8221; custom_padding__hover=&#8221;|||&#8221;][et_pb_image src=&#8221;https:\/\/chateaulafargue-france.com\/wp-content\/uploads\/2020\/11\/demarche-environnementale-chateau-lafargue.jpg&#8221; alt=&#8221;Ch\u00e2teau Lafargue&#8217;s environmental approach&#8221; title_text=&#8221;Ch\u00e2teau Lafargue&#8217;s environmental approach&#8221; force_fullwidth=&#8221;on&#8221; align_tablet=&#8221;center&#8221; align_phone=&#8221;&#8221; align_last_edited=&#8221;on|desktop&#8221; _builder_version=&#8221;4.4.9&#8243; max_height=&#8221;329px&#8221; animation_style=&#8221;slide&#8221; animation_direction=&#8221;right&#8221; animation_intensity_slide=&#8221;5%&#8221; animation_starting_opacity=&#8221;100%&#8221; box_shadow_style=&#8221;preset2&#8243;][\/et_pb_image][\/et_pb_column][\/et_pb_row][et_pb_row column_structure=&#8221;2_5,3_5&#8243; admin_label=&#8221;Recipe Introduction Row&#8221; _builder_version=&#8221;3.25&#8243; custom_margin=&#8221;41px|auto||auto||&#8221; custom_padding=&#8221;|||&#8221;][et_pb_column type=&#8221;2_5&#8243; _builder_version=&#8221;3.25&#8243; custom_padding=&#8221;|||&#8221; custom_padding__hover=&#8221;|||&#8221;][et_pb_image src=&#8221;https:\/\/chateaulafargue-france.com\/wp-content\/uploads\/2020\/11\/demarche-environnementale-chateau-lafargue-pessac.jpg&#8221; alt=&#8221;Ch\u00e2teau Lafargue&#8217;s environmental approach Pessac&#8221; title_text=&#8221;Ch\u00e2teau Lafargue&#8217;s environmental approach Pessac&#8221; _builder_version=&#8221;4.4.9&#8243;][\/et_pb_image][\/et_pb_column][et_pb_column type=&#8221;3_5&#8243; _builder_version=&#8221;4.4.9&#8243;][et_pb_text admin_label=&#8221;Title&#8221; _builder_version=&#8221;4.4.9&#8243; text_font=&#8221;Lora|||||on|||&#8221; text_text_color=&#8221;#1e1e1e&#8221; text_font_size=&#8221;26px&#8221; text_line_height=&#8221;1.8em&#8221; header_font=&#8221;||||||||&#8221; header_3_font=&#8221;Lora|||on|||||&#8221; header_3_font_size=&#8221;26px&#8221; header_3_line_height=&#8221;1.4em&#8221; custom_margin=&#8221;||15px|&#8221; animation_style=&#8221;fold&#8221; animation_direction=&#8221;left&#8221; animation_intensity_fold=&#8221;5%&#8221; animation_starting_opacity=&#8221;100%&#8221;]<\/p>\n<h3>HEV certification<\/h3>\n<p>[\/et_pb_text][et_pb_divider color=&#8221;#b17f23&#8243; divider_weight=&#8221;2px&#8221; _builder_version=&#8221;4.4.9&#8243; max_width=&#8221;80px&#8221; max_width_tablet=&#8221;150px&#8221; max_width_phone=&#8221;150px&#8221; max_width_last_edited=&#8221;off|desktop&#8221; animation_style=&#8221;fold&#8221; animation_direction=&#8221;left&#8221; animation_intensity_fold=&#8221;5%&#8221; animation_starting_opacity=&#8221;100%&#8221;][\/et_pb_divider][et_pb_text _builder_version=&#8221;4.4.9&#8243; text_font=&#8221;Lato|500|||||||&#8221; text_text_color=&#8221;#1e1e1e&#8221; text_font_size=&#8221;16px&#8221; text_line_height=&#8221;1.8em&#8221; animation_style=&#8221;fold&#8221; animation_direction=&#8221;left&#8221; animation_intensity_fold=&#8221;5%&#8221; animation_starting_opacity=&#8221;100%&#8221;]<\/p>\n<p>The <em>Grenelle de l\u2019Environnement<\/em> (environmental round table) initiated a consultation process in 2007 which led to the creation of HEV certification in 2011. This new scheme takes into account the changes in regulations and the environmental requirements, with a view to providing environmental certification.<\/p>\n<p>[\/et_pb_text][et_pb_text _builder_version=&#8221;4.4.9&#8243; text_font=&#8221;Lato|500|||||||&#8221; text_text_color=&#8221;#1e1e1e&#8221; text_font_size=&#8221;16px&#8221; text_line_height=&#8221;1.8em&#8221; animation_style=&#8221;fold&#8221; animation_direction=&#8221;left&#8221; animation_intensity_fold=&#8221;5%&#8221; animation_starting_opacity=&#8221;100%&#8221;]<\/p>\n<h3>The 3 levels of HEV certification<\/h3>\n<p>The 3 levels defined by the <em>Grenelle de l&#8217;Environnement<\/em> :<br \/><strong>Level 1<\/strong> : Application of environmental regulations<br \/><strong>Level 2<\/strong> : Obligation of means<br \/><strong>Level 3<\/strong> : Obligation of results. HEV is based on various environmental performance indicators. These include biodiversity, phytosanitary strategy, use of fertilizers and water resource management.<\/p>\n<p>Certification is obtained for 3 years after an audit by a certifying body. An interim follow-up evaluation is carried out at mid-term, i.e. 18 months after certification and 18 months before its expiry.<\/p>\n<p>Because we believe that a high-quality product can only be produced in a protected environment, we decided to pursue HEV certification. This is an important environmental commitment for our land, all the people who work here, and our customers. We have had level 3 certification since 2015.<\/p>\n<p>[\/et_pb_text][\/et_pb_column][\/et_pb_row][et_pb_row column_structure=&#8221;3_5,2_5&#8243; use_custom_gutter=&#8221;on&#8221; gutter_width=&#8221;4&#8243; admin_label=&#8221;Recipe Introduction Row&#8221; _builder_version=&#8221;4.4.9&#8243; custom_padding=&#8221;|||&#8221;][et_pb_column type=&#8221;3_5&#8243; _builder_version=&#8221;3.25&#8243; custom_padding=&#8221;|||&#8221; custom_padding__hover=&#8221;|||&#8221;][et_pb_text admin_label=&#8221;Title&#8221; _builder_version=&#8221;4.4.9&#8243; text_font=&#8221;Lora|||||on|||&#8221; text_text_color=&#8221;#1e1e1e&#8221; text_font_size=&#8221;26px&#8221; text_line_height=&#8221;1.8em&#8221; header_font=&#8221;||||||||&#8221; header_3_font=&#8221;Lora|||on|||||&#8221; header_3_font_size=&#8221;26px&#8221; header_3_line_height=&#8221;1.4em&#8221; custom_margin=&#8221;||15px|&#8221; animation_style=&#8221;fold&#8221; animation_direction=&#8221;left&#8221; animation_intensity_fold=&#8221;5%&#8221; animation_starting_opacity=&#8221;100%&#8221;]<\/p>\n<h3>Methods that respect the environment, biodiversity and public health <\/h3>\n<p>[\/et_pb_text][et_pb_divider color=&#8221;#b17f23&#8243; divider_weight=&#8221;2px&#8221; _builder_version=&#8221;4.4.9&#8243; max_width=&#8221;80px&#8221; max_width_tablet=&#8221;150px&#8221; max_width_phone=&#8221;150px&#8221; max_width_last_edited=&#8221;off|desktop&#8221; animation_style=&#8221;fold&#8221; animation_direction=&#8221;left&#8221; animation_intensity_fold=&#8221;5%&#8221; animation_starting_opacity=&#8221;100%&#8221;][\/et_pb_divider][et_pb_text _builder_version=&#8221;4.4.9&#8243; text_font=&#8221;Lato|500|||||||&#8221; text_text_color=&#8221;#1e1e1e&#8221; text_font_size=&#8221;16px&#8221; text_line_height=&#8221;1.8em&#8221; animation_style=&#8221;fold&#8221; animation_direction=&#8221;left&#8221; animation_intensity_fold=&#8221;5%&#8221; animation_starting_opacity=&#8221;100%&#8221;]<\/p>\n<p>We have opted for grassing between vineyard plots. This prevents leaching of the soil by run-off and thus encourages the development of biodiversity (insects, nematodes, etc.). We plough the soil and plant grass throughout the vineyard.<\/p>\n<p>We have chosen moderate use of phytosanitary products. These products are non CMR (Carcinogenic, Mutagenic, Reprotoxic) and Natural Defences Stimulators. The vast majority of the products used are approved for organic farming.<\/p>\n<p>Mechanical weed control enables us to avoid the use any herbicides.<br \/>We have our own treatment plant for wine production effluents.<br \/>We ensure the regulation of run-off water by means of shallow ditches and by maintaining vegetation (reeds and plants endemic to wetlands).<\/p>\n<p>Finally, we are committed to making ongoing reductions in our use of energy through the control of fuel, gas and electricity consumption.<\/p>\n<p>[\/et_pb_text][\/et_pb_column][et_pb_column type=&#8221;2_5&#8243; _builder_version=&#8221;3.25&#8243; custom_padding=&#8221;|||&#8221; custom_padding__hover=&#8221;|||&#8221;][et_pb_image src=&#8221;https:\/\/chateaulafargue-france.com\/wp-content\/uploads\/2020\/12\/demarche-environnementale-3.jpg&#8221; title_text=&#8221;demarche environnementale 3&#8243; _builder_version=&#8221;4.4.9&#8243;][\/et_pb_image][et_pb_image src=&#8221;https:\/\/chateaulafargue-france.com\/wp-content\/uploads\/2020\/12\/demarche-environnementale-4.jpg&#8221; title_text=&#8221;demarche environnementale 4&#8243; _builder_version=&#8221;4.4.9&#8243;][\/et_pb_image][\/et_pb_column][\/et_pb_row][et_pb_row column_structure=&#8221;2_5,3_5&#8243; admin_label=&#8221;Recipe Introduction Row&#8221; _builder_version=&#8221;3.25&#8243; custom_margin=&#8221;41px|auto||auto||&#8221; custom_padding=&#8221;|||&#8221;][et_pb_column type=&#8221;2_5&#8243; _builder_version=&#8221;3.25&#8243; custom_padding=&#8221;|||&#8221; custom_padding__hover=&#8221;|||&#8221;][et_pb_video src=&#8221;https:\/\/youtu.be\/ZHJd1a-OCCQ&#8221; _builder_version=&#8221;4.4.9&#8243;][\/et_pb_video][et_pb_text _builder_version=&#8221;4.4.9&#8243;]<\/p>\n<p><span>France 3 \u2013 News 19\/20h <br \/><\/span><span>06\/01\/2018 <\/span> <\/p>\n<p>[\/et_pb_text][\/et_pb_column][et_pb_column type=&#8221;3_5&#8243; _builder_version=&#8221;4.4.9&#8243;][et_pb_text admin_label=&#8221;Title&#8221; _builder_version=&#8221;4.4.9&#8243; text_font=&#8221;Lora|||||on|||&#8221; text_text_color=&#8221;#1e1e1e&#8221; text_font_size=&#8221;26px&#8221; text_line_height=&#8221;1.8em&#8221; header_font=&#8221;||||||||&#8221; header_3_font=&#8221;Lora|||on|||||&#8221; header_3_font_size=&#8221;26px&#8221; header_3_line_height=&#8221;1.4em&#8221; custom_margin=&#8221;||15px|&#8221; animation_style=&#8221;fold&#8221; animation_direction=&#8221;left&#8221; animation_intensity_fold=&#8221;5%&#8221; animation_starting_opacity=&#8221;100%&#8221;]<\/p>\n<h3>Biotechnology and wine<\/h3>\n<p>[\/et_pb_text][et_pb_divider color=&#8221;#b17f23&#8243; divider_weight=&#8221;2px&#8221; _builder_version=&#8221;4.4.9&#8243; max_width=&#8221;80px&#8221; max_width_tablet=&#8221;150px&#8221; max_width_phone=&#8221;150px&#8221; max_width_last_edited=&#8221;off|desktop&#8221; animation_style=&#8221;fold&#8221; animation_direction=&#8221;left&#8221; animation_intensity_fold=&#8221;5%&#8221; animation_starting_opacity=&#8221;100%&#8221;][\/et_pb_divider][et_pb_text _builder_version=&#8221;4.4.9&#8243; text_font=&#8221;Lato|500|||||||&#8221; text_text_color=&#8221;#1e1e1e&#8221; text_font_size=&#8221;16px&#8221; text_line_height=&#8221;1.8em&#8221; animation_style=&#8221;fold&#8221; animation_direction=&#8221;left&#8221; animation_intensity_fold=&#8221;5%&#8221; animation_starting_opacity=&#8221;100%&#8221;]<\/p>\n<p>We were among the first to use the Genodics system.<br \/>This involves a &#8220;music box&#8221; located in the middle of the vineyard, designed to stimulate the release of plant proteins. This gentle process stimulates the vines\u2019 immune system and the repulsion of disease-causing organisms.<\/p>\n<p>[\/et_pb_text][\/et_pb_column][\/et_pb_row][\/et_pb_section]<\/p>\n","protected":false},"excerpt":{"rendered":"<p>Ch\u00e2teau Lafargue&#8217;s environmental approachSensitive to the protection of the environment for several generations, we have been committed to Qualenvi certification since 2006 that offers &#8220;official recognition of the excellence of certain independent winegrowers throughout France. Pioneers in the latest winegrowing techniques, they harvest their grapes, vinify, age and market their wines with respect for the [&hellip;]<\/p>\n","protected":false},"author":3,"featured_media":0,"parent":0,"menu_order":0,"comment_status":"closed","ping_status":"closed","template":"","meta":{"_et_pb_use_builder":"on","_et_pb_old_content":"","_et_gb_content_width":"","footnotes":""},"class_list":["post-33998","page","type-page","status-publish","hentry"],"yoast_head":"<!-- This site is optimized with the Yoast SEO plugin v27.3 - https:\/\/yoast.com\/product\/yoast-seo-wordpress\/ -->\n<title>Our environmental approach - Ch\u00e2teau Lafargue - Pessac L\u00e9ognan<\/title>\n<meta name=\"description\" content=\"Ch\u00e2teau Lafargue is part of an environmentally friendly approach to protect and preserve the nature and quality of the wine-growing terroir. The estate is certified HVE Level 3\" \/>\n<meta name=\"robots\" content=\"index, follow, max-snippet:-1, max-image-preview:large, max-video-preview:-1\" \/>\n<link rel=\"canonical\" href=\"https:\/\/chateaulafargue-france.com\/en\/environmental-approach\/\" \/>\n<meta property=\"og:locale\" content=\"en_US\" \/>\n<meta property=\"og:type\" content=\"article\" \/>\n<meta property=\"og:title\" content=\"Our environmental approach - Ch\u00e2teau Lafargue - Pessac L\u00e9ognan\" \/>\n<meta property=\"og:description\" content=\"Ch\u00e2teau Lafargue is part of an environmentally friendly approach to protect and preserve the nature and quality of the wine-growing terroir. The estate is certified HVE Level 3\" \/>\n<meta property=\"og:url\" content=\"https:\/\/chateaulafargue-france.com\/en\/environmental-approach\/\" \/>\n<meta property=\"og:site_name\" content=\"Ch\u00e2teau Lafargue - Pessac L\u00e9ognan\" \/>\n<meta property=\"article:modified_time\" content=\"2021-10-18T15:43:07+00:00\" \/>\n<meta property=\"og:image\" content=\"https:\/\/chateaulafargue-france.com\/wp-content\/uploads\/2020\/12\/test-home-4.jpg\" \/>\n\t<meta property=\"og:image:width\" content=\"1920\" \/>\n\t<meta property=\"og:image:height\" content=\"1280\" \/>\n\t<meta property=\"og:image:type\" content=\"image\/jpeg\" \/>\n<meta name=\"twitter:card\" content=\"summary_large_image\" \/>\n<meta name=\"twitter:label1\" content=\"Est. reading time\" \/>\n\t<meta name=\"twitter:data1\" content=\"7 minutes\" \/>\n<script type=\"application\/ld+json\" class=\"yoast-schema-graph\">{\"@context\":\"https:\\\/\\\/schema.org\",\"@graph\":[{\"@type\":\"WebPage\",\"@id\":\"https:\\\/\\\/chateaulafargue-france.com\\\/en\\\/environmental-approach\\\/\",\"url\":\"https:\\\/\\\/chateaulafargue-france.com\\\/en\\\/environmental-approach\\\/\",\"name\":\"Our environmental approach - Ch\u00e2teau Lafargue - Pessac L\u00e9ognan\",\"isPartOf\":{\"@id\":\"https:\\\/\\\/chateaulafargue-france.com\\\/en\\\/#website\"},\"datePublished\":\"2021-10-05T14:30:08+00:00\",\"dateModified\":\"2021-10-18T15:43:07+00:00\",\"description\":\"Ch\u00e2teau Lafargue is part of an environmentally friendly approach to protect and preserve the nature and quality of the wine-growing terroir. The estate is certified HVE Level 3\",\"breadcrumb\":{\"@id\":\"https:\\\/\\\/chateaulafargue-france.com\\\/en\\\/environmental-approach\\\/#breadcrumb\"},\"inLanguage\":\"en-US\",\"potentialAction\":[{\"@type\":\"ReadAction\",\"target\":[\"https:\\\/\\\/chateaulafargue-france.com\\\/en\\\/environmental-approach\\\/\"]}]},{\"@type\":\"BreadcrumbList\",\"@id\":\"https:\\\/\\\/chateaulafargue-france.com\\\/en\\\/environmental-approach\\\/#breadcrumb\",\"itemListElement\":[{\"@type\":\"ListItem\",\"position\":1,\"name\":\"Accueil\",\"item\":\"https:\\\/\\\/chateaulafargue-france.com\\\/en\\\/\"},{\"@type\":\"ListItem\",\"position\":2,\"name\":\"Our environmental approach\"}]},{\"@type\":\"WebSite\",\"@id\":\"https:\\\/\\\/chateaulafargue-france.com\\\/en\\\/#website\",\"url\":\"https:\\\/\\\/chateaulafargue-france.com\\\/en\\\/\",\"name\":\"Ch\u00e2teau Lafargue - Pessac L\u00e9ognan\",\"description\":\"Vigneron ind\u00e9pendant\",\"publisher\":{\"@id\":\"https:\\\/\\\/chateaulafargue-france.com\\\/en\\\/#organization\"},\"potentialAction\":[{\"@type\":\"SearchAction\",\"target\":{\"@type\":\"EntryPoint\",\"urlTemplate\":\"https:\\\/\\\/chateaulafargue-france.com\\\/en\\\/?s={search_term_string}\"},\"query-input\":{\"@type\":\"PropertyValueSpecification\",\"valueRequired\":true,\"valueName\":\"search_term_string\"}}],\"inLanguage\":\"en-US\"},{\"@type\":\"Organization\",\"@id\":\"https:\\\/\\\/chateaulafargue-france.com\\\/en\\\/#organization\",\"name\":\"Chateau Lafargue\",\"url\":\"https:\\\/\\\/chateaulafargue-france.com\\\/en\\\/\",\"logo\":{\"@type\":\"ImageObject\",\"inLanguage\":\"en-US\",\"@id\":\"https:\\\/\\\/chateaulafargue-france.com\\\/en\\\/#\\\/schema\\\/logo\\\/image\\\/\",\"url\":\"https:\\\/\\\/chateaulafargue-france.com\\\/wp-content\\\/uploads\\\/2020\\\/07\\\/logo-fond-noir.jpg\",\"contentUrl\":\"https:\\\/\\\/chateaulafargue-france.com\\\/wp-content\\\/uploads\\\/2020\\\/07\\\/logo-fond-noir.jpg\",\"width\":350,\"height\":168,\"caption\":\"Chateau Lafargue\"},\"image\":{\"@id\":\"https:\\\/\\\/chateaulafargue-france.com\\\/en\\\/#\\\/schema\\\/logo\\\/image\\\/\"}}]}<\/script>\n<!-- \/ Yoast SEO plugin. -->","yoast_head_json":{"title":"Our environmental approach - Ch\u00e2teau Lafargue - Pessac L\u00e9ognan","description":"Ch\u00e2teau Lafargue is part of an environmentally friendly approach to protect and preserve the nature and quality of the wine-growing terroir. The estate is certified HVE Level 3","robots":{"index":"index","follow":"follow","max-snippet":"max-snippet:-1","max-image-preview":"max-image-preview:large","max-video-preview":"max-video-preview:-1"},"canonical":"https:\/\/chateaulafargue-france.com\/en\/environmental-approach\/","og_locale":"en_US","og_type":"article","og_title":"Our environmental approach - Ch\u00e2teau Lafargue - Pessac L\u00e9ognan","og_description":"Ch\u00e2teau Lafargue is part of an environmentally friendly approach to protect and preserve the nature and quality of the wine-growing terroir. The estate is certified HVE Level 3","og_url":"https:\/\/chateaulafargue-france.com\/en\/environmental-approach\/","og_site_name":"Ch\u00e2teau Lafargue - Pessac L\u00e9ognan","article_modified_time":"2021-10-18T15:43:07+00:00","og_image":[{"width":1920,"height":1280,"url":"https:\/\/chateaulafargue-france.com\/wp-content\/uploads\/2020\/12\/test-home-4.jpg","type":"image\/jpeg"}],"twitter_card":"summary_large_image","twitter_misc":{"Est. reading time":"7 minutes"},"schema":{"@context":"https:\/\/schema.org","@graph":[{"@type":"WebPage","@id":"https:\/\/chateaulafargue-france.com\/en\/environmental-approach\/","url":"https:\/\/chateaulafargue-france.com\/en\/environmental-approach\/","name":"Our environmental approach - Ch\u00e2teau Lafargue - Pessac L\u00e9ognan","isPartOf":{"@id":"https:\/\/chateaulafargue-france.com\/en\/#website"},"datePublished":"2021-10-05T14:30:08+00:00","dateModified":"2021-10-18T15:43:07+00:00","description":"Ch\u00e2teau Lafargue is part of an environmentally friendly approach to protect and preserve the nature and quality of the wine-growing terroir. The estate is certified HVE Level 3","breadcrumb":{"@id":"https:\/\/chateaulafargue-france.com\/en\/environmental-approach\/#breadcrumb"},"inLanguage":"en-US","potentialAction":[{"@type":"ReadAction","target":["https:\/\/chateaulafargue-france.com\/en\/environmental-approach\/"]}]},{"@type":"BreadcrumbList","@id":"https:\/\/chateaulafargue-france.com\/en\/environmental-approach\/#breadcrumb","itemListElement":[{"@type":"ListItem","position":1,"name":"Accueil","item":"https:\/\/chateaulafargue-france.com\/en\/"},{"@type":"ListItem","position":2,"name":"Our environmental approach"}]},{"@type":"WebSite","@id":"https:\/\/chateaulafargue-france.com\/en\/#website","url":"https:\/\/chateaulafargue-france.com\/en\/","name":"Ch\u00e2teau Lafargue - Pessac L\u00e9ognan","description":"Vigneron ind\u00e9pendant","publisher":{"@id":"https:\/\/chateaulafargue-france.com\/en\/#organization"},"potentialAction":[{"@type":"SearchAction","target":{"@type":"EntryPoint","urlTemplate":"https:\/\/chateaulafargue-france.com\/en\/?s={search_term_string}"},"query-input":{"@type":"PropertyValueSpecification","valueRequired":true,"valueName":"search_term_string"}}],"inLanguage":"en-US"},{"@type":"Organization","@id":"https:\/\/chateaulafargue-france.com\/en\/#organization","name":"Chateau Lafargue","url":"https:\/\/chateaulafargue-france.com\/en\/","logo":{"@type":"ImageObject","inLanguage":"en-US","@id":"https:\/\/chateaulafargue-france.com\/en\/#\/schema\/logo\/image\/","url":"https:\/\/chateaulafargue-france.com\/wp-content\/uploads\/2020\/07\/logo-fond-noir.jpg","contentUrl":"https:\/\/chateaulafargue-france.com\/wp-content\/uploads\/2020\/07\/logo-fond-noir.jpg","width":350,"height":168,"caption":"Chateau Lafargue"},"image":{"@id":"https:\/\/chateaulafargue-france.com\/en\/#\/schema\/logo\/image\/"}}]}},"_links":{"self":[{"href":"https:\/\/chateaulafargue-france.com\/en\/wp-json\/wp\/v2\/pages\/33998","targetHints":{"allow":["GET"]}}],"collection":[{"href":"https:\/\/chateaulafargue-france.com\/en\/wp-json\/wp\/v2\/pages"}],"about":[{"href":"https:\/\/chateaulafargue-france.com\/en\/wp-json\/wp\/v2\/types\/page"}],"author":[{"embeddable":true,"href":"https:\/\/chateaulafargue-france.com\/en\/wp-json\/wp\/v2\/users\/3"}],"replies":[{"embeddable":true,"href":"https:\/\/chateaulafargue-france.com\/en\/wp-json\/wp\/v2\/comments?post=33998"}],"version-history":[{"count":0,"href":"https:\/\/chateaulafargue-france.com\/en\/wp-json\/wp\/v2\/pages\/33998\/revisions"}],"wp:attachment":[{"href":"https:\/\/chateaulafargue-france.com\/en\/wp-json\/wp\/v2\/media?parent=33998"}],"curies":[{"name":"wp","href":"https:\/\/api.w.org\/{rel}","templated":true}]}}