{"id":34007,"date":"2021-10-05T16:38:27","date_gmt":"2021-10-05T14:38:27","guid":{"rendered":"https:\/\/chateaulafargue-france.com\/vinification\/"},"modified":"2021-10-18T17:47:03","modified_gmt":"2021-10-18T15:47:03","slug":"vinification-of-wine-chateau-lafargue","status":"publish","type":"page","link":"https:\/\/chateaulafargue-france.com\/en\/vinification-of-wine-chateau-lafargue\/","title":{"rendered":"Vinification of wine"},"content":{"rendered":"\n[et_pb_section fb_built=&#8221;1&#8243; admin_label=&#8221;Hero&#8221; _builder_version=&#8221;4.4.9&#8243; background_color=&#8221;rgba(0,0,0,0.12)&#8221; background_image=&#8221;https:\/\/chateaulafargue-france.com\/wp-content\/uploads\/2020\/07\/chai03-recadr\u00e9.jpg&#8221; background_blend=&#8221;overlay&#8221; custom_margin=&#8221;|||&#8221; custom_padding=&#8221;90px||175px|||&#8221;][et_pb_row _builder_version=&#8221;3.25&#8243; background_size=&#8221;initial&#8221; background_position=&#8221;top_left&#8221; background_repeat=&#8221;repeat&#8221; custom_padding=&#8221;56px|||||&#8221;][et_pb_column type=&#8221;4_4&#8243; _builder_version=&#8221;3.25&#8243; custom_padding=&#8221;|||&#8221; custom_padding__hover=&#8221;|||&#8221;][et_pb_text admin_label=&#8221;Title&#8221; _builder_version=&#8221;4.4.9&#8243; header_font=&#8221;Lora||||||||&#8221; header_text_align=&#8221;center&#8221; header_text_color=&#8221;#ffffff&#8221; header_font_size=&#8221;46px&#8221; animation_style=&#8221;fade&#8221;]<h1>Wine&#8217;s vinification<\/h1>[\/et_pb_text][\/et_pb_column][\/et_pb_row][\/et_pb_section][et_pb_section fb_built=&#8221;1&#8243; custom_padding_last_edited=&#8221;on|desktop&#8221; admin_label=&#8221;About Recipe&#8221; _builder_version=&#8221;4.4.9&#8243; background_enable_image=&#8221;off&#8221; background_size=&#8221;contain&#8221; custom_padding=&#8221;18px|0px|15px|0px||&#8221; custom_padding_tablet=&#8221;||0px|&#8221; custom_padding_phone=&#8221;&#8221;][et_pb_row _builder_version=&#8221;4.4.9&#8243;][et_pb_column type=&#8221;4_4&#8243; _builder_version=&#8221;4.4.9&#8243;][et_pb_text _builder_version=&#8221;4.4.9&#8243; text_orientation=&#8221;center&#8221;]<p>&#8220;To please, to rejoice, to move, not to weary\u2026To reveal the inimitable genius of the source&#8221;.<\/p>\r\n<p style=\"text-align: center;\"><em>To vinify is to guide the natural phenomenon of the transformation of grapes into wine, intervening as little as possible but skilfully, with a view to achieving the desired aesthetic objective.<\/em><\/p>[\/et_pb_text][\/et_pb_column][\/et_pb_row][et_pb_row column_structure=&#8221;3_5,2_5&#8243; use_custom_gutter=&#8221;on&#8221; gutter_width=&#8221;4&#8243; admin_label=&#8221;Recipe Introduction Row&#8221; _builder_version=&#8221;4.4.9&#8243; custom_padding=&#8221;|||&#8221;][et_pb_column type=&#8221;3_5&#8243; _builder_version=&#8221;3.25&#8243; custom_padding=&#8221;|||&#8221; custom_padding__hover=&#8221;|||&#8221;][et_pb_text admin_label=&#8221;Title&#8221; _builder_version=&#8221;4.4.9&#8243; text_font=&#8221;Lora|||||on|||&#8221; text_text_color=&#8221;#1e1e1e&#8221; text_font_size=&#8221;26px&#8221; text_line_height=&#8221;1.8em&#8221; header_font=&#8221;||||||||&#8221; header_2_font=&#8221;|||on|||||&#8221; header_3_font=&#8221;Lora|||||on|||&#8221; header_3_font_size=&#8221;36px&#8221; header_3_line_height=&#8221;1.4em&#8221; custom_margin=&#8221;||15px|&#8221; animation_style=&#8221;fold&#8221; animation_direction=&#8221;left&#8221; animation_intensity_fold=&#8221;5%&#8221; animation_starting_opacity=&#8221;100%&#8221;]<h2>Fermentation of red wines<\/h2>[\/et_pb_text][et_pb_divider color=&#8221;#b17f23&#8243; divider_weight=&#8221;2px&#8221; _builder_version=&#8221;4.4.9&#8243; max_width=&#8221;80px&#8221; max_width_tablet=&#8221;150px&#8221; max_width_phone=&#8221;150px&#8221; max_width_last_edited=&#8221;off|desktop&#8221; animation_style=&#8221;fold&#8221; animation_direction=&#8221;left&#8221; animation_intensity_fold=&#8221;5%&#8221; animation_starting_opacity=&#8221;100%&#8221;][\/et_pb_divider][et_pb_text _builder_version=&#8221;4.4.9&#8243; text_font=&#8221;|500|||||||&#8221; text_font_size=&#8221;16px&#8221; text_line_height=&#8221;1.8em&#8221; animation_style=&#8221;fold&#8221; animation_direction=&#8221;left&#8221; animation_intensity_fold=&#8221;5%&#8221; animation_starting_opacity=&#8221;100%&#8221;]<p>For our red wines, the grapes are harvested mechanically and undergo selection on a sorting table. The berries then go directly into the vat for a 2 to 3 day pre-fermentation maceration.<br>This is followed by alcoholic fermentation for about ten days. <br>In this biochemical process, the sugar is transformed into alcohol by the action of saccharomyces yeasts. <br>These are naturally present on the grapes\u2019 skins, and we also add some selected yeasts, at controlled temperatures.<\/p>[\/et_pb_text][et_pb_text _builder_version=&#8221;4.4.9&#8243; text_font=&#8221;|500|||||||&#8221; text_font_size=&#8221;16px&#8221; text_line_height=&#8221;1.8em&#8221; custom_margin=&#8221;||4px|||&#8221; animation_style=&#8221;fold&#8221; animation_direction=&#8221;left&#8221; animation_intensity_fold=&#8221;5%&#8221; animation_starting_opacity=&#8221;100%&#8221;]<h3>Vinification method<\/h3>\r\n<p>During the entire process, from maceration to the end of alcoholic fermentation, a daily pumping over is carried out to enrich the wine with the tannins and anthocyanins as well as the flavours present in the skins and seeds.<\/p>\r\n<p>Tannin: an organic substance present in the skin and seeds of the grape, which helps to preserve the wine.<br>Anthocyanins: pigments that give colour to wine.<\/p>\r\n<p>The next stage is microoxygenation. . This stage lasts one to two weeks and aims to soften the tannins and obtain better stability of the colouring matter.<\/p>\r\n<p>&nbsp;<\/p>[\/et_pb_text][et_pb_text _builder_version=&#8221;4.4.9&#8243; text_font=&#8221;|500|||||||&#8221; text_font_size=&#8221;16px&#8221; text_line_height=&#8221;1.8em&#8221; animation_style=&#8221;fold&#8221; animation_direction=&#8221;left&#8221; animation_intensity_fold=&#8221;5%&#8221; animation_starting_opacity=&#8221;100%&#8221;]<h3>Malolactic fermentation<\/h3>\r\n<p>Aftre this, the wine is separated from the grape residues.<br>This is when malolactic fermentation occurs, transforming the malic acid from the grapes into lactic acid. The effect is not as dramatic as that of alcoholic fermentation. It enables a de-acidification and stabilization of the wine.<\/p>\r\n<p>In Bordeaux, malolactic fermentation traditionally only concerns red wines.<\/p>\r\n<p>Our Cuv\u00e9e Traditionelle is aged for 12 months in French oak barrels.<br>For the Cuv\u00e9e Prestige the ageing period is 16 to 18 months.<br>The winemaker \u201caccompanies\u201d this transformation.<\/p>[\/et_pb_text][\/et_pb_column][et_pb_column type=&#8221;2_5&#8243; _builder_version=&#8221;3.25&#8243; custom_padding=&#8221;|||&#8221; custom_padding__hover=&#8221;|||&#8221;][et_pb_image src=&#8221;https:\/\/chateaulafargue-france.com\/wp-content\/uploads\/2020\/11\/vinification-1.jpg&#8221; title_text=&#8221;vinification 1&#8243; force_fullwidth=&#8221;on&#8221; align_tablet=&#8221;center&#8221; align_phone=&#8221;&#8221; align_last_edited=&#8221;on|desktop&#8221; _builder_version=&#8221;4.4.9&#8243; animation_style=&#8221;slide&#8221; animation_direction=&#8221;right&#8221; animation_intensity_slide=&#8221;5%&#8221; animation_starting_opacity=&#8221;100%&#8221; hover_enabled=&#8221;0&#8243; box_shadow_style=&#8221;preset2&#8243; alt=&#8221;vinification chateau lafargue&#8221;][\/et_pb_image][\/et_pb_column][\/et_pb_row][et_pb_row column_structure=&#8221;2_5,3_5&#8243; admin_label=&#8221;Recipe Introduction Row&#8221; _builder_version=&#8221;3.25&#8243; custom_margin=&#8221;41px|auto||auto||&#8221; custom_padding=&#8221;|||&#8221;][et_pb_column type=&#8221;2_5&#8243; _builder_version=&#8221;3.25&#8243; custom_padding=&#8221;|||&#8221; custom_padding__hover=&#8221;|||&#8221;][et_pb_image src=&#8221;https:\/\/chateaulafargue-france.com\/wp-content\/uploads\/2020\/11\/vinification-2.jpg&#8221; title_text=&#8221;vinification 2&#8243; force_fullwidth=&#8221;on&#8221; align_tablet=&#8221;center&#8221; align_phone=&#8221;&#8221; align_last_edited=&#8221;on|desktop&#8221; _builder_version=&#8221;4.4.9&#8243; animation_style=&#8221;slide&#8221; animation_direction=&#8221;right&#8221; animation_intensity_slide=&#8221;5%&#8221; animation_starting_opacity=&#8221;100%&#8221; hover_enabled=&#8221;0&#8243; alt=&#8221;vinification chateau lafargue&#8221;][\/et_pb_image][\/et_pb_column][et_pb_column type=&#8221;3_5&#8243; _builder_version=&#8221;4.4.9&#8243;][et_pb_text admin_label=&#8221;Title&#8221; _builder_version=&#8221;4.4.9&#8243; text_font=&#8221;Lora|||||on|||&#8221; text_text_color=&#8221;#1e1e1e&#8221; text_font_size=&#8221;26px&#8221; text_line_height=&#8221;1.8em&#8221; header_font=&#8221;||||||||&#8221; header_2_font=&#8221;|||on|||||&#8221; header_3_font=&#8221;Lora|||||on|||&#8221; header_3_font_size=&#8221;36px&#8221; header_3_line_height=&#8221;1.4em&#8221; custom_margin=&#8221;||15px|&#8221; animation_style=&#8221;fold&#8221; animation_direction=&#8221;left&#8221; animation_intensity_fold=&#8221;5%&#8221; animation_starting_opacity=&#8221;100%&#8221;]<h2>Fermentation of white wines<\/h2>[\/et_pb_text][et_pb_divider color=&#8221;#b17f23&#8243; divider_weight=&#8221;2px&#8221; _builder_version=&#8221;4.4.9&#8243; max_width=&#8221;80px&#8221; max_width_tablet=&#8221;150px&#8221; max_width_phone=&#8221;150px&#8221; max_width_last_edited=&#8221;off|desktop&#8221; animation_style=&#8221;fold&#8221; animation_direction=&#8221;left&#8221; animation_intensity_fold=&#8221;5%&#8221; animation_starting_opacity=&#8221;100%&#8221;][\/et_pb_divider][et_pb_text _builder_version=&#8221;4.4.9&#8243; text_font=&#8221;Lato|500|||||||&#8221; text_text_color=&#8221;#1e1e1e&#8221; text_font_size=&#8221;16px&#8221; text_line_height=&#8221;1.8em&#8221; animation_style=&#8221;fold&#8221; animation_direction=&#8221;left&#8221; animation_intensity_fold=&#8221;5%&#8221; animation_starting_opacity=&#8221;100%&#8221;]<p>For our white wines, the grapes are harvested manually, sometimes with successive rounds of picking, depending on the ripening conditions.<br>After de-stemming (separation of the grapes from the bunch), the juice and berries undergo skin maceration in vats at a low temperature. This takes place on the day of harvest and continues overnight.<\/p>\r\n<p>In the morning, the juice is drained (separation of juice and residues) and placed in a cold room to settle (a natural clarification process).<br>The young Sauvignon Gris is treated differently and pressed immediately after harvesting to retain its freshness and acidity.<br>The juices are then kept for a few days at a temperature of 5-6 \u00b0C. This low-temperature holding period enables the must to develop more body.<\/p>[\/et_pb_text][et_pb_text _builder_version=&#8221;4.4.9&#8243; text_font=&#8221;Lato|500|||||||&#8221; text_text_color=&#8221;#1e1e1e&#8221; text_font_size=&#8221;16px&#8221; text_line_height=&#8221;1.8em&#8221; header_4_font=&#8221;Lato|700|||||||&#8221; animation_style=&#8221;fold&#8221; animation_direction=&#8221;left&#8221; animation_intensity_fold=&#8221;5%&#8221; animation_starting_opacity=&#8221;100%&#8221;]<h3>Transfer to oak barrels<\/h3>\r\n<p>Next comes entonnage (transfer to barrels), and the addition of yeast for alcoholic fermentation. The must is stirred so that the lees are kept in suspension in the barrel, and the barrels are topped up to reduce oxidation.<\/p>\r\n<p>These operations are carried out every day for two weeks, then every other day for one to two months, then once a week and finally once a month depending on how the wine tastes.<br>The wines remain in barrels for 9 to 10 months before being transferred to vats for the final blending.<\/p>[\/et_pb_text][\/et_pb_column][\/et_pb_row][\/et_pb_section][et_pb_section fb_built=&#8221;1&#8243; admin_label=&#8221;Featured Recipe Section&#8221; _builder_version=&#8221;4.4.9&#8243; background_image=&#8221;https:\/\/chateaulafargue-france.com\/wp-content\/uploads\/2020\/07\/image-mobile.jpg&#8221; custom_padding=&#8221;90px|0px|90px|0px&#8221;][et_pb_row column_structure=&#8221;1_2,1_2&#8243; _builder_version=&#8221;3.25&#8243; custom_margin=&#8221;|||&#8221; custom_padding=&#8221;|||&#8221; animation_style=&#8221;fade&#8221;][et_pb_column type=&#8221;1_2&#8243; _builder_version=&#8221;3.25&#8243; custom_padding=&#8221;|||&#8221; custom_padding__hover=&#8221;|||&#8221;][\/et_pb_column][et_pb_column type=&#8221;1_2&#8243; _builder_version=&#8221;3.25&#8243; background_color=&#8221;#ffffff&#8221; custom_padding=&#8221;30px|45px|30px|45px&#8221; custom_padding_tablet=&#8221;&#8221; custom_padding_phone=&#8221;30px|30px|30px|30px&#8221; custom_padding_last_edited=&#8221;on|desktop&#8221; padding_phone=&#8221;30px|30px|30px|30px&#8221; padding_last_edited=&#8221;on|desktop&#8221; custom_padding__hover=&#8221;|||&#8221;][et_pb_text _builder_version=&#8221;4.4.9&#8243; text_font=&#8221;Lato|500||on|||||&#8221; text_text_color=&#8221;#b17f23&#8243; text_font_size=&#8221;12px&#8221; custom_margin=&#8221;|||&#8221; animation_style=&#8221;fade&#8221;]<p>Ch\u00e2teau Lafargue<\/p>[\/et_pb_text][et_pb_text _builder_version=&#8221;4.4.9&#8243; header_font=&#8221;||||||||&#8221; header_2_font=&#8221;Lora||||||||&#8221; header_2_font_size=&#8221;36px&#8221; header_2_line_height=&#8221;1.3em&#8221; animation_style=&#8221;fade&#8221;]<h3>Would you like to know more about our wines?<\/h3>[\/et_pb_text][et_pb_text _builder_version=&#8221;4.4.9&#8243; text_font=&#8221;||||||||&#8221; text_text_color=&#8221;#1e1e1e&#8221; text_line_height=&#8221;1.8em&#8221; animation_style=&#8221;fade&#8221;]<p>See our \u201cCuv\u00e9es\u201d page dedicated to our red wines and our exceptional white wine.<\/p>[\/et_pb_text][et_pb_button button_url=&#8221;https:\/\/chateaulafargue-france.com\/en\/chateau-lafargues-wines\/&#8221; button_text=&#8221;CUV\u00e9es&#8221; button_alignment=&#8221;right&#8221; _builder_version=&#8221;4.4.9&#8243; custom_button=&#8221;on&#8221; button_text_size=&#8221;16px&#8221; button_bg_color=&#8221;#b17f23&#8243; button_border_width=&#8221;8px&#8221; button_border_color=&#8221;#b17f23&#8243; button_border_radius=&#8221;3px&#8221; button_font=&#8221;Lato|500||on|||||&#8221; button_use_icon=&#8221;off&#8221; background_layout=&#8221;dark&#8221; animation_style=&#8221;fade&#8221; button_text_size__hover_enabled=&#8221;off&#8221; button_one_text_size__hover_enabled=&#8221;off&#8221; button_two_text_size__hover_enabled=&#8221;off&#8221; button_text_color__hover_enabled=&#8221;off&#8221; button_one_text_color__hover_enabled=&#8221;off&#8221; button_two_text_color__hover_enabled=&#8221;off&#8221; button_border_width__hover_enabled=&#8221;off&#8221; button_one_border_width__hover_enabled=&#8221;off&#8221; button_two_border_width__hover_enabled=&#8221;off&#8221; button_border_color__hover_enabled=&#8221;off&#8221; button_one_border_color__hover_enabled=&#8221;off&#8221; button_two_border_color__hover_enabled=&#8221;off&#8221; button_border_radius__hover_enabled=&#8221;off&#8221; button_one_border_radius__hover_enabled=&#8221;off&#8221; button_two_border_radius__hover_enabled=&#8221;off&#8221; button_letter_spacing__hover_enabled=&#8221;off&#8221; button_one_letter_spacing__hover_enabled=&#8221;off&#8221; button_two_letter_spacing__hover_enabled=&#8221;off&#8221; button_bg_color__hover_enabled=&#8221;off&#8221; button_one_bg_color__hover_enabled=&#8221;off&#8221; button_two_bg_color__hover_enabled=&#8221;off&#8221;][\/et_pb_button][\/et_pb_column][\/et_pb_row][\/et_pb_section]\n","protected":false},"excerpt":{"rendered":"<p>Wine&#8217;s vinification&#8221;To please, to rejoice, to move, not to weary\u2026To reveal the inimitable genius of the source&#8221;. To vinify is to guide the natural phenomenon of the transformation of grapes into wine, intervening as little as possible but skilfully, with a view to achieving the desired aesthetic objective.Fermentation of red winesFor our red wines, the [&hellip;]<\/p>\n","protected":false},"author":3,"featured_media":0,"parent":0,"menu_order":0,"comment_status":"closed","ping_status":"closed","template":"","meta":{"_et_pb_use_builder":"on","_et_pb_old_content":"","_et_gb_content_width":"","footnotes":""},"class_list":["post-34007","page","type-page","status-publish","hentry"],"yoast_head":"<!-- This site is optimized with the Yoast SEO plugin v27.4 - https:\/\/yoast.com\/product\/yoast-seo-wordpress\/ -->\n<title>Vinification of wine - Ch\u00e2teau Lafargue - Pessac L\u00e9ognan<\/title>\n<meta name=\"description\" content=\"The vinification of the wine is a major part in the work of the Ch\u00e2teau Lafargue\u2019s winemakers.Red wines or white wines :explanation of our winemaking methods\" \/>\n<meta name=\"robots\" content=\"index, follow, max-snippet:-1, max-image-preview:large, max-video-preview:-1\" \/>\n<link rel=\"canonical\" href=\"https:\/\/chateaulafargue-france.com\/en\/vinification-of-wine-chateau-lafargue\/\" \/>\n<meta property=\"og:locale\" content=\"en_US\" \/>\n<meta property=\"og:type\" content=\"article\" \/>\n<meta property=\"og:title\" content=\"Vinification of wine - Ch\u00e2teau Lafargue - Pessac L\u00e9ognan\" \/>\n<meta property=\"og:description\" content=\"The vinification of the wine is a major part in the work of the Ch\u00e2teau Lafargue\u2019s winemakers.Red wines or white wines :explanation of our winemaking methods\" \/>\n<meta property=\"og:url\" content=\"https:\/\/chateaulafargue-france.com\/en\/vinification-of-wine-chateau-lafargue\/\" \/>\n<meta property=\"og:site_name\" content=\"Ch\u00e2teau Lafargue - Pessac L\u00e9ognan\" \/>\n<meta property=\"article:modified_time\" content=\"2021-10-18T15:47:03+00:00\" \/>\n<meta property=\"og:image\" content=\"https:\/\/chateaulafargue-france.com\/wp-content\/uploads\/2020\/12\/test-home-4.jpg\" \/>\n\t<meta property=\"og:image:width\" content=\"1920\" \/>\n\t<meta property=\"og:image:height\" content=\"1280\" \/>\n\t<meta property=\"og:image:type\" content=\"image\/jpeg\" \/>\n<meta name=\"twitter:card\" content=\"summary_large_image\" \/>\n<meta name=\"twitter:label1\" content=\"Est. reading time\" \/>\n\t<meta name=\"twitter:data1\" content=\"8 minutes\" \/>\n<script type=\"application\/ld+json\" class=\"yoast-schema-graph\">{\"@context\":\"https:\\\/\\\/schema.org\",\"@graph\":[{\"@type\":\"WebPage\",\"@id\":\"https:\\\/\\\/chateaulafargue-france.com\\\/en\\\/vinification-of-wine-chateau-lafargue\\\/\",\"url\":\"https:\\\/\\\/chateaulafargue-france.com\\\/en\\\/vinification-of-wine-chateau-lafargue\\\/\",\"name\":\"Vinification of wine - Ch\u00e2teau Lafargue - Pessac L\u00e9ognan\",\"isPartOf\":{\"@id\":\"https:\\\/\\\/chateaulafargue-france.com\\\/en\\\/#website\"},\"datePublished\":\"2021-10-05T14:38:27+00:00\",\"dateModified\":\"2021-10-18T15:47:03+00:00\",\"description\":\"The vinification of the wine is a major part in the work of the Ch\u00e2teau Lafargue\u2019s winemakers.Red wines or white wines :explanation of our winemaking methods\",\"breadcrumb\":{\"@id\":\"https:\\\/\\\/chateaulafargue-france.com\\\/en\\\/vinification-of-wine-chateau-lafargue\\\/#breadcrumb\"},\"inLanguage\":\"en-US\",\"potentialAction\":[{\"@type\":\"ReadAction\",\"target\":[\"https:\\\/\\\/chateaulafargue-france.com\\\/en\\\/vinification-of-wine-chateau-lafargue\\\/\"]}]},{\"@type\":\"BreadcrumbList\",\"@id\":\"https:\\\/\\\/chateaulafargue-france.com\\\/en\\\/vinification-of-wine-chateau-lafargue\\\/#breadcrumb\",\"itemListElement\":[{\"@type\":\"ListItem\",\"position\":1,\"name\":\"Accueil\",\"item\":\"https:\\\/\\\/chateaulafargue-france.com\\\/en\\\/\"},{\"@type\":\"ListItem\",\"position\":2,\"name\":\"Vinification of wine\"}]},{\"@type\":\"WebSite\",\"@id\":\"https:\\\/\\\/chateaulafargue-france.com\\\/en\\\/#website\",\"url\":\"https:\\\/\\\/chateaulafargue-france.com\\\/en\\\/\",\"name\":\"Ch\u00e2teau Lafargue - Pessac L\u00e9ognan\",\"description\":\"Vigneron ind\u00e9pendant\",\"publisher\":{\"@id\":\"https:\\\/\\\/chateaulafargue-france.com\\\/en\\\/#organization\"},\"potentialAction\":[{\"@type\":\"SearchAction\",\"target\":{\"@type\":\"EntryPoint\",\"urlTemplate\":\"https:\\\/\\\/chateaulafargue-france.com\\\/en\\\/?s={search_term_string}\"},\"query-input\":{\"@type\":\"PropertyValueSpecification\",\"valueRequired\":true,\"valueName\":\"search_term_string\"}}],\"inLanguage\":\"en-US\"},{\"@type\":\"Organization\",\"@id\":\"https:\\\/\\\/chateaulafargue-france.com\\\/en\\\/#organization\",\"name\":\"Chateau Lafargue\",\"url\":\"https:\\\/\\\/chateaulafargue-france.com\\\/en\\\/\",\"logo\":{\"@type\":\"ImageObject\",\"inLanguage\":\"en-US\",\"@id\":\"https:\\\/\\\/chateaulafargue-france.com\\\/en\\\/#\\\/schema\\\/logo\\\/image\\\/\",\"url\":\"https:\\\/\\\/chateaulafargue-france.com\\\/wp-content\\\/uploads\\\/2020\\\/07\\\/logo-fond-noir.jpg\",\"contentUrl\":\"https:\\\/\\\/chateaulafargue-france.com\\\/wp-content\\\/uploads\\\/2020\\\/07\\\/logo-fond-noir.jpg\",\"width\":350,\"height\":168,\"caption\":\"Chateau Lafargue\"},\"image\":{\"@id\":\"https:\\\/\\\/chateaulafargue-france.com\\\/en\\\/#\\\/schema\\\/logo\\\/image\\\/\"}}]}<\/script>\n<!-- \/ Yoast SEO plugin. -->","yoast_head_json":{"title":"Vinification of wine - Ch\u00e2teau Lafargue - Pessac L\u00e9ognan","description":"The vinification of the wine is a major part in the work of the Ch\u00e2teau Lafargue\u2019s winemakers.Red wines or white wines :explanation of our winemaking methods","robots":{"index":"index","follow":"follow","max-snippet":"max-snippet:-1","max-image-preview":"max-image-preview:large","max-video-preview":"max-video-preview:-1"},"canonical":"https:\/\/chateaulafargue-france.com\/en\/vinification-of-wine-chateau-lafargue\/","og_locale":"en_US","og_type":"article","og_title":"Vinification of wine - Ch\u00e2teau Lafargue - Pessac L\u00e9ognan","og_description":"The vinification of the wine is a major part in the work of the Ch\u00e2teau Lafargue\u2019s winemakers.Red wines or white wines :explanation of our winemaking methods","og_url":"https:\/\/chateaulafargue-france.com\/en\/vinification-of-wine-chateau-lafargue\/","og_site_name":"Ch\u00e2teau Lafargue - Pessac L\u00e9ognan","article_modified_time":"2021-10-18T15:47:03+00:00","og_image":[{"width":1920,"height":1280,"url":"https:\/\/chateaulafargue-france.com\/wp-content\/uploads\/2020\/12\/test-home-4.jpg","type":"image\/jpeg"}],"twitter_card":"summary_large_image","twitter_misc":{"Est. reading time":"8 minutes"},"schema":{"@context":"https:\/\/schema.org","@graph":[{"@type":"WebPage","@id":"https:\/\/chateaulafargue-france.com\/en\/vinification-of-wine-chateau-lafargue\/","url":"https:\/\/chateaulafargue-france.com\/en\/vinification-of-wine-chateau-lafargue\/","name":"Vinification of wine - Ch\u00e2teau Lafargue - Pessac L\u00e9ognan","isPartOf":{"@id":"https:\/\/chateaulafargue-france.com\/en\/#website"},"datePublished":"2021-10-05T14:38:27+00:00","dateModified":"2021-10-18T15:47:03+00:00","description":"The vinification of the wine is a major part in the work of the Ch\u00e2teau Lafargue\u2019s winemakers.Red wines or white wines :explanation of our winemaking methods","breadcrumb":{"@id":"https:\/\/chateaulafargue-france.com\/en\/vinification-of-wine-chateau-lafargue\/#breadcrumb"},"inLanguage":"en-US","potentialAction":[{"@type":"ReadAction","target":["https:\/\/chateaulafargue-france.com\/en\/vinification-of-wine-chateau-lafargue\/"]}]},{"@type":"BreadcrumbList","@id":"https:\/\/chateaulafargue-france.com\/en\/vinification-of-wine-chateau-lafargue\/#breadcrumb","itemListElement":[{"@type":"ListItem","position":1,"name":"Accueil","item":"https:\/\/chateaulafargue-france.com\/en\/"},{"@type":"ListItem","position":2,"name":"Vinification of wine"}]},{"@type":"WebSite","@id":"https:\/\/chateaulafargue-france.com\/en\/#website","url":"https:\/\/chateaulafargue-france.com\/en\/","name":"Ch\u00e2teau Lafargue - Pessac L\u00e9ognan","description":"Vigneron ind\u00e9pendant","publisher":{"@id":"https:\/\/chateaulafargue-france.com\/en\/#organization"},"potentialAction":[{"@type":"SearchAction","target":{"@type":"EntryPoint","urlTemplate":"https:\/\/chateaulafargue-france.com\/en\/?s={search_term_string}"},"query-input":{"@type":"PropertyValueSpecification","valueRequired":true,"valueName":"search_term_string"}}],"inLanguage":"en-US"},{"@type":"Organization","@id":"https:\/\/chateaulafargue-france.com\/en\/#organization","name":"Chateau Lafargue","url":"https:\/\/chateaulafargue-france.com\/en\/","logo":{"@type":"ImageObject","inLanguage":"en-US","@id":"https:\/\/chateaulafargue-france.com\/en\/#\/schema\/logo\/image\/","url":"https:\/\/chateaulafargue-france.com\/wp-content\/uploads\/2020\/07\/logo-fond-noir.jpg","contentUrl":"https:\/\/chateaulafargue-france.com\/wp-content\/uploads\/2020\/07\/logo-fond-noir.jpg","width":350,"height":168,"caption":"Chateau Lafargue"},"image":{"@id":"https:\/\/chateaulafargue-france.com\/en\/#\/schema\/logo\/image\/"}}]}},"_links":{"self":[{"href":"https:\/\/chateaulafargue-france.com\/en\/wp-json\/wp\/v2\/pages\/34007","targetHints":{"allow":["GET"]}}],"collection":[{"href":"https:\/\/chateaulafargue-france.com\/en\/wp-json\/wp\/v2\/pages"}],"about":[{"href":"https:\/\/chateaulafargue-france.com\/en\/wp-json\/wp\/v2\/types\/page"}],"author":[{"embeddable":true,"href":"https:\/\/chateaulafargue-france.com\/en\/wp-json\/wp\/v2\/users\/3"}],"replies":[{"embeddable":true,"href":"https:\/\/chateaulafargue-france.com\/en\/wp-json\/wp\/v2\/comments?post=34007"}],"version-history":[{"count":0,"href":"https:\/\/chateaulafargue-france.com\/en\/wp-json\/wp\/v2\/pages\/34007\/revisions"}],"wp:attachment":[{"href":"https:\/\/chateaulafargue-france.com\/en\/wp-json\/wp\/v2\/media?parent=34007"}],"curies":[{"name":"wp","href":"https:\/\/api.w.org\/{rel}","templated":true}]}}