{"id":34027,"date":"2021-10-05T17:21:30","date_gmt":"2021-10-05T15:21:30","guid":{"rendered":"https:\/\/chateaulafargue-france.com\/medals\/"},"modified":"2023-05-31T10:55:46","modified_gmt":"2023-05-31T08:55:46","slug":"medals","status":"publish","type":"page","link":"https:\/\/chateaulafargue-france.com\/en\/medals\/","title":{"rendered":"Medals"},"content":{"rendered":"<p>[et_pb_section fb_built=&#8221;1&#8243; admin_label=&#8221;Hero&#8221; _builder_version=&#8221;4.16&#8243; background_color=&#8221;rgba(0,0,0,0.12)&#8221; background_image=&#8221;https:\/\/chateaulafargue-france.com\/wp-content\/uploads\/2020\/07\/chai03-recadr\u00e9.jpg&#8221; background_blend=&#8221;overlay&#8221; custom_margin=&#8221;|||&#8221; custom_padding=&#8221;90px||175px|||&#8221; global_colors_info=&#8221;{}&#8221;][et_pb_row _builder_version=&#8221;4.16&#8243; background_size=&#8221;initial&#8221; background_position=&#8221;top_left&#8221; background_repeat=&#8221;repeat&#8221; custom_padding=&#8221;56px|||||&#8221; global_colors_info=&#8221;{}&#8221;][et_pb_column type=&#8221;4_4&#8243; _builder_version=&#8221;4.16&#8243; custom_padding=&#8221;|||&#8221; global_colors_info=&#8221;{}&#8221; custom_padding__hover=&#8221;|||&#8221;][et_pb_text admin_label=&#8221;Title&#8221; _builder_version=&#8221;4.16&#8243; header_font=&#8221;Lora||||||||&#8221; header_text_align=&#8221;center&#8221; header_text_color=&#8221;#ffffff&#8221; header_font_size=&#8221;46px&#8221; animation_style=&#8221;fade&#8221; global_colors_info=&#8221;{}&#8221;]<\/p>\n<h1>Our medal-winning wines<\/h1>\n<p>[\/et_pb_text][\/et_pb_column][\/et_pb_row][\/et_pb_section][et_pb_section fb_built=&#8221;1&#8243; custom_padding_last_edited=&#8221;on|desktop&#8221; admin_label=&#8221;About Recipe&#8221; _builder_version=&#8221;4.16&#8243; background_enable_image=&#8221;off&#8221; background_size=&#8221;contain&#8221; custom_padding=&#8221;18px|0px|90px|0px||&#8221; custom_padding_tablet=&#8221;||0px|&#8221; custom_padding_phone=&#8221;&#8221; global_colors_info=&#8221;{}&#8221;][et_pb_row column_structure=&#8221;3_5,2_5&#8243; use_custom_gutter=&#8221;on&#8221; gutter_width=&#8221;4&#8243; admin_label=&#8221;Recipe Introduction Row&#8221; _builder_version=&#8221;4.16&#8243; custom_padding=&#8221;|||&#8221; global_colors_info=&#8221;{}&#8221;][et_pb_column type=&#8221;3_5&#8243; _builder_version=&#8221;4.16&#8243; custom_padding=&#8221;|||&#8221; global_colors_info=&#8221;{}&#8221; custom_padding__hover=&#8221;|||&#8221;][et_pb_text admin_label=&#8221;Title&#8221; _builder_version=&#8221;4.16&#8243; text_font=&#8221;Lora|||||on|||&#8221; text_text_color=&#8221;#1e1e1e&#8221; text_font_size=&#8221;26px&#8221; text_line_height=&#8221;1.8em&#8221; header_font=&#8221;||||||||&#8221; header_2_font=&#8221;|||on|||||&#8221; header_3_font=&#8221;Lora|||||on|||&#8221; header_3_font_size=&#8221;36px&#8221; header_3_line_height=&#8221;1.4em&#8221; custom_margin=&#8221;||15px|&#8221; animation_style=&#8221;fold&#8221; animation_direction=&#8221;left&#8221; animation_intensity_fold=&#8221;5%&#8221; animation_starting_opacity=&#8221;100%&#8221; global_colors_info=&#8221;{}&#8221;]<\/p>\n<h2>Medals<\/h2>\n<h2><span style=\"text-transform: Uppercase;\" data-mce-style=\"text-transform: Uppercase;\">Ch\u00e2teau Lafargue<\/span><\/h2>\n<p>[\/et_pb_text][et_pb_divider color=&#8221;#b17f23&#8243; divider_weight=&#8221;2px&#8221; _builder_version=&#8221;4.16&#8243; max_width=&#8221;80px&#8221; max_width_tablet=&#8221;150px&#8221; max_width_phone=&#8221;150px&#8221; max_width_last_edited=&#8221;off|desktop&#8221; animation_style=&#8221;fold&#8221; animation_direction=&#8221;left&#8221; animation_intensity_fold=&#8221;5%&#8221; animation_starting_opacity=&#8221;100%&#8221; global_colors_info=&#8221;{}&#8221;][\/et_pb_divider][et_pb_text _builder_version=&#8221;4.16&#8243; text_font=&#8221;Lato|500|||||||&#8221; text_text_color=&#8221;#1e1e1e&#8221; text_font_size=&#8221;16px&#8221; text_line_height=&#8221;1.8em&#8221; animation_style=&#8221;fold&#8221; animation_direction=&#8221;left&#8221; animation_intensity_fold=&#8221;5%&#8221; animation_starting_opacity=&#8221;100%&#8221; global_colors_info=&#8221;{}&#8221;]<\/p>\n<p>Ch\u00e2teau Lafargue\u2019s wines regularly receive awards from the wine trade, serving as recognition of our team\u2019s ongoing commitment to quality.&nbsp;<\/p>\n<p>[\/et_pb_text][\/et_pb_column][et_pb_column type=&#8221;2_5&#8243; _builder_version=&#8221;4.16&#8243; custom_padding=&#8221;|||&#8221; global_colors_info=&#8221;{}&#8221; custom_padding__hover=&#8221;|||&#8221;][et_pb_image src=&#8221;https:\/\/chateaulafargue-france.com\/wp-content\/uploads\/2020\/11\/chateau-lafargue_concours-bruxelles.jpg&#8221; alt=&#8221;chateau-lafargue_concours-bruxelles&#8221; title_text=&#8221;chateau-lafargue_concours-bruxelles&#8221; force_fullwidth=&#8221;on&#8221; align_tablet=&#8221;center&#8221; align_phone=&#8221;&#8221; align_last_edited=&#8221;on|desktop&#8221; _builder_version=&#8221;4.16&#8243; animation_style=&#8221;slide&#8221; animation_direction=&#8221;right&#8221; animation_intensity_slide=&#8221;5%&#8221; animation_starting_opacity=&#8221;100%&#8221; box_shadow_style=&#8221;preset2&#8243; global_colors_info=&#8221;{}&#8221;][\/et_pb_image][\/et_pb_column][\/et_pb_row][et_pb_row column_structure=&#8221;1_2,1_2&#8243; _builder_version=&#8221;4.16&#8243; global_colors_info=&#8221;{}&#8221;][et_pb_column type=&#8221;1_2&#8243; _builder_version=&#8221;4.16&#8243; global_colors_info=&#8221;{}&#8221;][et_pb_text _builder_version=&#8221;4.16&#8243; global_colors_info=&#8221;{}&#8221;]<\/p>\n<h2>&#8220;2Vintages \/ Red<\/h2>\n<p><strong>Ch\u00e2teau Lafargue red 2000<\/strong><br \/>2 stars Hachette Guide 2004<br \/>Silver Medal at the 2003 Independent Winegrowers of France Competition<\/p>\n<p><strong>Ch\u00e2teau Lafargue red 2001<\/strong><br \/>Gold Medal at the 2004 Independent Winegrowers of France Competition<\/p>\n<p><strong>Ch\u00e2teau Lafargue red 2002<\/strong><br \/>Mention in Hachette Guide 2006<\/p>\n<p><strong>Ch\u00e2teau Lafargue red 2003<\/strong><br \/>2 stars Hachette Guide 2007<br \/>Gold Medal at the 2006 Independent Winegrowers of France Competition<br \/>Bronze Medal at the 2006 M\u00e2con Competition<\/p>\n<p><strong>Ch\u00e2teau Lafargue red 2004<\/strong><br \/>Silver Medal at the 2007 Brussels Competition<br \/>2007 Vinalies Prize<\/p>\n<p><strong>Ch\u00e2teau Lafargue red 2005<\/strong><br \/>Silver Medal at the 2008 Brussels Competition<br \/>2008 Vinalies Prix d&#8217;Excellence<\/p>\n<p><strong>Ch\u00e2teau Lafargue red 2006<\/strong><br \/>Mention in Hachette Guide 2010<\/p>\n<p><strong>Ch\u00e2teau Lafargue red 2007<\/strong><br \/>Gold Medal at the 2010 Bordeaux Competition<br \/>2010 China \u201cCoup de Coeur\u201d Trophy<\/p>\n<p><strong>Ch\u00e2teau Lafargue red 2008<\/strong><br \/>Mention in Hachette Guide 2012<\/p>\n<p><strong>Ch\u00e2teau Lafargue red Prestige 2008<\/strong><br \/>2 stars Hachette Guide 2012<\/p>\n<p><strong>Ch\u00e2teau Lafargue red Prestige 2009<\/strong><br \/>1 star Hachette Guide 2013<\/p>\n<p><strong>Ch\u00e2teau Lafargue red 2010<\/strong><br \/>Silver Medal at the 2013 Brussels International Competition<\/p>\n<p><strong>Ch\u00e2teau Lafargue red Prestige 2010<\/strong><br \/>Gold Medal at the 2013 Independent Winegrowers of France Competition<br \/>Mention in Hachette Guide 2014<\/p>\n<p><strong>Ch\u00e2teau Lafargue red 2013<\/strong><br \/>Gold Medal at the 2016 Bordeaux Competition<\/p>\n<p><strong>Ch\u00e2teau Lafargue red 2014<\/strong><br \/>Silver Medal at the 2017 Brussels Competition<\/p>\n<p><strong>Ch\u00e2teau Lafargue red Prestige 2014<\/strong><br \/>Silver Medal at the Independent Winegrowers of France Competition<\/p>\n<p><strong>Ch\u00e2teau Lafargue red 2015<\/strong><br \/>Gold Medal at the 2018 Bordeaux Competition<br \/>Silver Medal at the 2018 Brussels Competition<\/p>\n<p><strong>Ch\u00e2teau Lafargue red Prestige 2015<\/strong><br \/>Gold Medal at the 2018 Brussels Competition<\/p>\n<p><strong>Dauphin de Lafargue red 2016<\/strong><br \/>Silver Medal at the 2018 Bordeaux Competition<\/p>\n<p><strong>Ch\u00e2teau Lafargue red Prestige 2016<\/strong><br \/>Silver Medal at the 2019 Independent Winegrowers of France Competition<br \/>Silver Medal at the 2019 Bordeaux Competition<br \/>Silver Medal at the 2019 Brussels Competition<br \/>3 stars Hachette Guide 2020<\/p>\n<p><strong>Ch\u00e2teau Lafargue red Prestige 2017<\/strong><br \/>1 star Hachette Guide 2021<\/p>\n<p><strong>Ch\u00e2teau Lafargue red 2018<br \/><\/strong>Silver Medal at the 2021 Bruxelles Competition<\/p>\n<p><strong>Ch\u00e2teau Lafargue red Prestige 2018<br \/><\/strong>Gold Medal at the 2021 Bruxelles Competition<br \/>Silver Medal at the 2021 Bordeaux Competition<strong><br \/><\/strong><\/p>\n<p><strong>Ch\u00e2teau Lafargue red 2019<br \/><\/strong>Silver Medal at the 2022 Bordeaux Competition<\/p>\n<p><strong>Ch\u00e2teau Lafargue red Prestige 2019<br \/><\/strong>Gold Medal at the 2022 Independent Winegrowers of France Competition<br \/>Gold Medal at the 2022 Bordeaux Competition<br \/>1 star Hachette Guide 2023<br \/>Gold Medal &#8220;<em>Concours des Vins Elle \u00e0 Table&#8221;<\/em> 2023<\/p>\n<p>&nbsp;<\/p>\n<p>[\/et_pb_text][\/et_pb_column][et_pb_column type=&#8221;1_2&#8243; _builder_version=&#8221;4.16&#8243; global_colors_info=&#8221;{}&#8221;][et_pb_text _builder_version=&#8221;4.16&#8243; global_colors_info=&#8221;{}&#8221;]<\/p>\n<h2>Vintages \/ White<\/h2>\n<p><strong>Ch\u00e2teau Lafargue white 2004<\/strong><br \/>Silver Medal at the 2006 Independent Winegrowers of France Competition<br \/>Bronze Medal at the 2006 Bordeaux Wines of Aquitaine Competition<br \/>3 stars Decanter Award<\/p>\n<p><strong>Ch\u00e2teau Lafargue white 2005<\/strong><br \/>Gold Medal at the 2007 Paris Agricultural Competition<br \/>Bronze Medal at the 2007 M\u00e2con Competition<br \/>Silver Medal at the 2007 Independent Winegrowers of France Competition<br \/>Silver Medal at the 2007 Bordeaux Wines of Aquitaine Competition<br \/>1 star Guide Hachette 2008<\/p>\n<p><strong>Ch\u00e2teau Lafargue white 2006<\/strong><br \/>Gold Medal at the 2008 Paris Agricultural Competition<br \/>Silver Medal at the 2008 Brussels Competition<\/p>\n<p><strong>Ch\u00e2teau Lafargue white 2007<\/strong><br \/>Gold Medal at the 2009 Paris Agricultural Competition<br \/>Silver Medal at the 2009 Bordeaux Wines of Aquitaine Competition<br \/>2009 Vinalies Prize<\/p>\n<p><strong>Ch\u00e2teau Lafargue white 2008<\/strong><br \/>Gold Medal at the 2010 Independent Winegrowers of France Competition<br \/>Gold Medal at the 2010 International Sauvignon Competition<br \/>2010 Vinalies Prize<br \/>2 stars Hachette Guide 2011<\/p>\n<p><strong>Ch\u00e2teau Lafargue white 2009<\/strong><br \/>Silver Medal at the 2011 Independent Winegrowers of France Competition<br \/>Mention in Hachette Guide 2012<\/p>\n<p><strong>Ch\u00e2teau Lafargue white 2010<\/strong><br \/>Bronze Medal at the 2012 Bordeaux Competition<br \/>1 star Hachette Guide 2013<\/p>\n<p><strong>Ch\u00e2teau Lafargue white 2012<\/strong><br \/>Gold Medal at the 2014 Bordeaux Competition<\/p>\n<p><strong>Ch\u00e2teau Lafargue white 2013<\/strong><br \/>Silver Medal at the 2015 Brussels Competition<br \/>Silver Medal at the 2015 International Sauvignon Competition<br \/>2015 Vinalies Grand Prix d&#8217;Excellence<\/p>\n<p><strong>Ch\u00e2teau Lafargue white 2014<\/strong><br \/>2016 Vinalies Prize<br \/>Gold Medal at the 2016 Sauvignon International Competition<br \/>Silver Medal at the 2016 Brussels Competition<br \/>Silver Medal at the 2016 Bordeaux Competition<\/p>\n<p><strong>Ch\u00e2teau Lafargue white 2015<\/strong><br \/>Silver Medal at the 2017 Sauvignon International Competition<\/p>\n<p><strong>Ch\u00e2teau Lafargue white 2016<\/strong><br \/>Gold Medal at the 2018 Bordeaux Competition<br \/>Silver Medal at the 2018 Brussels Competition<\/p>\n<p><strong>Ch\u00e2teau Lafargue white 2017<\/strong><br \/>Silver Medal at the 2019 Paris Competition<br \/>Silver Medal at the 2019 International Sauvignon Competition<br \/>Silver Medal at the 2019 Vinalies Competition<\/p>\n<p><strong>Ch\u00e2teau Lafargue white 2018<\/strong><br \/>Silver Medal at the 2020 Paris Agricultural Competition<br \/>Silver Medal at the 2020 Independent Winegrowers of France Competition<\/p>\n<p><strong>Ch\u00e2teau Lafargue white 2019<\/strong><br \/>Silver Medal at the 2021 Vinalies Competition<br \/>Silver Medal at the 2021 Bruxelles Competition<\/p>\n<p><strong>Ch\u00e2teau Lafargue white 2020<\/strong><br \/>Silver Medal at the 2022 International Sauvignon Competition<\/p>\n<p><strong>Ch\u00e2teau Lafargue white 2021<\/strong><br \/>Silver Medal at the 2023 International Sauvignon Competition<br \/>Silver Medal at the 2023 Paris Agricultural Competition<\/p>\n<p>&nbsp;<\/p>\n<p>[\/et_pb_text][\/et_pb_column][\/et_pb_row][\/et_pb_section]<\/p>\n","protected":false},"excerpt":{"rendered":"<p>Our medal-winning winesMedalsCh\u00e2teau LafargueCh\u00e2teau Lafargue\u2019s wines regularly receive awards from the wine trade, serving as recognition of our team\u2019s ongoing commitment to quality.&nbsp;&#8220;2Vintages \/ Red Ch\u00e2teau Lafargue red 20002 stars Hachette Guide 2004Silver Medal at the 2003 Independent Winegrowers of France Competition Ch\u00e2teau Lafargue red 2001Gold Medal at the 2004 Independent Winegrowers of France Competition [&hellip;]<\/p>\n","protected":false},"author":3,"featured_media":0,"parent":0,"menu_order":0,"comment_status":"closed","ping_status":"closed","template":"","meta":{"_et_pb_use_builder":"on","_et_pb_old_content":"","_et_gb_content_width":"","footnotes":""},"class_list":["post-34027","page","type-page","status-publish","hentry"],"yoast_head":"<!-- This site is optimized with the Yoast SEO plugin v27.3 - https:\/\/yoast.com\/product\/yoast-seo-wordpress\/ -->\n<title>Medals - Ch\u00e2teau Lafargue - Pessac L\u00e9ognan<\/title>\n<meta name=\"robots\" content=\"index, follow, max-snippet:-1, max-image-preview:large, max-video-preview:-1\" \/>\n<link rel=\"canonical\" href=\"https:\/\/chateaulafargue-france.com\/en\/medals\/\" \/>\n<meta property=\"og:locale\" content=\"en_US\" \/>\n<meta property=\"og:type\" content=\"article\" \/>\n<meta property=\"og:title\" content=\"Medals - Ch\u00e2teau Lafargue - Pessac L\u00e9ognan\" \/>\n<meta property=\"og:description\" content=\"Our medal-winning winesMedalsCh\u00e2teau LafargueCh\u00e2teau Lafargue\u2019s wines regularly receive awards from the wine trade, serving as recognition of our team\u2019s ongoing commitment to quality.&nbsp;&quot;2Vintages \/ Red Ch\u00e2teau Lafargue red 20002 stars Hachette Guide 2004Silver Medal at the 2003 Independent Winegrowers of France Competition Ch\u00e2teau Lafargue red 2001Gold Medal at the 2004 Independent Winegrowers of France Competition [&hellip;]\" \/>\n<meta property=\"og:url\" content=\"https:\/\/chateaulafargue-france.com\/en\/medals\/\" \/>\n<meta property=\"og:site_name\" content=\"Ch\u00e2teau Lafargue - Pessac L\u00e9ognan\" \/>\n<meta property=\"article:modified_time\" content=\"2023-05-31T08:55:46+00:00\" \/>\n<meta property=\"og:image\" content=\"https:\/\/chateaulafargue-france.com\/wp-content\/uploads\/2020\/12\/test-home-4.jpg\" \/>\n\t<meta property=\"og:image:width\" content=\"1920\" \/>\n\t<meta property=\"og:image:height\" content=\"1280\" \/>\n\t<meta property=\"og:image:type\" content=\"image\/jpeg\" \/>\n<meta name=\"twitter:card\" content=\"summary_large_image\" \/>\n<meta name=\"twitter:label1\" content=\"Est. reading time\" \/>\n\t<meta name=\"twitter:data1\" content=\"6 minutes\" \/>\n<script type=\"application\/ld+json\" class=\"yoast-schema-graph\">{\"@context\":\"https:\\\/\\\/schema.org\",\"@graph\":[{\"@type\":\"WebPage\",\"@id\":\"https:\\\/\\\/chateaulafargue-france.com\\\/en\\\/medals\\\/\",\"url\":\"https:\\\/\\\/chateaulafargue-france.com\\\/en\\\/medals\\\/\",\"name\":\"Medals - Ch\u00e2teau Lafargue - Pessac L\u00e9ognan\",\"isPartOf\":{\"@id\":\"https:\\\/\\\/chateaulafargue-france.com\\\/en\\\/#website\"},\"datePublished\":\"2021-10-05T15:21:30+00:00\",\"dateModified\":\"2023-05-31T08:55:46+00:00\",\"breadcrumb\":{\"@id\":\"https:\\\/\\\/chateaulafargue-france.com\\\/en\\\/medals\\\/#breadcrumb\"},\"inLanguage\":\"en-US\",\"potentialAction\":[{\"@type\":\"ReadAction\",\"target\":[\"https:\\\/\\\/chateaulafargue-france.com\\\/en\\\/medals\\\/\"]}]},{\"@type\":\"BreadcrumbList\",\"@id\":\"https:\\\/\\\/chateaulafargue-france.com\\\/en\\\/medals\\\/#breadcrumb\",\"itemListElement\":[{\"@type\":\"ListItem\",\"position\":1,\"name\":\"Accueil\",\"item\":\"https:\\\/\\\/chateaulafargue-france.com\\\/en\\\/\"},{\"@type\":\"ListItem\",\"position\":2,\"name\":\"Medals\"}]},{\"@type\":\"WebSite\",\"@id\":\"https:\\\/\\\/chateaulafargue-france.com\\\/en\\\/#website\",\"url\":\"https:\\\/\\\/chateaulafargue-france.com\\\/en\\\/\",\"name\":\"Ch\u00e2teau Lafargue - Pessac L\u00e9ognan\",\"description\":\"Vigneron ind\u00e9pendant\",\"publisher\":{\"@id\":\"https:\\\/\\\/chateaulafargue-france.com\\\/en\\\/#organization\"},\"potentialAction\":[{\"@type\":\"SearchAction\",\"target\":{\"@type\":\"EntryPoint\",\"urlTemplate\":\"https:\\\/\\\/chateaulafargue-france.com\\\/en\\\/?s={search_term_string}\"},\"query-input\":{\"@type\":\"PropertyValueSpecification\",\"valueRequired\":true,\"valueName\":\"search_term_string\"}}],\"inLanguage\":\"en-US\"},{\"@type\":\"Organization\",\"@id\":\"https:\\\/\\\/chateaulafargue-france.com\\\/en\\\/#organization\",\"name\":\"Chateau Lafargue\",\"url\":\"https:\\\/\\\/chateaulafargue-france.com\\\/en\\\/\",\"logo\":{\"@type\":\"ImageObject\",\"inLanguage\":\"en-US\",\"@id\":\"https:\\\/\\\/chateaulafargue-france.com\\\/en\\\/#\\\/schema\\\/logo\\\/image\\\/\",\"url\":\"https:\\\/\\\/chateaulafargue-france.com\\\/wp-content\\\/uploads\\\/2020\\\/07\\\/logo-fond-noir.jpg\",\"contentUrl\":\"https:\\\/\\\/chateaulafargue-france.com\\\/wp-content\\\/uploads\\\/2020\\\/07\\\/logo-fond-noir.jpg\",\"width\":350,\"height\":168,\"caption\":\"Chateau Lafargue\"},\"image\":{\"@id\":\"https:\\\/\\\/chateaulafargue-france.com\\\/en\\\/#\\\/schema\\\/logo\\\/image\\\/\"}}]}<\/script>\n<!-- \/ Yoast SEO plugin. -->","yoast_head_json":{"title":"Medals - Ch\u00e2teau Lafargue - Pessac L\u00e9ognan","robots":{"index":"index","follow":"follow","max-snippet":"max-snippet:-1","max-image-preview":"max-image-preview:large","max-video-preview":"max-video-preview:-1"},"canonical":"https:\/\/chateaulafargue-france.com\/en\/medals\/","og_locale":"en_US","og_type":"article","og_title":"Medals - Ch\u00e2teau Lafargue - Pessac L\u00e9ognan","og_description":"Our medal-winning winesMedalsCh\u00e2teau LafargueCh\u00e2teau Lafargue\u2019s wines regularly receive awards from the wine trade, serving as recognition of our team\u2019s ongoing commitment to quality.&nbsp;\"2Vintages \/ Red Ch\u00e2teau Lafargue red 20002 stars Hachette Guide 2004Silver Medal at the 2003 Independent Winegrowers of France Competition Ch\u00e2teau Lafargue red 2001Gold Medal at the 2004 Independent Winegrowers of France Competition [&hellip;]","og_url":"https:\/\/chateaulafargue-france.com\/en\/medals\/","og_site_name":"Ch\u00e2teau Lafargue - Pessac L\u00e9ognan","article_modified_time":"2023-05-31T08:55:46+00:00","og_image":[{"width":1920,"height":1280,"url":"https:\/\/chateaulafargue-france.com\/wp-content\/uploads\/2020\/12\/test-home-4.jpg","type":"image\/jpeg"}],"twitter_card":"summary_large_image","twitter_misc":{"Est. reading time":"6 minutes"},"schema":{"@context":"https:\/\/schema.org","@graph":[{"@type":"WebPage","@id":"https:\/\/chateaulafargue-france.com\/en\/medals\/","url":"https:\/\/chateaulafargue-france.com\/en\/medals\/","name":"Medals - Ch\u00e2teau Lafargue - Pessac L\u00e9ognan","isPartOf":{"@id":"https:\/\/chateaulafargue-france.com\/en\/#website"},"datePublished":"2021-10-05T15:21:30+00:00","dateModified":"2023-05-31T08:55:46+00:00","breadcrumb":{"@id":"https:\/\/chateaulafargue-france.com\/en\/medals\/#breadcrumb"},"inLanguage":"en-US","potentialAction":[{"@type":"ReadAction","target":["https:\/\/chateaulafargue-france.com\/en\/medals\/"]}]},{"@type":"BreadcrumbList","@id":"https:\/\/chateaulafargue-france.com\/en\/medals\/#breadcrumb","itemListElement":[{"@type":"ListItem","position":1,"name":"Accueil","item":"https:\/\/chateaulafargue-france.com\/en\/"},{"@type":"ListItem","position":2,"name":"Medals"}]},{"@type":"WebSite","@id":"https:\/\/chateaulafargue-france.com\/en\/#website","url":"https:\/\/chateaulafargue-france.com\/en\/","name":"Ch\u00e2teau Lafargue - Pessac L\u00e9ognan","description":"Vigneron ind\u00e9pendant","publisher":{"@id":"https:\/\/chateaulafargue-france.com\/en\/#organization"},"potentialAction":[{"@type":"SearchAction","target":{"@type":"EntryPoint","urlTemplate":"https:\/\/chateaulafargue-france.com\/en\/?s={search_term_string}"},"query-input":{"@type":"PropertyValueSpecification","valueRequired":true,"valueName":"search_term_string"}}],"inLanguage":"en-US"},{"@type":"Organization","@id":"https:\/\/chateaulafargue-france.com\/en\/#organization","name":"Chateau Lafargue","url":"https:\/\/chateaulafargue-france.com\/en\/","logo":{"@type":"ImageObject","inLanguage":"en-US","@id":"https:\/\/chateaulafargue-france.com\/en\/#\/schema\/logo\/image\/","url":"https:\/\/chateaulafargue-france.com\/wp-content\/uploads\/2020\/07\/logo-fond-noir.jpg","contentUrl":"https:\/\/chateaulafargue-france.com\/wp-content\/uploads\/2020\/07\/logo-fond-noir.jpg","width":350,"height":168,"caption":"Chateau Lafargue"},"image":{"@id":"https:\/\/chateaulafargue-france.com\/en\/#\/schema\/logo\/image\/"}}]}},"_links":{"self":[{"href":"https:\/\/chateaulafargue-france.com\/en\/wp-json\/wp\/v2\/pages\/34027","targetHints":{"allow":["GET"]}}],"collection":[{"href":"https:\/\/chateaulafargue-france.com\/en\/wp-json\/wp\/v2\/pages"}],"about":[{"href":"https:\/\/chateaulafargue-france.com\/en\/wp-json\/wp\/v2\/types\/page"}],"author":[{"embeddable":true,"href":"https:\/\/chateaulafargue-france.com\/en\/wp-json\/wp\/v2\/users\/3"}],"replies":[{"embeddable":true,"href":"https:\/\/chateaulafargue-france.com\/en\/wp-json\/wp\/v2\/comments?post=34027"}],"version-history":[{"count":0,"href":"https:\/\/chateaulafargue-france.com\/en\/wp-json\/wp\/v2\/pages\/34027\/revisions"}],"wp:attachment":[{"href":"https:\/\/chateaulafargue-france.com\/en\/wp-json\/wp\/v2\/media?parent=34027"}],"curies":[{"name":"wp","href":"https:\/\/api.w.org\/{rel}","templated":true}]}}