{"id":34162,"date":"2021-10-05T22:01:55","date_gmt":"2021-10-05T20:01:55","guid":{"rendered":"https:\/\/chateaulafargue-france.com\/articles\/"},"modified":"2021-10-05T22:03:24","modified_gmt":"2021-10-05T20:03:24","slug":"articles","status":"publish","type":"page","link":"https:\/\/chateaulafargue-france.com\/en\/articles\/","title":{"rendered":"Articles"},"content":{"rendered":"<p>[et_pb_section fb_built=&#8221;1&#8243; admin_label=&#8221;Hero&#8221; _builder_version=&#8221;4.4.9&#8243; background_color=&#8221;rgba(0,0,0,0.12)&#8221; background_image=&#8221;https:\/\/chateaulafargue-france.com\/wp-content\/uploads\/2020\/07\/chai03-recadr\u00e9.jpg&#8221; background_blend=&#8221;overlay&#8221; custom_margin=&#8221;|||&#8221; custom_padding=&#8221;90px||175px|||&#8221;][et_pb_row _builder_version=&#8221;3.25&#8243; background_size=&#8221;initial&#8221; background_position=&#8221;top_left&#8221; background_repeat=&#8221;repeat&#8221; custom_padding=&#8221;56px|||||&#8221;][et_pb_column type=&#8221;4_4&#8243; _builder_version=&#8221;3.25&#8243; custom_padding=&#8221;|||&#8221; custom_padding__hover=&#8221;|||&#8221;][et_pb_text admin_label=&#8221;Title&#8221; _builder_version=&#8221;4.4.9&#8243; header_font=&#8221;Lora||||||||&#8221; header_text_align=&#8221;center&#8221; header_text_color=&#8221;#ffffff&#8221; header_font_size=&#8221;46px&#8221; animation_style=&#8221;fade&#8221;]<\/p>\n<h1>All articles<\/h1>\n<p>[\/et_pb_text][\/et_pb_column][\/et_pb_row][\/et_pb_section][et_pb_section fb_built=&#8221;1&#8243; admin_label=&#8221;About&#8221; _builder_version=&#8221;4.4.3&#8243; custom_padding=&#8221;25px||0px|||&#8221;][et_pb_row _builder_version=&#8221;4.4.9&#8243; custom_padding=&#8221;||0px|||&#8221;][et_pb_column type=&#8221;4_4&#8243; _builder_version=&#8221;4.4.9&#8243;][et_pb_blog include_categories=&#8221;all&#8221; meta_date=&#8221;j M,Y&#8221; use_manual_excerpt=&#8221;off&#8221; excerpt_length=&#8221;100&#8243; show_more=&#8221;on&#8221; show_author=&#8221;off&#8221; show_categories=&#8221;off&#8221; show_excerpt=&#8221;off&#8221; module_class=&#8221;bbb_blog_list&#8221; _builder_version=&#8221;4.4.9&#8243; header_font=&#8221;||||||||&#8221; header_font_size=&#8221;20px&#8221; meta_font=&#8221;||on||||||&#8221; meta_text_color=&#8221;#434343&#8243; meta_font_size=&#8221;15px&#8221; read_more_text_color=&#8221;#ffffff&#8221; width=&#8221;58%&#8221; read_more_text_color_last_edited=&#8221;off|desktop&#8221; border_width_all=&#8221;2px&#8221; border_color_all=&#8221;#036086&#8243; read_more_text_color__hover_enabled=&#8221;on|hover&#8221; read_more_text_color__hover=&#8221;#036086&#8243;][\/et_pb_blog][\/et_pb_column][\/et_pb_row][\/et_pb_section]<\/p>\n","protected":false},"excerpt":{"rendered":"<p>All articles<\/p>\n","protected":false},"author":3,"featured_media":0,"parent":0,"menu_order":0,"comment_status":"closed","ping_status":"closed","template":"","meta":{"_et_pb_use_builder":"on","_et_pb_old_content":"","_et_gb_content_width":"","footnotes":""},"class_list":["post-34162","page","type-page","status-publish","hentry"],"yoast_head":"<!-- This site is optimized with the Yoast SEO plugin v27.3 - https:\/\/yoast.com\/product\/yoast-seo-wordpress\/ -->\n<title>Articles - Ch\u00e2teau Lafargue - Pessac L\u00e9ognan<\/title>\n<meta name=\"robots\" content=\"index, follow, max-snippet:-1, max-image-preview:large, max-video-preview:-1\" \/>\n<link rel=\"canonical\" href=\"https:\/\/chateaulafargue-france.com\/en\/articles\/\" \/>\n<meta property=\"og:locale\" content=\"en_US\" \/>\n<meta property=\"og:type\" content=\"article\" \/>\n<meta property=\"og:title\" content=\"Articles - Ch\u00e2teau Lafargue - Pessac L\u00e9ognan\" \/>\n<meta property=\"og:description\" content=\"All articles\" \/>\n<meta property=\"og:url\" content=\"https:\/\/chateaulafargue-france.com\/en\/articles\/\" \/>\n<meta property=\"og:site_name\" content=\"Ch\u00e2teau Lafargue - Pessac L\u00e9ognan\" \/>\n<meta property=\"article:modified_time\" content=\"2021-10-05T20:03:24+00:00\" \/>\n<meta property=\"og:image\" content=\"https:\/\/chateaulafargue-france.com\/wp-content\/uploads\/2020\/12\/test-home-4.jpg\" \/>\n\t<meta property=\"og:image:width\" content=\"1920\" \/>\n\t<meta property=\"og:image:height\" content=\"1280\" \/>\n\t<meta property=\"og:image:type\" content=\"image\/jpeg\" \/>\n<meta name=\"twitter:card\" content=\"summary_large_image\" \/>\n<meta name=\"twitter:label1\" content=\"Est. reading time\" \/>\n\t<meta name=\"twitter:data1\" content=\"1 minute\" \/>\n<script type=\"application\/ld+json\" class=\"yoast-schema-graph\">{\"@context\":\"https:\\\/\\\/schema.org\",\"@graph\":[{\"@type\":\"WebPage\",\"@id\":\"https:\\\/\\\/chateaulafargue-france.com\\\/en\\\/articles\\\/\",\"url\":\"https:\\\/\\\/chateaulafargue-france.com\\\/en\\\/articles\\\/\",\"name\":\"Articles - Ch\u00e2teau Lafargue - Pessac L\u00e9ognan\",\"isPartOf\":{\"@id\":\"https:\\\/\\\/chateaulafargue-france.com\\\/en\\\/#website\"},\"datePublished\":\"2021-10-05T20:01:55+00:00\",\"dateModified\":\"2021-10-05T20:03:24+00:00\",\"breadcrumb\":{\"@id\":\"https:\\\/\\\/chateaulafargue-france.com\\\/en\\\/articles\\\/#breadcrumb\"},\"inLanguage\":\"en-US\",\"potentialAction\":[{\"@type\":\"ReadAction\",\"target\":[\"https:\\\/\\\/chateaulafargue-france.com\\\/en\\\/articles\\\/\"]}]},{\"@type\":\"BreadcrumbList\",\"@id\":\"https:\\\/\\\/chateaulafargue-france.com\\\/en\\\/articles\\\/#breadcrumb\",\"itemListElement\":[{\"@type\":\"ListItem\",\"position\":1,\"name\":\"Accueil\",\"item\":\"https:\\\/\\\/chateaulafargue-france.com\\\/en\\\/\"},{\"@type\":\"ListItem\",\"position\":2,\"name\":\"Articles\"}]},{\"@type\":\"WebSite\",\"@id\":\"https:\\\/\\\/chateaulafargue-france.com\\\/en\\\/#website\",\"url\":\"https:\\\/\\\/chateaulafargue-france.com\\\/en\\\/\",\"name\":\"Ch\u00e2teau Lafargue - Pessac L\u00e9ognan\",\"description\":\"Vigneron ind\u00e9pendant\",\"publisher\":{\"@id\":\"https:\\\/\\\/chateaulafargue-france.com\\\/en\\\/#organization\"},\"potentialAction\":[{\"@type\":\"SearchAction\",\"target\":{\"@type\":\"EntryPoint\",\"urlTemplate\":\"https:\\\/\\\/chateaulafargue-france.com\\\/en\\\/?s={search_term_string}\"},\"query-input\":{\"@type\":\"PropertyValueSpecification\",\"valueRequired\":true,\"valueName\":\"search_term_string\"}}],\"inLanguage\":\"en-US\"},{\"@type\":\"Organization\",\"@id\":\"https:\\\/\\\/chateaulafargue-france.com\\\/en\\\/#organization\",\"name\":\"Chateau Lafargue\",\"url\":\"https:\\\/\\\/chateaulafargue-france.com\\\/en\\\/\",\"logo\":{\"@type\":\"ImageObject\",\"inLanguage\":\"en-US\",\"@id\":\"https:\\\/\\\/chateaulafargue-france.com\\\/en\\\/#\\\/schema\\\/logo\\\/image\\\/\",\"url\":\"https:\\\/\\\/chateaulafargue-france.com\\\/wp-content\\\/uploads\\\/2020\\\/07\\\/logo-fond-noir.jpg\",\"contentUrl\":\"https:\\\/\\\/chateaulafargue-france.com\\\/wp-content\\\/uploads\\\/2020\\\/07\\\/logo-fond-noir.jpg\",\"width\":350,\"height\":168,\"caption\":\"Chateau Lafargue\"},\"image\":{\"@id\":\"https:\\\/\\\/chateaulafargue-france.com\\\/en\\\/#\\\/schema\\\/logo\\\/image\\\/\"}}]}<\/script>\n<!-- \/ Yoast SEO plugin. -->","yoast_head_json":{"title":"Articles - Ch\u00e2teau Lafargue - Pessac L\u00e9ognan","robots":{"index":"index","follow":"follow","max-snippet":"max-snippet:-1","max-image-preview":"max-image-preview:large","max-video-preview":"max-video-preview:-1"},"canonical":"https:\/\/chateaulafargue-france.com\/en\/articles\/","og_locale":"en_US","og_type":"article","og_title":"Articles - Ch\u00e2teau Lafargue - Pessac L\u00e9ognan","og_description":"All articles","og_url":"https:\/\/chateaulafargue-france.com\/en\/articles\/","og_site_name":"Ch\u00e2teau Lafargue - Pessac L\u00e9ognan","article_modified_time":"2021-10-05T20:03:24+00:00","og_image":[{"width":1920,"height":1280,"url":"https:\/\/chateaulafargue-france.com\/wp-content\/uploads\/2020\/12\/test-home-4.jpg","type":"image\/jpeg"}],"twitter_card":"summary_large_image","twitter_misc":{"Est. reading time":"1 minute"},"schema":{"@context":"https:\/\/schema.org","@graph":[{"@type":"WebPage","@id":"https:\/\/chateaulafargue-france.com\/en\/articles\/","url":"https:\/\/chateaulafargue-france.com\/en\/articles\/","name":"Articles - Ch\u00e2teau Lafargue - Pessac L\u00e9ognan","isPartOf":{"@id":"https:\/\/chateaulafargue-france.com\/en\/#website"},"datePublished":"2021-10-05T20:01:55+00:00","dateModified":"2021-10-05T20:03:24+00:00","breadcrumb":{"@id":"https:\/\/chateaulafargue-france.com\/en\/articles\/#breadcrumb"},"inLanguage":"en-US","potentialAction":[{"@type":"ReadAction","target":["https:\/\/chateaulafargue-france.com\/en\/articles\/"]}]},{"@type":"BreadcrumbList","@id":"https:\/\/chateaulafargue-france.com\/en\/articles\/#breadcrumb","itemListElement":[{"@type":"ListItem","position":1,"name":"Accueil","item":"https:\/\/chateaulafargue-france.com\/en\/"},{"@type":"ListItem","position":2,"name":"Articles"}]},{"@type":"WebSite","@id":"https:\/\/chateaulafargue-france.com\/en\/#website","url":"https:\/\/chateaulafargue-france.com\/en\/","name":"Ch\u00e2teau Lafargue - Pessac L\u00e9ognan","description":"Vigneron ind\u00e9pendant","publisher":{"@id":"https:\/\/chateaulafargue-france.com\/en\/#organization"},"potentialAction":[{"@type":"SearchAction","target":{"@type":"EntryPoint","urlTemplate":"https:\/\/chateaulafargue-france.com\/en\/?s={search_term_string}"},"query-input":{"@type":"PropertyValueSpecification","valueRequired":true,"valueName":"search_term_string"}}],"inLanguage":"en-US"},{"@type":"Organization","@id":"https:\/\/chateaulafargue-france.com\/en\/#organization","name":"Chateau Lafargue","url":"https:\/\/chateaulafargue-france.com\/en\/","logo":{"@type":"ImageObject","inLanguage":"en-US","@id":"https:\/\/chateaulafargue-france.com\/en\/#\/schema\/logo\/image\/","url":"https:\/\/chateaulafargue-france.com\/wp-content\/uploads\/2020\/07\/logo-fond-noir.jpg","contentUrl":"https:\/\/chateaulafargue-france.com\/wp-content\/uploads\/2020\/07\/logo-fond-noir.jpg","width":350,"height":168,"caption":"Chateau Lafargue"},"image":{"@id":"https:\/\/chateaulafargue-france.com\/en\/#\/schema\/logo\/image\/"}}]}},"_links":{"self":[{"href":"https:\/\/chateaulafargue-france.com\/en\/wp-json\/wp\/v2\/pages\/34162","targetHints":{"allow":["GET"]}}],"collection":[{"href":"https:\/\/chateaulafargue-france.com\/en\/wp-json\/wp\/v2\/pages"}],"about":[{"href":"https:\/\/chateaulafargue-france.com\/en\/wp-json\/wp\/v2\/types\/page"}],"author":[{"embeddable":true,"href":"https:\/\/chateaulafargue-france.com\/en\/wp-json\/wp\/v2\/users\/3"}],"replies":[{"embeddable":true,"href":"https:\/\/chateaulafargue-france.com\/en\/wp-json\/wp\/v2\/comments?post=34162"}],"version-history":[{"count":0,"href":"https:\/\/chateaulafargue-france.com\/en\/wp-json\/wp\/v2\/pages\/34162\/revisions"}],"wp:attachment":[{"href":"https:\/\/chateaulafargue-france.com\/en\/wp-json\/wp\/v2\/media?parent=34162"}],"curies":[{"name":"wp","href":"https:\/\/api.w.org\/{rel}","templated":true}]}}