{"id":34109,"date":"2021-02-04T18:29:58","date_gmt":"2021-10-05T16:58:55","guid":{"rendered":"https:\/\/chateaulafargue-france.com\/produit\/chateau-lafargue-white-2018-cuvee-alexandre-pessac-leognan\/"},"modified":"2021-10-15T16:04:17","modified_gmt":"2021-10-15T14:04:17","slug":"chateau-lafargue-white-2018-cuvee-alexandre-pessac-leognan","status":"publish","type":"product","link":"https:\/\/chateaulafargue-france.com\/en\/product\/chateau-lafargue-white-2018-cuvee-alexandre-pessac-leognan\/","title":{"rendered":"Ch\u00e2teau Lafargue White 2018 &#8211; Cuv\u00e9e Alexandre &#8211; Pessac-L\u00e9ognan"},"content":{"rendered":"<p>Beautiful pale yellow colour. Very fresh nose, opening with scents of tropical and citrus fruit, combined with well-integrated ageing offering lightly toasted and vanilla notes. Volume and richness characterize this 2018 White, supported by a tight structure and good freshness on the palate. Retronasal aromas with the notes of tropical fruit and grapefruit.<\/p>\n<p>A plump, full-bodied, balanced white wine bursting with finesse, with well-preserved acidity.<\/p>\n","protected":false},"excerpt":{"rendered":"<p>Beautiful pale yellow colour. Very fresh nose, opening with scents of tropical and citrus fruit, combined with well-integrated ageing offering lightly toasted and vanilla notes. Volume and richness characterize this 2018 White, supported by a tight structure and good freshness on the palate. Retronasal aromas with the notes of tropical fruit and grapefruit. A plump, [&hellip;]<\/p>\n","protected":false},"featured_media":33895,"comment_status":"open","ping_status":"closed","template":"","meta":{"_et_pb_use_builder":"off","_et_pb_old_content":"Cuv\u00e9e made from a selection of vielles vignes (vines over 40 years old), aged for 16 to 18 months in barrels.\r\nBeautiful deep, dark colour. Complex nose with exceptional freshness, accompanied by toasted and spicy notes. The palate is full-bodied and structured with a beautiful liveliness, length, and remarkable aromatic persistence.","_et_gb_content_width":""},"product_brand":[],"product_cat":[29],"product_tag":[],"class_list":{"0":"post-34109","1":"product","2":"type-product","3":"status-publish","4":"has-post-thumbnail","6":"product_cat-sans-categorie","8":"first","9":"instock","10":"taxable","11":"shipping-taxable","12":"purchasable","13":"product-type-variable"},"yoast_head":"<!-- This site is optimized with the Yoast SEO plugin v27.3 - https:\/\/yoast.com\/product\/yoast-seo-wordpress\/ -->\n<title>Ch\u00e2teau Lafargue White 2018 - Cuv\u00e9e Alexandre - Pessac-L\u00e9ognan - Ch\u00e2teau Lafargue - Pessac L\u00e9ognan<\/title>\n<meta name=\"robots\" content=\"index, follow, max-snippet:-1, max-image-preview:large, max-video-preview:-1\" \/>\n<link rel=\"canonical\" href=\"https:\/\/chateaulafargue-france.com\/en\/product\/chateau-lafargue-white-2018-cuvee-alexandre-pessac-leognan\/\" \/>\n<meta property=\"og:locale\" content=\"en_US\" \/>\n<meta property=\"og:type\" content=\"article\" \/>\n<meta property=\"og:title\" content=\"Ch\u00e2teau Lafargue White 2018 - Cuv\u00e9e Alexandre - Pessac-L\u00e9ognan - Ch\u00e2teau Lafargue - Pessac L\u00e9ognan\" \/>\n<meta property=\"og:description\" content=\"Beautiful pale yellow colour. Very fresh nose, opening with scents of tropical and citrus fruit, combined with well-integrated ageing offering lightly toasted and vanilla notes. Volume and richness characterize this 2018 White, supported by a tight structure and good freshness on the palate. Retronasal aromas with the notes of tropical fruit and grapefruit. A plump, [&hellip;]\" \/>\n<meta property=\"og:url\" content=\"https:\/\/chateaulafargue-france.com\/en\/product\/chateau-lafargue-white-2018-cuvee-alexandre-pessac-leognan\/\" \/>\n<meta property=\"og:site_name\" content=\"Ch\u00e2teau Lafargue - Pessac L\u00e9ognan\" \/>\n<meta property=\"article:modified_time\" content=\"2021-10-15T14:04:17+00:00\" \/>\n<meta property=\"og:image\" content=\"https:\/\/chateaulafargue-france.com\/wp-content\/uploads\/2021\/02\/Blanc-2018.png\" \/>\n\t<meta property=\"og:image:width\" content=\"600\" \/>\n\t<meta property=\"og:image:height\" content=\"600\" \/>\n\t<meta property=\"og:image:type\" content=\"image\/png\" \/>\n<meta name=\"twitter:card\" content=\"summary_large_image\" \/>\n<script type=\"application\/ld+json\" class=\"yoast-schema-graph\">{\"@context\":\"https:\\\/\\\/schema.org\",\"@graph\":[{\"@type\":\"WebPage\",\"@id\":\"https:\\\/\\\/chateaulafargue-france.com\\\/en\\\/product\\\/chateau-lafargue-white-2018-cuvee-alexandre-pessac-leognan\\\/\",\"url\":\"https:\\\/\\\/chateaulafargue-france.com\\\/en\\\/product\\\/chateau-lafargue-white-2018-cuvee-alexandre-pessac-leognan\\\/\",\"name\":\"Ch\u00e2teau Lafargue White 2018 - Cuv\u00e9e Alexandre - Pessac-L\u00e9ognan - Ch\u00e2teau Lafargue - Pessac L\u00e9ognan\",\"isPartOf\":{\"@id\":\"https:\\\/\\\/chateaulafargue-france.com\\\/en\\\/#website\"},\"primaryImageOfPage\":{\"@id\":\"https:\\\/\\\/chateaulafargue-france.com\\\/en\\\/product\\\/chateau-lafargue-white-2018-cuvee-alexandre-pessac-leognan\\\/#primaryimage\"},\"image\":{\"@id\":\"https:\\\/\\\/chateaulafargue-france.com\\\/en\\\/product\\\/chateau-lafargue-white-2018-cuvee-alexandre-pessac-leognan\\\/#primaryimage\"},\"thumbnailUrl\":\"https:\\\/\\\/chateaulafargue-france.com\\\/wp-content\\\/uploads\\\/2021\\\/02\\\/Blanc-2018.png\",\"datePublished\":\"2021-10-05T16:58:55+00:00\",\"dateModified\":\"2021-10-15T14:04:17+00:00\",\"breadcrumb\":{\"@id\":\"https:\\\/\\\/chateaulafargue-france.com\\\/en\\\/product\\\/chateau-lafargue-white-2018-cuvee-alexandre-pessac-leognan\\\/#breadcrumb\"},\"inLanguage\":\"en-US\",\"potentialAction\":[{\"@type\":\"ReadAction\",\"target\":[\"https:\\\/\\\/chateaulafargue-france.com\\\/en\\\/product\\\/chateau-lafargue-white-2018-cuvee-alexandre-pessac-leognan\\\/\"]}]},{\"@type\":\"ImageObject\",\"inLanguage\":\"en-US\",\"@id\":\"https:\\\/\\\/chateaulafargue-france.com\\\/en\\\/product\\\/chateau-lafargue-white-2018-cuvee-alexandre-pessac-leognan\\\/#primaryimage\",\"url\":\"https:\\\/\\\/chateaulafargue-france.com\\\/wp-content\\\/uploads\\\/2021\\\/02\\\/Blanc-2018.png\",\"contentUrl\":\"https:\\\/\\\/chateaulafargue-france.com\\\/wp-content\\\/uploads\\\/2021\\\/02\\\/Blanc-2018.png\",\"width\":600,\"height\":600,\"caption\":\"chateau lafargue pessac leognan white 2018\"},{\"@type\":\"BreadcrumbList\",\"@id\":\"https:\\\/\\\/chateaulafargue-france.com\\\/en\\\/product\\\/chateau-lafargue-white-2018-cuvee-alexandre-pessac-leognan\\\/#breadcrumb\",\"itemListElement\":[{\"@type\":\"ListItem\",\"position\":1,\"name\":\"Accueil\",\"item\":\"https:\\\/\\\/chateaulafargue-france.com\\\/en\\\/\"},{\"@type\":\"ListItem\",\"position\":2,\"name\":\"Shop\",\"item\":\"https:\\\/\\\/chateaulafargue-france.com\\\/en\\\/shop\\\/\"},{\"@type\":\"ListItem\",\"position\":3,\"name\":\"Ch\u00e2teau Lafargue White 2018 &#8211; Cuv\u00e9e Alexandre &#8211; Pessac-L\u00e9ognan\"}]},{\"@type\":\"WebSite\",\"@id\":\"https:\\\/\\\/chateaulafargue-france.com\\\/en\\\/#website\",\"url\":\"https:\\\/\\\/chateaulafargue-france.com\\\/en\\\/\",\"name\":\"Ch\u00e2teau Lafargue - Pessac L\u00e9ognan\",\"description\":\"Vigneron ind\u00e9pendant\",\"publisher\":{\"@id\":\"https:\\\/\\\/chateaulafargue-france.com\\\/en\\\/#organization\"},\"potentialAction\":[{\"@type\":\"SearchAction\",\"target\":{\"@type\":\"EntryPoint\",\"urlTemplate\":\"https:\\\/\\\/chateaulafargue-france.com\\\/en\\\/?s={search_term_string}\"},\"query-input\":{\"@type\":\"PropertyValueSpecification\",\"valueRequired\":true,\"valueName\":\"search_term_string\"}}],\"inLanguage\":\"en-US\"},{\"@type\":\"Organization\",\"@id\":\"https:\\\/\\\/chateaulafargue-france.com\\\/en\\\/#organization\",\"name\":\"Chateau Lafargue\",\"url\":\"https:\\\/\\\/chateaulafargue-france.com\\\/en\\\/\",\"logo\":{\"@type\":\"ImageObject\",\"inLanguage\":\"en-US\",\"@id\":\"https:\\\/\\\/chateaulafargue-france.com\\\/en\\\/#\\\/schema\\\/logo\\\/image\\\/\",\"url\":\"https:\\\/\\\/chateaulafargue-france.com\\\/wp-content\\\/uploads\\\/2020\\\/07\\\/logo-fond-noir.jpg\",\"contentUrl\":\"https:\\\/\\\/chateaulafargue-france.com\\\/wp-content\\\/uploads\\\/2020\\\/07\\\/logo-fond-noir.jpg\",\"width\":350,\"height\":168,\"caption\":\"Chateau Lafargue\"},\"image\":{\"@id\":\"https:\\\/\\\/chateaulafargue-france.com\\\/en\\\/#\\\/schema\\\/logo\\\/image\\\/\"}}]}<\/script>\n<!-- \/ Yoast SEO plugin. -->","yoast_head_json":{"title":"Ch\u00e2teau Lafargue White 2018 - Cuv\u00e9e Alexandre - Pessac-L\u00e9ognan - Ch\u00e2teau Lafargue - Pessac L\u00e9ognan","robots":{"index":"index","follow":"follow","max-snippet":"max-snippet:-1","max-image-preview":"max-image-preview:large","max-video-preview":"max-video-preview:-1"},"canonical":"https:\/\/chateaulafargue-france.com\/en\/product\/chateau-lafargue-white-2018-cuvee-alexandre-pessac-leognan\/","og_locale":"en_US","og_type":"article","og_title":"Ch\u00e2teau Lafargue White 2018 - Cuv\u00e9e Alexandre - Pessac-L\u00e9ognan - Ch\u00e2teau Lafargue - Pessac L\u00e9ognan","og_description":"Beautiful pale yellow colour. Very fresh nose, opening with scents of tropical and citrus fruit, combined with well-integrated ageing offering lightly toasted and vanilla notes. Volume and richness characterize this 2018 White, supported by a tight structure and good freshness on the palate. Retronasal aromas with the notes of tropical fruit and grapefruit. A plump, [&hellip;]","og_url":"https:\/\/chateaulafargue-france.com\/en\/product\/chateau-lafargue-white-2018-cuvee-alexandre-pessac-leognan\/","og_site_name":"Ch\u00e2teau Lafargue - Pessac L\u00e9ognan","article_modified_time":"2021-10-15T14:04:17+00:00","og_image":[{"width":600,"height":600,"url":"https:\/\/chateaulafargue-france.com\/wp-content\/uploads\/2021\/02\/Blanc-2018.png","type":"image\/png"}],"twitter_card":"summary_large_image","schema":{"@context":"https:\/\/schema.org","@graph":[{"@type":"WebPage","@id":"https:\/\/chateaulafargue-france.com\/en\/product\/chateau-lafargue-white-2018-cuvee-alexandre-pessac-leognan\/","url":"https:\/\/chateaulafargue-france.com\/en\/product\/chateau-lafargue-white-2018-cuvee-alexandre-pessac-leognan\/","name":"Ch\u00e2teau Lafargue White 2018 - Cuv\u00e9e Alexandre - Pessac-L\u00e9ognan - Ch\u00e2teau Lafargue - Pessac L\u00e9ognan","isPartOf":{"@id":"https:\/\/chateaulafargue-france.com\/en\/#website"},"primaryImageOfPage":{"@id":"https:\/\/chateaulafargue-france.com\/en\/product\/chateau-lafargue-white-2018-cuvee-alexandre-pessac-leognan\/#primaryimage"},"image":{"@id":"https:\/\/chateaulafargue-france.com\/en\/product\/chateau-lafargue-white-2018-cuvee-alexandre-pessac-leognan\/#primaryimage"},"thumbnailUrl":"https:\/\/chateaulafargue-france.com\/wp-content\/uploads\/2021\/02\/Blanc-2018.png","datePublished":"2021-10-05T16:58:55+00:00","dateModified":"2021-10-15T14:04:17+00:00","breadcrumb":{"@id":"https:\/\/chateaulafargue-france.com\/en\/product\/chateau-lafargue-white-2018-cuvee-alexandre-pessac-leognan\/#breadcrumb"},"inLanguage":"en-US","potentialAction":[{"@type":"ReadAction","target":["https:\/\/chateaulafargue-france.com\/en\/product\/chateau-lafargue-white-2018-cuvee-alexandre-pessac-leognan\/"]}]},{"@type":"ImageObject","inLanguage":"en-US","@id":"https:\/\/chateaulafargue-france.com\/en\/product\/chateau-lafargue-white-2018-cuvee-alexandre-pessac-leognan\/#primaryimage","url":"https:\/\/chateaulafargue-france.com\/wp-content\/uploads\/2021\/02\/Blanc-2018.png","contentUrl":"https:\/\/chateaulafargue-france.com\/wp-content\/uploads\/2021\/02\/Blanc-2018.png","width":600,"height":600,"caption":"chateau lafargue pessac leognan white 2018"},{"@type":"BreadcrumbList","@id":"https:\/\/chateaulafargue-france.com\/en\/product\/chateau-lafargue-white-2018-cuvee-alexandre-pessac-leognan\/#breadcrumb","itemListElement":[{"@type":"ListItem","position":1,"name":"Accueil","item":"https:\/\/chateaulafargue-france.com\/en\/"},{"@type":"ListItem","position":2,"name":"Shop","item":"https:\/\/chateaulafargue-france.com\/en\/shop\/"},{"@type":"ListItem","position":3,"name":"Ch\u00e2teau Lafargue White 2018 &#8211; Cuv\u00e9e Alexandre &#8211; Pessac-L\u00e9ognan"}]},{"@type":"WebSite","@id":"https:\/\/chateaulafargue-france.com\/en\/#website","url":"https:\/\/chateaulafargue-france.com\/en\/","name":"Ch\u00e2teau Lafargue - Pessac L\u00e9ognan","description":"Vigneron ind\u00e9pendant","publisher":{"@id":"https:\/\/chateaulafargue-france.com\/en\/#organization"},"potentialAction":[{"@type":"SearchAction","target":{"@type":"EntryPoint","urlTemplate":"https:\/\/chateaulafargue-france.com\/en\/?s={search_term_string}"},"query-input":{"@type":"PropertyValueSpecification","valueRequired":true,"valueName":"search_term_string"}}],"inLanguage":"en-US"},{"@type":"Organization","@id":"https:\/\/chateaulafargue-france.com\/en\/#organization","name":"Chateau Lafargue","url":"https:\/\/chateaulafargue-france.com\/en\/","logo":{"@type":"ImageObject","inLanguage":"en-US","@id":"https:\/\/chateaulafargue-france.com\/en\/#\/schema\/logo\/image\/","url":"https:\/\/chateaulafargue-france.com\/wp-content\/uploads\/2020\/07\/logo-fond-noir.jpg","contentUrl":"https:\/\/chateaulafargue-france.com\/wp-content\/uploads\/2020\/07\/logo-fond-noir.jpg","width":350,"height":168,"caption":"Chateau Lafargue"},"image":{"@id":"https:\/\/chateaulafargue-france.com\/en\/#\/schema\/logo\/image\/"}}]}},"_links":{"self":[{"href":"https:\/\/chateaulafargue-france.com\/en\/wp-json\/wp\/v2\/product\/34109","targetHints":{"allow":["GET"]}}],"collection":[{"href":"https:\/\/chateaulafargue-france.com\/en\/wp-json\/wp\/v2\/product"}],"about":[{"href":"https:\/\/chateaulafargue-france.com\/en\/wp-json\/wp\/v2\/types\/product"}],"replies":[{"embeddable":true,"href":"https:\/\/chateaulafargue-france.com\/en\/wp-json\/wp\/v2\/comments?post=34109"}],"wp:featuredmedia":[{"embeddable":true,"href":"https:\/\/chateaulafargue-france.com\/en\/wp-json\/wp\/v2\/media\/33895"}],"wp:attachment":[{"href":"https:\/\/chateaulafargue-france.com\/en\/wp-json\/wp\/v2\/media?parent=34109"}],"wp:term":[{"taxonomy":"product_brand","embeddable":true,"href":"https:\/\/chateaulafargue-france.com\/en\/wp-json\/wp\/v2\/product_brand?post=34109"},{"taxonomy":"product_cat","embeddable":true,"href":"https:\/\/chateaulafargue-france.com\/en\/wp-json\/wp\/v2\/product_cat?post=34109"},{"taxonomy":"product_tag","embeddable":true,"href":"https:\/\/chateaulafargue-france.com\/en\/wp-json\/wp\/v2\/product_tag?post=34109"}],"curies":[{"name":"wp","href":"https:\/\/api.w.org\/{rel}","templated":true}]}}