{"id":34125,"date":"2021-02-04T18:26:56","date_gmt":"2021-10-05T19:35:17","guid":{"rendered":"https:\/\/chateaulafargue-france.com\/produit\/chateau-lafargue-red-2017-grand-vin-de-pessac-leognan\/"},"modified":"2021-10-19T10:50:22","modified_gmt":"2021-10-19T08:50:22","slug":"chateau-lafargue-red-2017-grand-vin-de-pessac-leognan","status":"publish","type":"product","link":"https:\/\/chateaulafargue-france.com\/en\/product\/chateau-lafargue-red-2017-grand-vin-de-pessac-leognan\/","title":{"rendered":"Ch\u00e2teau Lafargue Red 2017 &#8211; Grand Vin de Pessac-L\u00e9ognan"},"content":{"rendered":"<p>Beautiful deep, dark colour. The nose opens with scents of fresh black fruit and cedar, evolving into a spicy aromatic palette (black pepper, coriander seeds). Lots of freshness on the attack The evolution is full-bodied with an elegant, promising structure. Spices and black fruit (blackcurrant, blackberry) are the dominant flavours on the palate.<br \/>\nBeautiful length and aromatic persistence, a classic Pessac-L\u00e9ognan.<\/p>\n<p><strong><em>Ch\u00e2teau Lafargue Red 2017 &#8211; Grand Vin de Pessac-L\u00e9ognan is also available in double-magnum and Imperial on request<\/em><\/strong><\/p>\n","protected":false},"excerpt":{"rendered":"<p>Beautiful deep, dark colour. The nose opens with scents of fresh black fruit and cedar, evolving into a spicy aromatic palette (black pepper, coriander seeds). Lots of freshness on the attack The evolution is full-bodied with an elegant, promising structure. Spices and black fruit (blackcurrant, blackberry) are the dominant flavours on the palate. Beautiful length [&hellip;]<\/p>\n","protected":false},"featured_media":33894,"comment_status":"open","ping_status":"closed","template":"","meta":{"_et_pb_use_builder":"on","_et_pb_old_content":"Beautiful deep, dark colour. The nose opens with scents of fresh black fruit and cedar, evolving into a spicy aromatic palette (black pepper, coriander seeds). Lots of freshness on the attack The evolution is full-bodied with an elegant, promising structure. Spices and black fruit (blackcurrant, blackberry) are the dominant flavours on the palate.\r\nBeautiful length and aromatic persistence, a classic Pessac-L\u00e9ognan.\r\n\r\n<strong><em>Ch\u00e2teau Lafargue Red 2017 - Grand Vin de Pessac-L\u00e9ognan is also available in double-magnum and Imperial on request<\/em><\/strong>","_et_gb_content_width":""},"product_brand":[],"product_cat":[74,79],"product_tag":[],"class_list":{"0":"post-34125","1":"product","2":"type-product","3":"status-publish","4":"has-post-thumbnail","6":"product_cat-2017-en","7":"product_cat-red","8":"pa_taille-bottle","9":"pa_taille-magnum-en","11":"first","12":"outofstock","13":"taxable","14":"shipping-taxable","15":"product-type-simple"},"yoast_head":"<!-- This site is optimized with the Yoast SEO plugin v27.3 - https:\/\/yoast.com\/product\/yoast-seo-wordpress\/ -->\n<title>Ch\u00e2teau Lafargue Red 2017 - Grand Vin de Pessac-L\u00e9ognan - Ch\u00e2teau Lafargue - Pessac L\u00e9ognan<\/title>\n<meta name=\"robots\" content=\"index, follow, max-snippet:-1, max-image-preview:large, max-video-preview:-1\" \/>\n<link rel=\"canonical\" href=\"https:\/\/chateaulafargue-france.com\/en\/product\/chateau-lafargue-red-2017-grand-vin-de-pessac-leognan\/\" \/>\n<meta property=\"og:locale\" content=\"en_US\" \/>\n<meta property=\"og:type\" content=\"article\" \/>\n<meta property=\"og:title\" content=\"Ch\u00e2teau Lafargue Red 2017 - Grand Vin de Pessac-L\u00e9ognan - Ch\u00e2teau Lafargue - Pessac L\u00e9ognan\" \/>\n<meta property=\"og:description\" content=\"Beautiful deep, dark colour. The nose opens with scents of fresh black fruit and cedar, evolving into a spicy aromatic palette (black pepper, coriander seeds). Lots of freshness on the attack The evolution is full-bodied with an elegant, promising structure. Spices and black fruit (blackcurrant, blackberry) are the dominant flavours on the palate. Beautiful length [&hellip;]\" \/>\n<meta property=\"og:url\" content=\"https:\/\/chateaulafargue-france.com\/en\/product\/chateau-lafargue-red-2017-grand-vin-de-pessac-leognan\/\" \/>\n<meta property=\"og:site_name\" content=\"Ch\u00e2teau Lafargue - Pessac L\u00e9ognan\" \/>\n<meta property=\"article:modified_time\" content=\"2021-10-19T08:50:22+00:00\" \/>\n<meta property=\"og:image\" content=\"https:\/\/chateaulafargue-france.com\/wp-content\/uploads\/2021\/02\/Rouge-2017.png\" \/>\n\t<meta property=\"og:image:width\" content=\"600\" \/>\n\t<meta property=\"og:image:height\" content=\"600\" \/>\n\t<meta property=\"og:image:type\" content=\"image\/png\" \/>\n<meta name=\"twitter:card\" content=\"summary_large_image\" \/>\n<script type=\"application\/ld+json\" class=\"yoast-schema-graph\">{\"@context\":\"https:\\\/\\\/schema.org\",\"@graph\":[{\"@type\":\"WebPage\",\"@id\":\"https:\\\/\\\/chateaulafargue-france.com\\\/en\\\/product\\\/chateau-lafargue-red-2017-grand-vin-de-pessac-leognan\\\/\",\"url\":\"https:\\\/\\\/chateaulafargue-france.com\\\/en\\\/product\\\/chateau-lafargue-red-2017-grand-vin-de-pessac-leognan\\\/\",\"name\":\"Ch\u00e2teau Lafargue Red 2017 - Grand Vin de Pessac-L\u00e9ognan - Ch\u00e2teau Lafargue - Pessac L\u00e9ognan\",\"isPartOf\":{\"@id\":\"https:\\\/\\\/chateaulafargue-france.com\\\/en\\\/#website\"},\"primaryImageOfPage\":{\"@id\":\"https:\\\/\\\/chateaulafargue-france.com\\\/en\\\/product\\\/chateau-lafargue-red-2017-grand-vin-de-pessac-leognan\\\/#primaryimage\"},\"image\":{\"@id\":\"https:\\\/\\\/chateaulafargue-france.com\\\/en\\\/product\\\/chateau-lafargue-red-2017-grand-vin-de-pessac-leognan\\\/#primaryimage\"},\"thumbnailUrl\":\"https:\\\/\\\/chateaulafargue-france.com\\\/wp-content\\\/uploads\\\/2021\\\/02\\\/Rouge-2017.png\",\"datePublished\":\"2021-10-05T19:35:17+00:00\",\"dateModified\":\"2021-10-19T08:50:22+00:00\",\"breadcrumb\":{\"@id\":\"https:\\\/\\\/chateaulafargue-france.com\\\/en\\\/product\\\/chateau-lafargue-red-2017-grand-vin-de-pessac-leognan\\\/#breadcrumb\"},\"inLanguage\":\"en-US\",\"potentialAction\":[{\"@type\":\"ReadAction\",\"target\":[\"https:\\\/\\\/chateaulafargue-france.com\\\/en\\\/product\\\/chateau-lafargue-red-2017-grand-vin-de-pessac-leognan\\\/\"]}]},{\"@type\":\"ImageObject\",\"inLanguage\":\"en-US\",\"@id\":\"https:\\\/\\\/chateaulafargue-france.com\\\/en\\\/product\\\/chateau-lafargue-red-2017-grand-vin-de-pessac-leognan\\\/#primaryimage\",\"url\":\"https:\\\/\\\/chateaulafargue-france.com\\\/wp-content\\\/uploads\\\/2021\\\/02\\\/Rouge-2017.png\",\"contentUrl\":\"https:\\\/\\\/chateaulafargue-france.com\\\/wp-content\\\/uploads\\\/2021\\\/02\\\/Rouge-2017.png\",\"width\":600,\"height\":600,\"caption\":\"chateau lafargue pessac leognan 2017\"},{\"@type\":\"BreadcrumbList\",\"@id\":\"https:\\\/\\\/chateaulafargue-france.com\\\/en\\\/product\\\/chateau-lafargue-red-2017-grand-vin-de-pessac-leognan\\\/#breadcrumb\",\"itemListElement\":[{\"@type\":\"ListItem\",\"position\":1,\"name\":\"Accueil\",\"item\":\"https:\\\/\\\/chateaulafargue-france.com\\\/en\\\/\"},{\"@type\":\"ListItem\",\"position\":2,\"name\":\"Shop\",\"item\":\"https:\\\/\\\/chateaulafargue-france.com\\\/en\\\/shop\\\/\"},{\"@type\":\"ListItem\",\"position\":3,\"name\":\"Ch\u00e2teau Lafargue Red 2017 &#8211; Grand Vin de Pessac-L\u00e9ognan\"}]},{\"@type\":\"WebSite\",\"@id\":\"https:\\\/\\\/chateaulafargue-france.com\\\/en\\\/#website\",\"url\":\"https:\\\/\\\/chateaulafargue-france.com\\\/en\\\/\",\"name\":\"Ch\u00e2teau Lafargue - Pessac L\u00e9ognan\",\"description\":\"Vigneron ind\u00e9pendant\",\"publisher\":{\"@id\":\"https:\\\/\\\/chateaulafargue-france.com\\\/en\\\/#organization\"},\"potentialAction\":[{\"@type\":\"SearchAction\",\"target\":{\"@type\":\"EntryPoint\",\"urlTemplate\":\"https:\\\/\\\/chateaulafargue-france.com\\\/en\\\/?s={search_term_string}\"},\"query-input\":{\"@type\":\"PropertyValueSpecification\",\"valueRequired\":true,\"valueName\":\"search_term_string\"}}],\"inLanguage\":\"en-US\"},{\"@type\":\"Organization\",\"@id\":\"https:\\\/\\\/chateaulafargue-france.com\\\/en\\\/#organization\",\"name\":\"Chateau Lafargue\",\"url\":\"https:\\\/\\\/chateaulafargue-france.com\\\/en\\\/\",\"logo\":{\"@type\":\"ImageObject\",\"inLanguage\":\"en-US\",\"@id\":\"https:\\\/\\\/chateaulafargue-france.com\\\/en\\\/#\\\/schema\\\/logo\\\/image\\\/\",\"url\":\"https:\\\/\\\/chateaulafargue-france.com\\\/wp-content\\\/uploads\\\/2020\\\/07\\\/logo-fond-noir.jpg\",\"contentUrl\":\"https:\\\/\\\/chateaulafargue-france.com\\\/wp-content\\\/uploads\\\/2020\\\/07\\\/logo-fond-noir.jpg\",\"width\":350,\"height\":168,\"caption\":\"Chateau Lafargue\"},\"image\":{\"@id\":\"https:\\\/\\\/chateaulafargue-france.com\\\/en\\\/#\\\/schema\\\/logo\\\/image\\\/\"}}]}<\/script>\n<!-- \/ Yoast SEO plugin. -->","yoast_head_json":{"title":"Ch\u00e2teau Lafargue Red 2017 - Grand Vin de Pessac-L\u00e9ognan - Ch\u00e2teau Lafargue - Pessac L\u00e9ognan","robots":{"index":"index","follow":"follow","max-snippet":"max-snippet:-1","max-image-preview":"max-image-preview:large","max-video-preview":"max-video-preview:-1"},"canonical":"https:\/\/chateaulafargue-france.com\/en\/product\/chateau-lafargue-red-2017-grand-vin-de-pessac-leognan\/","og_locale":"en_US","og_type":"article","og_title":"Ch\u00e2teau Lafargue Red 2017 - Grand Vin de Pessac-L\u00e9ognan - Ch\u00e2teau Lafargue - Pessac L\u00e9ognan","og_description":"Beautiful deep, dark colour. The nose opens with scents of fresh black fruit and cedar, evolving into a spicy aromatic palette (black pepper, coriander seeds). Lots of freshness on the attack The evolution is full-bodied with an elegant, promising structure. Spices and black fruit (blackcurrant, blackberry) are the dominant flavours on the palate. Beautiful length [&hellip;]","og_url":"https:\/\/chateaulafargue-france.com\/en\/product\/chateau-lafargue-red-2017-grand-vin-de-pessac-leognan\/","og_site_name":"Ch\u00e2teau Lafargue - Pessac L\u00e9ognan","article_modified_time":"2021-10-19T08:50:22+00:00","og_image":[{"width":600,"height":600,"url":"https:\/\/chateaulafargue-france.com\/wp-content\/uploads\/2021\/02\/Rouge-2017.png","type":"image\/png"}],"twitter_card":"summary_large_image","schema":{"@context":"https:\/\/schema.org","@graph":[{"@type":"WebPage","@id":"https:\/\/chateaulafargue-france.com\/en\/product\/chateau-lafargue-red-2017-grand-vin-de-pessac-leognan\/","url":"https:\/\/chateaulafargue-france.com\/en\/product\/chateau-lafargue-red-2017-grand-vin-de-pessac-leognan\/","name":"Ch\u00e2teau Lafargue Red 2017 - Grand Vin de Pessac-L\u00e9ognan - Ch\u00e2teau Lafargue - Pessac L\u00e9ognan","isPartOf":{"@id":"https:\/\/chateaulafargue-france.com\/en\/#website"},"primaryImageOfPage":{"@id":"https:\/\/chateaulafargue-france.com\/en\/product\/chateau-lafargue-red-2017-grand-vin-de-pessac-leognan\/#primaryimage"},"image":{"@id":"https:\/\/chateaulafargue-france.com\/en\/product\/chateau-lafargue-red-2017-grand-vin-de-pessac-leognan\/#primaryimage"},"thumbnailUrl":"https:\/\/chateaulafargue-france.com\/wp-content\/uploads\/2021\/02\/Rouge-2017.png","datePublished":"2021-10-05T19:35:17+00:00","dateModified":"2021-10-19T08:50:22+00:00","breadcrumb":{"@id":"https:\/\/chateaulafargue-france.com\/en\/product\/chateau-lafargue-red-2017-grand-vin-de-pessac-leognan\/#breadcrumb"},"inLanguage":"en-US","potentialAction":[{"@type":"ReadAction","target":["https:\/\/chateaulafargue-france.com\/en\/product\/chateau-lafargue-red-2017-grand-vin-de-pessac-leognan\/"]}]},{"@type":"ImageObject","inLanguage":"en-US","@id":"https:\/\/chateaulafargue-france.com\/en\/product\/chateau-lafargue-red-2017-grand-vin-de-pessac-leognan\/#primaryimage","url":"https:\/\/chateaulafargue-france.com\/wp-content\/uploads\/2021\/02\/Rouge-2017.png","contentUrl":"https:\/\/chateaulafargue-france.com\/wp-content\/uploads\/2021\/02\/Rouge-2017.png","width":600,"height":600,"caption":"chateau lafargue pessac leognan 2017"},{"@type":"BreadcrumbList","@id":"https:\/\/chateaulafargue-france.com\/en\/product\/chateau-lafargue-red-2017-grand-vin-de-pessac-leognan\/#breadcrumb","itemListElement":[{"@type":"ListItem","position":1,"name":"Accueil","item":"https:\/\/chateaulafargue-france.com\/en\/"},{"@type":"ListItem","position":2,"name":"Shop","item":"https:\/\/chateaulafargue-france.com\/en\/shop\/"},{"@type":"ListItem","position":3,"name":"Ch\u00e2teau Lafargue Red 2017 &#8211; Grand Vin de Pessac-L\u00e9ognan"}]},{"@type":"WebSite","@id":"https:\/\/chateaulafargue-france.com\/en\/#website","url":"https:\/\/chateaulafargue-france.com\/en\/","name":"Ch\u00e2teau Lafargue - Pessac L\u00e9ognan","description":"Vigneron ind\u00e9pendant","publisher":{"@id":"https:\/\/chateaulafargue-france.com\/en\/#organization"},"potentialAction":[{"@type":"SearchAction","target":{"@type":"EntryPoint","urlTemplate":"https:\/\/chateaulafargue-france.com\/en\/?s={search_term_string}"},"query-input":{"@type":"PropertyValueSpecification","valueRequired":true,"valueName":"search_term_string"}}],"inLanguage":"en-US"},{"@type":"Organization","@id":"https:\/\/chateaulafargue-france.com\/en\/#organization","name":"Chateau Lafargue","url":"https:\/\/chateaulafargue-france.com\/en\/","logo":{"@type":"ImageObject","inLanguage":"en-US","@id":"https:\/\/chateaulafargue-france.com\/en\/#\/schema\/logo\/image\/","url":"https:\/\/chateaulafargue-france.com\/wp-content\/uploads\/2020\/07\/logo-fond-noir.jpg","contentUrl":"https:\/\/chateaulafargue-france.com\/wp-content\/uploads\/2020\/07\/logo-fond-noir.jpg","width":350,"height":168,"caption":"Chateau Lafargue"},"image":{"@id":"https:\/\/chateaulafargue-france.com\/en\/#\/schema\/logo\/image\/"}}]}},"_links":{"self":[{"href":"https:\/\/chateaulafargue-france.com\/en\/wp-json\/wp\/v2\/product\/34125","targetHints":{"allow":["GET"]}}],"collection":[{"href":"https:\/\/chateaulafargue-france.com\/en\/wp-json\/wp\/v2\/product"}],"about":[{"href":"https:\/\/chateaulafargue-france.com\/en\/wp-json\/wp\/v2\/types\/product"}],"replies":[{"embeddable":true,"href":"https:\/\/chateaulafargue-france.com\/en\/wp-json\/wp\/v2\/comments?post=34125"}],"wp:featuredmedia":[{"embeddable":true,"href":"https:\/\/chateaulafargue-france.com\/en\/wp-json\/wp\/v2\/media\/33894"}],"wp:attachment":[{"href":"https:\/\/chateaulafargue-france.com\/en\/wp-json\/wp\/v2\/media?parent=34125"}],"wp:term":[{"taxonomy":"product_brand","embeddable":true,"href":"https:\/\/chateaulafargue-france.com\/en\/wp-json\/wp\/v2\/product_brand?post=34125"},{"taxonomy":"product_cat","embeddable":true,"href":"https:\/\/chateaulafargue-france.com\/en\/wp-json\/wp\/v2\/product_cat?post=34125"},{"taxonomy":"product_tag","embeddable":true,"href":"https:\/\/chateaulafargue-france.com\/en\/wp-json\/wp\/v2\/product_tag?post=34125"}],"curies":[{"name":"wp","href":"https:\/\/api.w.org\/{rel}","templated":true}]}}