{"id":34132,"date":"2021-02-04T18:20:28","date_gmt":"2021-10-05T19:38:26","guid":{"rendered":"https:\/\/chateaulafargue-france.com\/produit\/chateau-lafargue-red-2018-grand-vin-de-pessac-leognan\/"},"modified":"2022-10-13T16:54:49","modified_gmt":"2022-10-13T14:54:49","slug":"chateau-lafargue-red-2018-grand-vin-de-pessac-leognan","status":"publish","type":"product","link":"https:\/\/chateaulafargue-france.com\/en\/product\/chateau-lafargue-red-2018-grand-vin-de-pessac-leognan\/","title":{"rendered":"Ch\u00e2teau Lafargue Red 2018 &#8211; Grand Vin de Pessac-L\u00e9ognan"},"content":{"rendered":"<p>Very beautiful dark, deep, crimson-purple glints of violet. The nose opens with toasted, empyreumatic scents, then notes of black fruit, spices (pepper), with a light sappy note. The attack is rather supple, followed by a good, full-bodied, structured evolution. Very good substance and ripe tannins. Beautiful aromatic complexity on the palate, with the same notes of toast, black fruit and tobacco. This vintage is characterized by smoothness combined with a lovely freshness.<br \/>\nA spectacularly well-balanced, generous, fruit-packed vintage.<\/p>\n<p><em><strong>Ch\u00e2teau Lafargue Red 2018 &#8211; Grand Vin de Pessac-L\u00e9ognan is also available in double-magnum and Imperial on request<\/strong><\/em><\/p>\n","protected":false},"excerpt":{"rendered":"<p>Very beautiful dark, deep, crimson-purple glints of violet. The nose opens with toasted, empyreumatic scents, then notes of black fruit, spices (pepper), with a light sappy note. The attack is rather supple, followed by a good, full-bodied, structured evolution. Very good substance and ripe tannins. Beautiful aromatic complexity on the palate, with the same notes [&hellip;]<\/p>\n","protected":false},"featured_media":33893,"comment_status":"open","ping_status":"closed","template":"","meta":{"_et_pb_use_builder":"off","_et_pb_old_content":"Cuv\u00e9e made from a selection of vielles vignes (vines over 40 years old), aged for 16 to 18 months in barrels.\r\nBeautiful deep, dark colour. Complex nose with exceptional freshness, accompanied by toasted and spicy notes. The palate is full-bodied and structured with a beautiful liveliness, length, and remarkable aromatic persistence.","_et_gb_content_width":""},"product_brand":[],"product_cat":[29],"product_tag":[],"class_list":{"0":"post-34132","1":"product","2":"type-product","3":"status-publish","4":"has-post-thumbnail","6":"product_cat-sans-categorie","8":"first","9":"instock","10":"taxable","11":"shipping-taxable","12":"purchasable","13":"product-type-variable"},"yoast_head":"<!-- This site is optimized with the Yoast SEO plugin v27.2 - https:\/\/yoast.com\/product\/yoast-seo-wordpress\/ -->\n<title>Ch\u00e2teau Lafargue Red 2018 - Grand Vin de Pessac-L\u00e9ognan - Ch\u00e2teau Lafargue - Pessac L\u00e9ognan<\/title>\n<meta name=\"robots\" content=\"index, follow, max-snippet:-1, max-image-preview:large, max-video-preview:-1\" \/>\n<link rel=\"canonical\" href=\"https:\/\/chateaulafargue-france.com\/en\/product\/chateau-lafargue-red-2018-grand-vin-de-pessac-leognan\/\" \/>\n<meta property=\"og:locale\" content=\"en_US\" \/>\n<meta property=\"og:type\" content=\"article\" \/>\n<meta property=\"og:title\" content=\"Ch\u00e2teau Lafargue Red 2018 - Grand Vin de Pessac-L\u00e9ognan - Ch\u00e2teau Lafargue - Pessac L\u00e9ognan\" \/>\n<meta property=\"og:description\" content=\"Very beautiful dark, deep, crimson-purple glints of violet. The nose opens with toasted, empyreumatic scents, then notes of black fruit, spices (pepper), with a light sappy note. The attack is rather supple, followed by a good, full-bodied, structured evolution. Very good substance and ripe tannins. Beautiful aromatic complexity on the palate, with the same notes [&hellip;]\" \/>\n<meta property=\"og:url\" content=\"https:\/\/chateaulafargue-france.com\/en\/product\/chateau-lafargue-red-2018-grand-vin-de-pessac-leognan\/\" \/>\n<meta property=\"og:site_name\" content=\"Ch\u00e2teau Lafargue - Pessac L\u00e9ognan\" \/>\n<meta property=\"article:modified_time\" content=\"2022-10-13T14:54:49+00:00\" \/>\n<meta property=\"og:image\" content=\"https:\/\/chateaulafargue-france.com\/wp-content\/uploads\/2021\/02\/Rouge-2018.png\" \/>\n\t<meta property=\"og:image:width\" content=\"600\" \/>\n\t<meta property=\"og:image:height\" content=\"600\" \/>\n\t<meta property=\"og:image:type\" content=\"image\/png\" \/>\n<meta name=\"twitter:card\" content=\"summary_large_image\" \/>\n<script type=\"application\/ld+json\" class=\"yoast-schema-graph\">{\"@context\":\"https:\/\/schema.org\",\"@graph\":[{\"@type\":\"WebPage\",\"@id\":\"https:\/\/chateaulafargue-france.com\/en\/product\/chateau-lafargue-red-2018-grand-vin-de-pessac-leognan\/\",\"url\":\"https:\/\/chateaulafargue-france.com\/en\/product\/chateau-lafargue-red-2018-grand-vin-de-pessac-leognan\/\",\"name\":\"Ch\u00e2teau Lafargue Red 2018 - Grand Vin de Pessac-L\u00e9ognan - Ch\u00e2teau Lafargue - Pessac L\u00e9ognan\",\"isPartOf\":{\"@id\":\"https:\/\/chateaulafargue-france.com\/en\/#website\"},\"primaryImageOfPage\":{\"@id\":\"https:\/\/chateaulafargue-france.com\/en\/product\/chateau-lafargue-red-2018-grand-vin-de-pessac-leognan\/#primaryimage\"},\"image\":{\"@id\":\"https:\/\/chateaulafargue-france.com\/en\/product\/chateau-lafargue-red-2018-grand-vin-de-pessac-leognan\/#primaryimage\"},\"thumbnailUrl\":\"https:\/\/chateaulafargue-france.com\/wp-content\/uploads\/2021\/02\/Rouge-2018.png\",\"datePublished\":\"2021-10-05T19:38:26+00:00\",\"dateModified\":\"2022-10-13T14:54:49+00:00\",\"breadcrumb\":{\"@id\":\"https:\/\/chateaulafargue-france.com\/en\/product\/chateau-lafargue-red-2018-grand-vin-de-pessac-leognan\/#breadcrumb\"},\"inLanguage\":\"en-US\",\"potentialAction\":[{\"@type\":\"ReadAction\",\"target\":[\"https:\/\/chateaulafargue-france.com\/en\/product\/chateau-lafargue-red-2018-grand-vin-de-pessac-leognan\/\"]}]},{\"@type\":\"ImageObject\",\"inLanguage\":\"en-US\",\"@id\":\"https:\/\/chateaulafargue-france.com\/en\/product\/chateau-lafargue-red-2018-grand-vin-de-pessac-leognan\/#primaryimage\",\"url\":\"https:\/\/chateaulafargue-france.com\/wp-content\/uploads\/2021\/02\/Rouge-2018.png\",\"contentUrl\":\"https:\/\/chateaulafargue-france.com\/wp-content\/uploads\/2021\/02\/Rouge-2018.png\",\"width\":600,\"height\":600,\"caption\":\"chateau lafargue pessac leognan 2019\"},{\"@type\":\"BreadcrumbList\",\"@id\":\"https:\/\/chateaulafargue-france.com\/en\/product\/chateau-lafargue-red-2018-grand-vin-de-pessac-leognan\/#breadcrumb\",\"itemListElement\":[{\"@type\":\"ListItem\",\"position\":1,\"name\":\"Accueil\",\"item\":\"https:\/\/chateaulafargue-france.com\/en\/\"},{\"@type\":\"ListItem\",\"position\":2,\"name\":\"Shop\",\"item\":\"https:\/\/chateaulafargue-france.com\/en\/shop\/\"},{\"@type\":\"ListItem\",\"position\":3,\"name\":\"Ch\u00e2teau Lafargue Red 2018 &#8211; Grand Vin de Pessac-L\u00e9ognan\"}]},{\"@type\":\"WebSite\",\"@id\":\"https:\/\/chateaulafargue-france.com\/en\/#website\",\"url\":\"https:\/\/chateaulafargue-france.com\/en\/\",\"name\":\"Ch\u00e2teau Lafargue - Pessac L\u00e9ognan\",\"description\":\"Vigneron ind\u00e9pendant\",\"publisher\":{\"@id\":\"https:\/\/chateaulafargue-france.com\/en\/#organization\"},\"potentialAction\":[{\"@type\":\"SearchAction\",\"target\":{\"@type\":\"EntryPoint\",\"urlTemplate\":\"https:\/\/chateaulafargue-france.com\/en\/?s={search_term_string}\"},\"query-input\":{\"@type\":\"PropertyValueSpecification\",\"valueRequired\":true,\"valueName\":\"search_term_string\"}}],\"inLanguage\":\"en-US\"},{\"@type\":\"Organization\",\"@id\":\"https:\/\/chateaulafargue-france.com\/en\/#organization\",\"name\":\"Chateau Lafargue\",\"url\":\"https:\/\/chateaulafargue-france.com\/en\/\",\"logo\":{\"@type\":\"ImageObject\",\"inLanguage\":\"en-US\",\"@id\":\"https:\/\/chateaulafargue-france.com\/en\/#\/schema\/logo\/image\/\",\"url\":\"https:\/\/chateaulafargue-france.com\/wp-content\/uploads\/2020\/07\/logo-fond-noir.jpg\",\"contentUrl\":\"https:\/\/chateaulafargue-france.com\/wp-content\/uploads\/2020\/07\/logo-fond-noir.jpg\",\"width\":350,\"height\":168,\"caption\":\"Chateau Lafargue\"},\"image\":{\"@id\":\"https:\/\/chateaulafargue-france.com\/en\/#\/schema\/logo\/image\/\"}}]}<\/script>\n<!-- \/ Yoast SEO plugin. -->","yoast_head_json":{"title":"Ch\u00e2teau Lafargue Red 2018 - Grand Vin de Pessac-L\u00e9ognan - Ch\u00e2teau Lafargue - Pessac L\u00e9ognan","robots":{"index":"index","follow":"follow","max-snippet":"max-snippet:-1","max-image-preview":"max-image-preview:large","max-video-preview":"max-video-preview:-1"},"canonical":"https:\/\/chateaulafargue-france.com\/en\/product\/chateau-lafargue-red-2018-grand-vin-de-pessac-leognan\/","og_locale":"en_US","og_type":"article","og_title":"Ch\u00e2teau Lafargue Red 2018 - Grand Vin de Pessac-L\u00e9ognan - Ch\u00e2teau Lafargue - Pessac L\u00e9ognan","og_description":"Very beautiful dark, deep, crimson-purple glints of violet. The nose opens with toasted, empyreumatic scents, then notes of black fruit, spices (pepper), with a light sappy note. The attack is rather supple, followed by a good, full-bodied, structured evolution. Very good substance and ripe tannins. Beautiful aromatic complexity on the palate, with the same notes [&hellip;]","og_url":"https:\/\/chateaulafargue-france.com\/en\/product\/chateau-lafargue-red-2018-grand-vin-de-pessac-leognan\/","og_site_name":"Ch\u00e2teau Lafargue - Pessac L\u00e9ognan","article_modified_time":"2022-10-13T14:54:49+00:00","og_image":[{"width":600,"height":600,"url":"https:\/\/chateaulafargue-france.com\/wp-content\/uploads\/2021\/02\/Rouge-2018.png","type":"image\/png"}],"twitter_card":"summary_large_image","schema":{"@context":"https:\/\/schema.org","@graph":[{"@type":"WebPage","@id":"https:\/\/chateaulafargue-france.com\/en\/product\/chateau-lafargue-red-2018-grand-vin-de-pessac-leognan\/","url":"https:\/\/chateaulafargue-france.com\/en\/product\/chateau-lafargue-red-2018-grand-vin-de-pessac-leognan\/","name":"Ch\u00e2teau Lafargue Red 2018 - Grand Vin de Pessac-L\u00e9ognan - Ch\u00e2teau Lafargue - Pessac L\u00e9ognan","isPartOf":{"@id":"https:\/\/chateaulafargue-france.com\/en\/#website"},"primaryImageOfPage":{"@id":"https:\/\/chateaulafargue-france.com\/en\/product\/chateau-lafargue-red-2018-grand-vin-de-pessac-leognan\/#primaryimage"},"image":{"@id":"https:\/\/chateaulafargue-france.com\/en\/product\/chateau-lafargue-red-2018-grand-vin-de-pessac-leognan\/#primaryimage"},"thumbnailUrl":"https:\/\/chateaulafargue-france.com\/wp-content\/uploads\/2021\/02\/Rouge-2018.png","datePublished":"2021-10-05T19:38:26+00:00","dateModified":"2022-10-13T14:54:49+00:00","breadcrumb":{"@id":"https:\/\/chateaulafargue-france.com\/en\/product\/chateau-lafargue-red-2018-grand-vin-de-pessac-leognan\/#breadcrumb"},"inLanguage":"en-US","potentialAction":[{"@type":"ReadAction","target":["https:\/\/chateaulafargue-france.com\/en\/product\/chateau-lafargue-red-2018-grand-vin-de-pessac-leognan\/"]}]},{"@type":"ImageObject","inLanguage":"en-US","@id":"https:\/\/chateaulafargue-france.com\/en\/product\/chateau-lafargue-red-2018-grand-vin-de-pessac-leognan\/#primaryimage","url":"https:\/\/chateaulafargue-france.com\/wp-content\/uploads\/2021\/02\/Rouge-2018.png","contentUrl":"https:\/\/chateaulafargue-france.com\/wp-content\/uploads\/2021\/02\/Rouge-2018.png","width":600,"height":600,"caption":"chateau lafargue pessac leognan 2019"},{"@type":"BreadcrumbList","@id":"https:\/\/chateaulafargue-france.com\/en\/product\/chateau-lafargue-red-2018-grand-vin-de-pessac-leognan\/#breadcrumb","itemListElement":[{"@type":"ListItem","position":1,"name":"Accueil","item":"https:\/\/chateaulafargue-france.com\/en\/"},{"@type":"ListItem","position":2,"name":"Shop","item":"https:\/\/chateaulafargue-france.com\/en\/shop\/"},{"@type":"ListItem","position":3,"name":"Ch\u00e2teau Lafargue Red 2018 &#8211; Grand Vin de Pessac-L\u00e9ognan"}]},{"@type":"WebSite","@id":"https:\/\/chateaulafargue-france.com\/en\/#website","url":"https:\/\/chateaulafargue-france.com\/en\/","name":"Ch\u00e2teau Lafargue - Pessac L\u00e9ognan","description":"Vigneron ind\u00e9pendant","publisher":{"@id":"https:\/\/chateaulafargue-france.com\/en\/#organization"},"potentialAction":[{"@type":"SearchAction","target":{"@type":"EntryPoint","urlTemplate":"https:\/\/chateaulafargue-france.com\/en\/?s={search_term_string}"},"query-input":{"@type":"PropertyValueSpecification","valueRequired":true,"valueName":"search_term_string"}}],"inLanguage":"en-US"},{"@type":"Organization","@id":"https:\/\/chateaulafargue-france.com\/en\/#organization","name":"Chateau Lafargue","url":"https:\/\/chateaulafargue-france.com\/en\/","logo":{"@type":"ImageObject","inLanguage":"en-US","@id":"https:\/\/chateaulafargue-france.com\/en\/#\/schema\/logo\/image\/","url":"https:\/\/chateaulafargue-france.com\/wp-content\/uploads\/2020\/07\/logo-fond-noir.jpg","contentUrl":"https:\/\/chateaulafargue-france.com\/wp-content\/uploads\/2020\/07\/logo-fond-noir.jpg","width":350,"height":168,"caption":"Chateau Lafargue"},"image":{"@id":"https:\/\/chateaulafargue-france.com\/en\/#\/schema\/logo\/image\/"}}]}},"_links":{"self":[{"href":"https:\/\/chateaulafargue-france.com\/en\/wp-json\/wp\/v2\/product\/34132","targetHints":{"allow":["GET"]}}],"collection":[{"href":"https:\/\/chateaulafargue-france.com\/en\/wp-json\/wp\/v2\/product"}],"about":[{"href":"https:\/\/chateaulafargue-france.com\/en\/wp-json\/wp\/v2\/types\/product"}],"replies":[{"embeddable":true,"href":"https:\/\/chateaulafargue-france.com\/en\/wp-json\/wp\/v2\/comments?post=34132"}],"wp:featuredmedia":[{"embeddable":true,"href":"https:\/\/chateaulafargue-france.com\/en\/wp-json\/wp\/v2\/media\/33893"}],"wp:attachment":[{"href":"https:\/\/chateaulafargue-france.com\/en\/wp-json\/wp\/v2\/media?parent=34132"}],"wp:term":[{"taxonomy":"product_brand","embeddable":true,"href":"https:\/\/chateaulafargue-france.com\/en\/wp-json\/wp\/v2\/product_brand?post=34132"},{"taxonomy":"product_cat","embeddable":true,"href":"https:\/\/chateaulafargue-france.com\/en\/wp-json\/wp\/v2\/product_cat?post=34132"},{"taxonomy":"product_tag","embeddable":true,"href":"https:\/\/chateaulafargue-france.com\/en\/wp-json\/wp\/v2\/product_tag?post=34132"}],"curies":[{"name":"wp","href":"https:\/\/api.w.org\/{rel}","templated":true}]}}