{"id":34135,"date":"2021-02-04T18:09:04","date_gmt":"2021-10-05T19:40:22","guid":{"rendered":"https:\/\/chateaulafargue-france.com\/produit\/dauphin-du-chateau-lafargue-2017-pessac-leognan\/"},"modified":"2021-10-19T10:28:33","modified_gmt":"2021-10-19T08:28:33","slug":"dauphin-du-chateau-lafargue-2017-pessac-leognan-2","status":"publish","type":"product","link":"https:\/\/chateaulafargue-france.com\/en\/product\/dauphin-du-chateau-lafargue-2017-pessac-leognan-2\/","title":{"rendered":"Dauphin du Ch\u00e2teau Lafargue 2017 &#8211; Pessac-L\u00e9ognan"},"content":{"rendered":"<p><strong>Ch\u00e2teau Lafargue\u2019s second wine.<\/strong><\/p>\n<p>Pleasant, fresh, toasty nose. The oakiness is refined and elegant, on the palate, the wine is straightforward and generous, with plenty of substance. A supple attack, medium-bodied, structured evolution with retronasal aromas of black fruit and toasted notes.<\/p>\n","protected":false},"excerpt":{"rendered":"<p>Ch\u00e2teau Lafargue\u2019s second wine. Pleasant, fresh, toasty nose. The oakiness is refined and elegant, on the palate, the wine is straightforward and generous, with plenty of substance. A supple attack, medium-bodied, structured evolution with retronasal aromas of black fruit and toasted notes.<\/p>\n","protected":false},"featured_media":33890,"comment_status":"open","ping_status":"closed","template":"","meta":{"_et_pb_use_builder":"off","_et_pb_old_content":"Cuv\u00e9e made from a selection of vielles vignes (vines over 40 years old), aged for 16 to 18 months in barrels.\r\nBeautiful deep, dark colour. Complex nose with exceptional freshness, accompanied by toasted and spicy notes. The palate is full-bodied and structured with a beautiful liveliness, length, and remarkable aromatic persistence.","_et_gb_content_width":""},"product_brand":[],"product_cat":[74,79],"product_tag":[],"class_list":{"0":"post-34135","1":"product","2":"type-product","3":"status-publish","4":"has-post-thumbnail","6":"product_cat-2017-en","7":"product_cat-red","8":"pa_taille-bottle","10":"first","11":"outofstock","12":"taxable","13":"shipping-taxable","14":"purchasable","15":"product-type-variable","16":"has-default-attributes"},"yoast_head":"<!-- This site is optimized with the Yoast SEO plugin v27.3 - https:\/\/yoast.com\/product\/yoast-seo-wordpress\/ -->\n<title>Dauphin du Ch\u00e2teau Lafargue 2017 - Pessac-L\u00e9ognan - Ch\u00e2teau Lafargue - Pessac L\u00e9ognan<\/title>\n<meta name=\"robots\" content=\"index, follow, max-snippet:-1, max-image-preview:large, max-video-preview:-1\" \/>\n<link rel=\"canonical\" href=\"https:\/\/chateaulafargue-france.com\/en\/product\/dauphin-du-chateau-lafargue-2017-pessac-leognan-2\/\" \/>\n<meta property=\"og:locale\" content=\"en_US\" \/>\n<meta property=\"og:type\" content=\"article\" \/>\n<meta property=\"og:title\" content=\"Dauphin du Ch\u00e2teau Lafargue 2017 - Pessac-L\u00e9ognan - Ch\u00e2teau Lafargue - Pessac L\u00e9ognan\" \/>\n<meta property=\"og:description\" content=\"Ch\u00e2teau Lafargue\u2019s second wine. Pleasant, fresh, toasty nose. The oakiness is refined and elegant, on the palate, the wine is straightforward and generous, with plenty of substance. A supple attack, medium-bodied, structured evolution with retronasal aromas of black fruit and toasted notes.\" \/>\n<meta property=\"og:url\" content=\"https:\/\/chateaulafargue-france.com\/en\/product\/dauphin-du-chateau-lafargue-2017-pessac-leognan-2\/\" \/>\n<meta property=\"og:site_name\" content=\"Ch\u00e2teau Lafargue - Pessac L\u00e9ognan\" \/>\n<meta property=\"article:modified_time\" content=\"2021-10-19T08:28:33+00:00\" \/>\n<meta property=\"og:image\" content=\"https:\/\/chateaulafargue-france.com\/wp-content\/uploads\/2021\/02\/Dauphin-2017.png\" \/>\n\t<meta property=\"og:image:width\" content=\"600\" \/>\n\t<meta property=\"og:image:height\" content=\"600\" \/>\n\t<meta property=\"og:image:type\" content=\"image\/png\" \/>\n<meta name=\"twitter:card\" content=\"summary_large_image\" \/>\n<script type=\"application\/ld+json\" class=\"yoast-schema-graph\">{\"@context\":\"https:\\\/\\\/schema.org\",\"@graph\":[{\"@type\":\"WebPage\",\"@id\":\"https:\\\/\\\/chateaulafargue-france.com\\\/en\\\/product\\\/dauphin-du-chateau-lafargue-2017-pessac-leognan-2\\\/\",\"url\":\"https:\\\/\\\/chateaulafargue-france.com\\\/en\\\/product\\\/dauphin-du-chateau-lafargue-2017-pessac-leognan-2\\\/\",\"name\":\"Dauphin du Ch\u00e2teau Lafargue 2017 - Pessac-L\u00e9ognan - Ch\u00e2teau Lafargue - Pessac L\u00e9ognan\",\"isPartOf\":{\"@id\":\"https:\\\/\\\/chateaulafargue-france.com\\\/en\\\/#website\"},\"primaryImageOfPage\":{\"@id\":\"https:\\\/\\\/chateaulafargue-france.com\\\/en\\\/product\\\/dauphin-du-chateau-lafargue-2017-pessac-leognan-2\\\/#primaryimage\"},\"image\":{\"@id\":\"https:\\\/\\\/chateaulafargue-france.com\\\/en\\\/product\\\/dauphin-du-chateau-lafargue-2017-pessac-leognan-2\\\/#primaryimage\"},\"thumbnailUrl\":\"https:\\\/\\\/chateaulafargue-france.com\\\/wp-content\\\/uploads\\\/2021\\\/02\\\/Dauphin-2017.png\",\"datePublished\":\"2021-10-05T19:40:22+00:00\",\"dateModified\":\"2021-10-19T08:28:33+00:00\",\"breadcrumb\":{\"@id\":\"https:\\\/\\\/chateaulafargue-france.com\\\/en\\\/product\\\/dauphin-du-chateau-lafargue-2017-pessac-leognan-2\\\/#breadcrumb\"},\"inLanguage\":\"en-US\",\"potentialAction\":[{\"@type\":\"ReadAction\",\"target\":[\"https:\\\/\\\/chateaulafargue-france.com\\\/en\\\/product\\\/dauphin-du-chateau-lafargue-2017-pessac-leognan-2\\\/\"]}]},{\"@type\":\"ImageObject\",\"inLanguage\":\"en-US\",\"@id\":\"https:\\\/\\\/chateaulafargue-france.com\\\/en\\\/product\\\/dauphin-du-chateau-lafargue-2017-pessac-leognan-2\\\/#primaryimage\",\"url\":\"https:\\\/\\\/chateaulafargue-france.com\\\/wp-content\\\/uploads\\\/2021\\\/02\\\/Dauphin-2017.png\",\"contentUrl\":\"https:\\\/\\\/chateaulafargue-france.com\\\/wp-content\\\/uploads\\\/2021\\\/02\\\/Dauphin-2017.png\",\"width\":600,\"height\":600,\"caption\":\"chateau lafargue pessac leognan Dauphin 2017\"},{\"@type\":\"BreadcrumbList\",\"@id\":\"https:\\\/\\\/chateaulafargue-france.com\\\/en\\\/product\\\/dauphin-du-chateau-lafargue-2017-pessac-leognan-2\\\/#breadcrumb\",\"itemListElement\":[{\"@type\":\"ListItem\",\"position\":1,\"name\":\"Accueil\",\"item\":\"https:\\\/\\\/chateaulafargue-france.com\\\/en\\\/\"},{\"@type\":\"ListItem\",\"position\":2,\"name\":\"Shop\",\"item\":\"https:\\\/\\\/chateaulafargue-france.com\\\/en\\\/shop\\\/\"},{\"@type\":\"ListItem\",\"position\":3,\"name\":\"Dauphin du Ch\u00e2teau Lafargue 2017 &#8211; Pessac-L\u00e9ognan\"}]},{\"@type\":\"WebSite\",\"@id\":\"https:\\\/\\\/chateaulafargue-france.com\\\/en\\\/#website\",\"url\":\"https:\\\/\\\/chateaulafargue-france.com\\\/en\\\/\",\"name\":\"Ch\u00e2teau Lafargue - Pessac L\u00e9ognan\",\"description\":\"Vigneron ind\u00e9pendant\",\"publisher\":{\"@id\":\"https:\\\/\\\/chateaulafargue-france.com\\\/en\\\/#organization\"},\"potentialAction\":[{\"@type\":\"SearchAction\",\"target\":{\"@type\":\"EntryPoint\",\"urlTemplate\":\"https:\\\/\\\/chateaulafargue-france.com\\\/en\\\/?s={search_term_string}\"},\"query-input\":{\"@type\":\"PropertyValueSpecification\",\"valueRequired\":true,\"valueName\":\"search_term_string\"}}],\"inLanguage\":\"en-US\"},{\"@type\":\"Organization\",\"@id\":\"https:\\\/\\\/chateaulafargue-france.com\\\/en\\\/#organization\",\"name\":\"Chateau Lafargue\",\"url\":\"https:\\\/\\\/chateaulafargue-france.com\\\/en\\\/\",\"logo\":{\"@type\":\"ImageObject\",\"inLanguage\":\"en-US\",\"@id\":\"https:\\\/\\\/chateaulafargue-france.com\\\/en\\\/#\\\/schema\\\/logo\\\/image\\\/\",\"url\":\"https:\\\/\\\/chateaulafargue-france.com\\\/wp-content\\\/uploads\\\/2020\\\/07\\\/logo-fond-noir.jpg\",\"contentUrl\":\"https:\\\/\\\/chateaulafargue-france.com\\\/wp-content\\\/uploads\\\/2020\\\/07\\\/logo-fond-noir.jpg\",\"width\":350,\"height\":168,\"caption\":\"Chateau Lafargue\"},\"image\":{\"@id\":\"https:\\\/\\\/chateaulafargue-france.com\\\/en\\\/#\\\/schema\\\/logo\\\/image\\\/\"}}]}<\/script>\n<!-- \/ Yoast SEO plugin. -->","yoast_head_json":{"title":"Dauphin du Ch\u00e2teau Lafargue 2017 - Pessac-L\u00e9ognan - Ch\u00e2teau Lafargue - Pessac L\u00e9ognan","robots":{"index":"index","follow":"follow","max-snippet":"max-snippet:-1","max-image-preview":"max-image-preview:large","max-video-preview":"max-video-preview:-1"},"canonical":"https:\/\/chateaulafargue-france.com\/en\/product\/dauphin-du-chateau-lafargue-2017-pessac-leognan-2\/","og_locale":"en_US","og_type":"article","og_title":"Dauphin du Ch\u00e2teau Lafargue 2017 - Pessac-L\u00e9ognan - Ch\u00e2teau Lafargue - Pessac L\u00e9ognan","og_description":"Ch\u00e2teau Lafargue\u2019s second wine. Pleasant, fresh, toasty nose. The oakiness is refined and elegant, on the palate, the wine is straightforward and generous, with plenty of substance. A supple attack, medium-bodied, structured evolution with retronasal aromas of black fruit and toasted notes.","og_url":"https:\/\/chateaulafargue-france.com\/en\/product\/dauphin-du-chateau-lafargue-2017-pessac-leognan-2\/","og_site_name":"Ch\u00e2teau Lafargue - Pessac L\u00e9ognan","article_modified_time":"2021-10-19T08:28:33+00:00","og_image":[{"width":600,"height":600,"url":"https:\/\/chateaulafargue-france.com\/wp-content\/uploads\/2021\/02\/Dauphin-2017.png","type":"image\/png"}],"twitter_card":"summary_large_image","schema":{"@context":"https:\/\/schema.org","@graph":[{"@type":"WebPage","@id":"https:\/\/chateaulafargue-france.com\/en\/product\/dauphin-du-chateau-lafargue-2017-pessac-leognan-2\/","url":"https:\/\/chateaulafargue-france.com\/en\/product\/dauphin-du-chateau-lafargue-2017-pessac-leognan-2\/","name":"Dauphin du Ch\u00e2teau Lafargue 2017 - Pessac-L\u00e9ognan - Ch\u00e2teau Lafargue - Pessac L\u00e9ognan","isPartOf":{"@id":"https:\/\/chateaulafargue-france.com\/en\/#website"},"primaryImageOfPage":{"@id":"https:\/\/chateaulafargue-france.com\/en\/product\/dauphin-du-chateau-lafargue-2017-pessac-leognan-2\/#primaryimage"},"image":{"@id":"https:\/\/chateaulafargue-france.com\/en\/product\/dauphin-du-chateau-lafargue-2017-pessac-leognan-2\/#primaryimage"},"thumbnailUrl":"https:\/\/chateaulafargue-france.com\/wp-content\/uploads\/2021\/02\/Dauphin-2017.png","datePublished":"2021-10-05T19:40:22+00:00","dateModified":"2021-10-19T08:28:33+00:00","breadcrumb":{"@id":"https:\/\/chateaulafargue-france.com\/en\/product\/dauphin-du-chateau-lafargue-2017-pessac-leognan-2\/#breadcrumb"},"inLanguage":"en-US","potentialAction":[{"@type":"ReadAction","target":["https:\/\/chateaulafargue-france.com\/en\/product\/dauphin-du-chateau-lafargue-2017-pessac-leognan-2\/"]}]},{"@type":"ImageObject","inLanguage":"en-US","@id":"https:\/\/chateaulafargue-france.com\/en\/product\/dauphin-du-chateau-lafargue-2017-pessac-leognan-2\/#primaryimage","url":"https:\/\/chateaulafargue-france.com\/wp-content\/uploads\/2021\/02\/Dauphin-2017.png","contentUrl":"https:\/\/chateaulafargue-france.com\/wp-content\/uploads\/2021\/02\/Dauphin-2017.png","width":600,"height":600,"caption":"chateau lafargue pessac leognan Dauphin 2017"},{"@type":"BreadcrumbList","@id":"https:\/\/chateaulafargue-france.com\/en\/product\/dauphin-du-chateau-lafargue-2017-pessac-leognan-2\/#breadcrumb","itemListElement":[{"@type":"ListItem","position":1,"name":"Accueil","item":"https:\/\/chateaulafargue-france.com\/en\/"},{"@type":"ListItem","position":2,"name":"Shop","item":"https:\/\/chateaulafargue-france.com\/en\/shop\/"},{"@type":"ListItem","position":3,"name":"Dauphin du Ch\u00e2teau Lafargue 2017 &#8211; Pessac-L\u00e9ognan"}]},{"@type":"WebSite","@id":"https:\/\/chateaulafargue-france.com\/en\/#website","url":"https:\/\/chateaulafargue-france.com\/en\/","name":"Ch\u00e2teau Lafargue - Pessac L\u00e9ognan","description":"Vigneron ind\u00e9pendant","publisher":{"@id":"https:\/\/chateaulafargue-france.com\/en\/#organization"},"potentialAction":[{"@type":"SearchAction","target":{"@type":"EntryPoint","urlTemplate":"https:\/\/chateaulafargue-france.com\/en\/?s={search_term_string}"},"query-input":{"@type":"PropertyValueSpecification","valueRequired":true,"valueName":"search_term_string"}}],"inLanguage":"en-US"},{"@type":"Organization","@id":"https:\/\/chateaulafargue-france.com\/en\/#organization","name":"Chateau Lafargue","url":"https:\/\/chateaulafargue-france.com\/en\/","logo":{"@type":"ImageObject","inLanguage":"en-US","@id":"https:\/\/chateaulafargue-france.com\/en\/#\/schema\/logo\/image\/","url":"https:\/\/chateaulafargue-france.com\/wp-content\/uploads\/2020\/07\/logo-fond-noir.jpg","contentUrl":"https:\/\/chateaulafargue-france.com\/wp-content\/uploads\/2020\/07\/logo-fond-noir.jpg","width":350,"height":168,"caption":"Chateau Lafargue"},"image":{"@id":"https:\/\/chateaulafargue-france.com\/en\/#\/schema\/logo\/image\/"}}]}},"_links":{"self":[{"href":"https:\/\/chateaulafargue-france.com\/en\/wp-json\/wp\/v2\/product\/34135","targetHints":{"allow":["GET"]}}],"collection":[{"href":"https:\/\/chateaulafargue-france.com\/en\/wp-json\/wp\/v2\/product"}],"about":[{"href":"https:\/\/chateaulafargue-france.com\/en\/wp-json\/wp\/v2\/types\/product"}],"replies":[{"embeddable":true,"href":"https:\/\/chateaulafargue-france.com\/en\/wp-json\/wp\/v2\/comments?post=34135"}],"wp:featuredmedia":[{"embeddable":true,"href":"https:\/\/chateaulafargue-france.com\/en\/wp-json\/wp\/v2\/media\/33890"}],"wp:attachment":[{"href":"https:\/\/chateaulafargue-france.com\/en\/wp-json\/wp\/v2\/media?parent=34135"}],"wp:term":[{"taxonomy":"product_brand","embeddable":true,"href":"https:\/\/chateaulafargue-france.com\/en\/wp-json\/wp\/v2\/product_brand?post=34135"},{"taxonomy":"product_cat","embeddable":true,"href":"https:\/\/chateaulafargue-france.com\/en\/wp-json\/wp\/v2\/product_cat?post=34135"},{"taxonomy":"product_tag","embeddable":true,"href":"https:\/\/chateaulafargue-france.com\/en\/wp-json\/wp\/v2\/product_tag?post=34135"}],"curies":[{"name":"wp","href":"https:\/\/api.w.org\/{rel}","templated":true}]}}