{"id":36902,"date":"2022-09-26T11:05:15","date_gmt":"2022-10-13T08:06:53","guid":{"rendered":"https:\/\/chateaulafargue-france.com\/?post_type=product&#038;p=36902"},"modified":"2022-10-13T10:07:56","modified_gmt":"2022-10-13T08:07:56","slug":"chateau-lafargue-white-2020-cuvee-alexandre-pessac-leognan","status":"publish","type":"product","link":"https:\/\/chateaulafargue-france.com\/en\/product\/chateau-lafargue-white-2020-cuvee-alexandre-pessac-leognan\/","title":{"rendered":"Ch\u00e2teau Lafargue White 2020 &#8211; Cuv\u00e9e Alexandre &#8211; Pessac-L\u00e9ognan"},"content":{"rendered":"<p>Pale yellow colour. The airy nose opens with characters of grapefruit, exotic fruits, ripe white and yellow fruits, combined with an elegant, fine woody. The attack on the palate is supple with a nice fullness. As it evolves, we find expressions of citrus fruits and ripe white fruits, well supported by a certain tension and liveliness.<br \/>\n<strong>Elegance and finesse associated with a beautiful aromatic persistence.<br \/>\n<\/strong><\/p>\n","protected":false},"excerpt":{"rendered":"<p>Pale yellow colour. The airy nose opens with characters of grapefruit, exotic fruits, ripe white and yellow fruits, combined with an elegant, fine woody. The attack on the palate is supple with a nice fullness. As it evolves, we find expressions of citrus fruits and ripe white fruits, well supported by a certain tension and [&hellip;]<\/p>\n","protected":false},"featured_media":36891,"comment_status":"open","ping_status":"closed","template":"","meta":{"_et_pb_use_builder":"off","_et_pb_old_content":"","_et_gb_content_width":""},"product_brand":[],"product_cat":[105,77],"product_tag":[],"class_list":{"0":"post-36902","1":"product","2":"type-product","3":"status-publish","4":"has-post-thumbnail","6":"product_cat-2020-en","7":"product_cat-white","8":"pa_taille-bottle","9":"pa_taille-magnum-en","11":"first","12":"instock","13":"taxable","14":"shipping-taxable","15":"purchasable","16":"product-type-variable"},"yoast_head":"<!-- This site is optimized with the Yoast SEO plugin v27.3 - https:\/\/yoast.com\/product\/yoast-seo-wordpress\/ -->\n<title>Ch\u00e2teau Lafargue White 2020 - Cuv\u00e9e Alexandre - Pessac-L\u00e9ognan - Ch\u00e2teau Lafargue - Pessac L\u00e9ognan<\/title>\n<meta name=\"robots\" content=\"index, follow, max-snippet:-1, max-image-preview:large, max-video-preview:-1\" \/>\n<link rel=\"canonical\" href=\"https:\/\/chateaulafargue-france.com\/en\/product\/chateau-lafargue-white-2020-cuvee-alexandre-pessac-leognan\/\" \/>\n<meta property=\"og:locale\" content=\"en_US\" \/>\n<meta property=\"og:type\" content=\"article\" \/>\n<meta property=\"og:title\" content=\"Ch\u00e2teau Lafargue White 2020 - Cuv\u00e9e Alexandre - Pessac-L\u00e9ognan - Ch\u00e2teau Lafargue - Pessac L\u00e9ognan\" \/>\n<meta property=\"og:description\" content=\"Pale yellow colour. The airy nose opens with characters of grapefruit, exotic fruits, ripe white and yellow fruits, combined with an elegant, fine woody. The attack on the palate is supple with a nice fullness. As it evolves, we find expressions of citrus fruits and ripe white fruits, well supported by a certain tension and [&hellip;]\" \/>\n<meta property=\"og:url\" content=\"https:\/\/chateaulafargue-france.com\/en\/product\/chateau-lafargue-white-2020-cuvee-alexandre-pessac-leognan\/\" \/>\n<meta property=\"og:site_name\" content=\"Ch\u00e2teau Lafargue - Pessac L\u00e9ognan\" \/>\n<meta property=\"article:modified_time\" content=\"2022-10-13T08:07:56+00:00\" \/>\n<meta property=\"og:image\" content=\"https:\/\/chateaulafargue-france.com\/wp-content\/uploads\/2022\/09\/chateau-Lafargue-Blanc-2020-det.png\" \/>\n\t<meta property=\"og:image:width\" content=\"2848\" \/>\n\t<meta property=\"og:image:height\" content=\"4288\" \/>\n\t<meta property=\"og:image:type\" content=\"image\/png\" \/>\n<meta name=\"twitter:card\" content=\"summary_large_image\" \/>\n<script type=\"application\/ld+json\" class=\"yoast-schema-graph\">{\"@context\":\"https:\\\/\\\/schema.org\",\"@graph\":[{\"@type\":\"WebPage\",\"@id\":\"https:\\\/\\\/chateaulafargue-france.com\\\/en\\\/product\\\/chateau-lafargue-white-2020-cuvee-alexandre-pessac-leognan\\\/\",\"url\":\"https:\\\/\\\/chateaulafargue-france.com\\\/en\\\/product\\\/chateau-lafargue-white-2020-cuvee-alexandre-pessac-leognan\\\/\",\"name\":\"Ch\u00e2teau Lafargue White 2020 - Cuv\u00e9e Alexandre - Pessac-L\u00e9ognan - Ch\u00e2teau Lafargue - Pessac L\u00e9ognan\",\"isPartOf\":{\"@id\":\"https:\\\/\\\/chateaulafargue-france.com\\\/en\\\/#website\"},\"primaryImageOfPage\":{\"@id\":\"https:\\\/\\\/chateaulafargue-france.com\\\/en\\\/product\\\/chateau-lafargue-white-2020-cuvee-alexandre-pessac-leognan\\\/#primaryimage\"},\"image\":{\"@id\":\"https:\\\/\\\/chateaulafargue-france.com\\\/en\\\/product\\\/chateau-lafargue-white-2020-cuvee-alexandre-pessac-leognan\\\/#primaryimage\"},\"thumbnailUrl\":\"https:\\\/\\\/chateaulafargue-france.com\\\/wp-content\\\/uploads\\\/2022\\\/09\\\/chateau-Lafargue-Blanc-2020-det.png\",\"datePublished\":\"2022-10-13T08:06:53+00:00\",\"dateModified\":\"2022-10-13T08:07:56+00:00\",\"breadcrumb\":{\"@id\":\"https:\\\/\\\/chateaulafargue-france.com\\\/en\\\/product\\\/chateau-lafargue-white-2020-cuvee-alexandre-pessac-leognan\\\/#breadcrumb\"},\"inLanguage\":\"en-US\",\"potentialAction\":[{\"@type\":\"ReadAction\",\"target\":[\"https:\\\/\\\/chateaulafargue-france.com\\\/en\\\/product\\\/chateau-lafargue-white-2020-cuvee-alexandre-pessac-leognan\\\/\"]}]},{\"@type\":\"ImageObject\",\"inLanguage\":\"en-US\",\"@id\":\"https:\\\/\\\/chateaulafargue-france.com\\\/en\\\/product\\\/chateau-lafargue-white-2020-cuvee-alexandre-pessac-leognan\\\/#primaryimage\",\"url\":\"https:\\\/\\\/chateaulafargue-france.com\\\/wp-content\\\/uploads\\\/2022\\\/09\\\/chateau-Lafargue-Blanc-2020-det.png\",\"contentUrl\":\"https:\\\/\\\/chateaulafargue-france.com\\\/wp-content\\\/uploads\\\/2022\\\/09\\\/chateau-Lafargue-Blanc-2020-det.png\",\"width\":2848,\"height\":4288},{\"@type\":\"BreadcrumbList\",\"@id\":\"https:\\\/\\\/chateaulafargue-france.com\\\/en\\\/product\\\/chateau-lafargue-white-2020-cuvee-alexandre-pessac-leognan\\\/#breadcrumb\",\"itemListElement\":[{\"@type\":\"ListItem\",\"position\":1,\"name\":\"Accueil\",\"item\":\"https:\\\/\\\/chateaulafargue-france.com\\\/en\\\/\"},{\"@type\":\"ListItem\",\"position\":2,\"name\":\"Shop\",\"item\":\"https:\\\/\\\/chateaulafargue-france.com\\\/en\\\/shop\\\/\"},{\"@type\":\"ListItem\",\"position\":3,\"name\":\"Ch\u00e2teau Lafargue White 2020 &#8211; Cuv\u00e9e Alexandre &#8211; Pessac-L\u00e9ognan\"}]},{\"@type\":\"WebSite\",\"@id\":\"https:\\\/\\\/chateaulafargue-france.com\\\/en\\\/#website\",\"url\":\"https:\\\/\\\/chateaulafargue-france.com\\\/en\\\/\",\"name\":\"Ch\u00e2teau Lafargue - Pessac L\u00e9ognan\",\"description\":\"Vigneron ind\u00e9pendant\",\"publisher\":{\"@id\":\"https:\\\/\\\/chateaulafargue-france.com\\\/en\\\/#organization\"},\"potentialAction\":[{\"@type\":\"SearchAction\",\"target\":{\"@type\":\"EntryPoint\",\"urlTemplate\":\"https:\\\/\\\/chateaulafargue-france.com\\\/en\\\/?s={search_term_string}\"},\"query-input\":{\"@type\":\"PropertyValueSpecification\",\"valueRequired\":true,\"valueName\":\"search_term_string\"}}],\"inLanguage\":\"en-US\"},{\"@type\":\"Organization\",\"@id\":\"https:\\\/\\\/chateaulafargue-france.com\\\/en\\\/#organization\",\"name\":\"Chateau Lafargue\",\"url\":\"https:\\\/\\\/chateaulafargue-france.com\\\/en\\\/\",\"logo\":{\"@type\":\"ImageObject\",\"inLanguage\":\"en-US\",\"@id\":\"https:\\\/\\\/chateaulafargue-france.com\\\/en\\\/#\\\/schema\\\/logo\\\/image\\\/\",\"url\":\"https:\\\/\\\/chateaulafargue-france.com\\\/wp-content\\\/uploads\\\/2020\\\/07\\\/logo-fond-noir.jpg\",\"contentUrl\":\"https:\\\/\\\/chateaulafargue-france.com\\\/wp-content\\\/uploads\\\/2020\\\/07\\\/logo-fond-noir.jpg\",\"width\":350,\"height\":168,\"caption\":\"Chateau Lafargue\"},\"image\":{\"@id\":\"https:\\\/\\\/chateaulafargue-france.com\\\/en\\\/#\\\/schema\\\/logo\\\/image\\\/\"}}]}<\/script>\n<!-- \/ Yoast SEO plugin. -->","yoast_head_json":{"title":"Ch\u00e2teau Lafargue White 2020 - Cuv\u00e9e Alexandre - Pessac-L\u00e9ognan - Ch\u00e2teau Lafargue - Pessac L\u00e9ognan","robots":{"index":"index","follow":"follow","max-snippet":"max-snippet:-1","max-image-preview":"max-image-preview:large","max-video-preview":"max-video-preview:-1"},"canonical":"https:\/\/chateaulafargue-france.com\/en\/product\/chateau-lafargue-white-2020-cuvee-alexandre-pessac-leognan\/","og_locale":"en_US","og_type":"article","og_title":"Ch\u00e2teau Lafargue White 2020 - Cuv\u00e9e Alexandre - Pessac-L\u00e9ognan - Ch\u00e2teau Lafargue - Pessac L\u00e9ognan","og_description":"Pale yellow colour. The airy nose opens with characters of grapefruit, exotic fruits, ripe white and yellow fruits, combined with an elegant, fine woody. The attack on the palate is supple with a nice fullness. As it evolves, we find expressions of citrus fruits and ripe white fruits, well supported by a certain tension and [&hellip;]","og_url":"https:\/\/chateaulafargue-france.com\/en\/product\/chateau-lafargue-white-2020-cuvee-alexandre-pessac-leognan\/","og_site_name":"Ch\u00e2teau Lafargue - Pessac L\u00e9ognan","article_modified_time":"2022-10-13T08:07:56+00:00","og_image":[{"width":2848,"height":4288,"url":"https:\/\/chateaulafargue-france.com\/wp-content\/uploads\/2022\/09\/chateau-Lafargue-Blanc-2020-det.png","type":"image\/png"}],"twitter_card":"summary_large_image","schema":{"@context":"https:\/\/schema.org","@graph":[{"@type":"WebPage","@id":"https:\/\/chateaulafargue-france.com\/en\/product\/chateau-lafargue-white-2020-cuvee-alexandre-pessac-leognan\/","url":"https:\/\/chateaulafargue-france.com\/en\/product\/chateau-lafargue-white-2020-cuvee-alexandre-pessac-leognan\/","name":"Ch\u00e2teau Lafargue White 2020 - Cuv\u00e9e Alexandre - Pessac-L\u00e9ognan - Ch\u00e2teau Lafargue - Pessac L\u00e9ognan","isPartOf":{"@id":"https:\/\/chateaulafargue-france.com\/en\/#website"},"primaryImageOfPage":{"@id":"https:\/\/chateaulafargue-france.com\/en\/product\/chateau-lafargue-white-2020-cuvee-alexandre-pessac-leognan\/#primaryimage"},"image":{"@id":"https:\/\/chateaulafargue-france.com\/en\/product\/chateau-lafargue-white-2020-cuvee-alexandre-pessac-leognan\/#primaryimage"},"thumbnailUrl":"https:\/\/chateaulafargue-france.com\/wp-content\/uploads\/2022\/09\/chateau-Lafargue-Blanc-2020-det.png","datePublished":"2022-10-13T08:06:53+00:00","dateModified":"2022-10-13T08:07:56+00:00","breadcrumb":{"@id":"https:\/\/chateaulafargue-france.com\/en\/product\/chateau-lafargue-white-2020-cuvee-alexandre-pessac-leognan\/#breadcrumb"},"inLanguage":"en-US","potentialAction":[{"@type":"ReadAction","target":["https:\/\/chateaulafargue-france.com\/en\/product\/chateau-lafargue-white-2020-cuvee-alexandre-pessac-leognan\/"]}]},{"@type":"ImageObject","inLanguage":"en-US","@id":"https:\/\/chateaulafargue-france.com\/en\/product\/chateau-lafargue-white-2020-cuvee-alexandre-pessac-leognan\/#primaryimage","url":"https:\/\/chateaulafargue-france.com\/wp-content\/uploads\/2022\/09\/chateau-Lafargue-Blanc-2020-det.png","contentUrl":"https:\/\/chateaulafargue-france.com\/wp-content\/uploads\/2022\/09\/chateau-Lafargue-Blanc-2020-det.png","width":2848,"height":4288},{"@type":"BreadcrumbList","@id":"https:\/\/chateaulafargue-france.com\/en\/product\/chateau-lafargue-white-2020-cuvee-alexandre-pessac-leognan\/#breadcrumb","itemListElement":[{"@type":"ListItem","position":1,"name":"Accueil","item":"https:\/\/chateaulafargue-france.com\/en\/"},{"@type":"ListItem","position":2,"name":"Shop","item":"https:\/\/chateaulafargue-france.com\/en\/shop\/"},{"@type":"ListItem","position":3,"name":"Ch\u00e2teau Lafargue White 2020 &#8211; Cuv\u00e9e Alexandre &#8211; Pessac-L\u00e9ognan"}]},{"@type":"WebSite","@id":"https:\/\/chateaulafargue-france.com\/en\/#website","url":"https:\/\/chateaulafargue-france.com\/en\/","name":"Ch\u00e2teau Lafargue - Pessac L\u00e9ognan","description":"Vigneron ind\u00e9pendant","publisher":{"@id":"https:\/\/chateaulafargue-france.com\/en\/#organization"},"potentialAction":[{"@type":"SearchAction","target":{"@type":"EntryPoint","urlTemplate":"https:\/\/chateaulafargue-france.com\/en\/?s={search_term_string}"},"query-input":{"@type":"PropertyValueSpecification","valueRequired":true,"valueName":"search_term_string"}}],"inLanguage":"en-US"},{"@type":"Organization","@id":"https:\/\/chateaulafargue-france.com\/en\/#organization","name":"Chateau Lafargue","url":"https:\/\/chateaulafargue-france.com\/en\/","logo":{"@type":"ImageObject","inLanguage":"en-US","@id":"https:\/\/chateaulafargue-france.com\/en\/#\/schema\/logo\/image\/","url":"https:\/\/chateaulafargue-france.com\/wp-content\/uploads\/2020\/07\/logo-fond-noir.jpg","contentUrl":"https:\/\/chateaulafargue-france.com\/wp-content\/uploads\/2020\/07\/logo-fond-noir.jpg","width":350,"height":168,"caption":"Chateau Lafargue"},"image":{"@id":"https:\/\/chateaulafargue-france.com\/en\/#\/schema\/logo\/image\/"}}]}},"_links":{"self":[{"href":"https:\/\/chateaulafargue-france.com\/en\/wp-json\/wp\/v2\/product\/36902","targetHints":{"allow":["GET"]}}],"collection":[{"href":"https:\/\/chateaulafargue-france.com\/en\/wp-json\/wp\/v2\/product"}],"about":[{"href":"https:\/\/chateaulafargue-france.com\/en\/wp-json\/wp\/v2\/types\/product"}],"replies":[{"embeddable":true,"href":"https:\/\/chateaulafargue-france.com\/en\/wp-json\/wp\/v2\/comments?post=36902"}],"wp:featuredmedia":[{"embeddable":true,"href":"https:\/\/chateaulafargue-france.com\/en\/wp-json\/wp\/v2\/media\/36891"}],"wp:attachment":[{"href":"https:\/\/chateaulafargue-france.com\/en\/wp-json\/wp\/v2\/media?parent=36902"}],"wp:term":[{"taxonomy":"product_brand","embeddable":true,"href":"https:\/\/chateaulafargue-france.com\/en\/wp-json\/wp\/v2\/product_brand?post=36902"},{"taxonomy":"product_cat","embeddable":true,"href":"https:\/\/chateaulafargue-france.com\/en\/wp-json\/wp\/v2\/product_cat?post=36902"},{"taxonomy":"product_tag","embeddable":true,"href":"https:\/\/chateaulafargue-france.com\/en\/wp-json\/wp\/v2\/product_tag?post=36902"}],"curies":[{"name":"wp","href":"https:\/\/api.w.org\/{rel}","templated":true}]}}