{"id":36908,"date":"2022-09-26T10:50:56","date_gmt":"2022-10-13T08:10:21","guid":{"rendered":"https:\/\/chateaulafargue-france.com\/?post_type=product&#038;p=36908"},"modified":"2022-10-13T10:10:33","modified_gmt":"2022-10-13T08:10:33","slug":"chateau-lafargue-rouge-2020-grand-vin-de-pessac-leognan","status":"publish","type":"product","link":"https:\/\/chateaulafargue-france.com\/en\/product\/chateau-lafargue-rouge-2020-grand-vin-de-pessac-leognan\/","title":{"rendered":"Ch\u00e2teau Lafargue Rouge 2020 &#8211; Grand Vin de Pessac-L\u00e9ognan"},"content":{"rendered":"<p>Very beautiful robe, dark, deep, purplish tints. The aromatic palette is complex, starting on spices (black pepper), ripe black fruits, and evolving on fine toasted and mentholated characters. The attack on the palate is greedy, letting appear a very beautiful volume in the evolution, associated with a ripe tannic density counterbalanced by a beautiful tension. We find an aromatic range, confirming a wine with a very nice potential. <\/p>\n","protected":false},"excerpt":{"rendered":"<p>Very beautiful robe, dark, deep, purplish tints. The aromatic palette is complex, starting on spices (black pepper), ripe black fruits, and evolving on fine toasted and mentholated characters. The attack on the palate is greedy, letting appear a very beautiful volume in the evolution, associated with a ripe tannic density counterbalanced by a beautiful tension. [&hellip;]<\/p>\n","protected":false},"featured_media":36882,"comment_status":"open","ping_status":"closed","template":"","meta":{"_et_pb_use_builder":"on","_et_pb_old_content":"","_et_gb_content_width":""},"product_brand":[],"product_cat":[105,79],"product_tag":[],"class_list":{"0":"post-36908","1":"product","2":"type-product","3":"status-publish","4":"has-post-thumbnail","6":"product_cat-2020-en","7":"product_cat-red","8":"pa_taille-bottle","9":"pa_taille-magnum-en","11":"first","12":"instock","13":"taxable","14":"shipping-taxable","15":"purchasable","16":"product-type-variable"},"yoast_head":"<!-- This site is optimized with the Yoast SEO plugin v27.3 - https:\/\/yoast.com\/product\/yoast-seo-wordpress\/ -->\n<title>Ch\u00e2teau Lafargue Rouge 2020 - Grand Vin de Pessac-L\u00e9ognan - Ch\u00e2teau Lafargue - Pessac L\u00e9ognan<\/title>\n<meta name=\"robots\" content=\"index, follow, max-snippet:-1, max-image-preview:large, max-video-preview:-1\" \/>\n<link rel=\"canonical\" href=\"https:\/\/chateaulafargue-france.com\/en\/product\/chateau-lafargue-rouge-2020-grand-vin-de-pessac-leognan\/\" \/>\n<meta property=\"og:locale\" content=\"en_US\" \/>\n<meta property=\"og:type\" content=\"article\" \/>\n<meta property=\"og:title\" content=\"Ch\u00e2teau Lafargue Rouge 2020 - Grand Vin de Pessac-L\u00e9ognan - Ch\u00e2teau Lafargue - Pessac L\u00e9ognan\" \/>\n<meta property=\"og:description\" content=\"Very beautiful robe, dark, deep, purplish tints. The aromatic palette is complex, starting on spices (black pepper), ripe black fruits, and evolving on fine toasted and mentholated characters. The attack on the palate is greedy, letting appear a very beautiful volume in the evolution, associated with a ripe tannic density counterbalanced by a beautiful tension. [&hellip;]\" \/>\n<meta property=\"og:url\" content=\"https:\/\/chateaulafargue-france.com\/en\/product\/chateau-lafargue-rouge-2020-grand-vin-de-pessac-leognan\/\" \/>\n<meta property=\"og:site_name\" content=\"Ch\u00e2teau Lafargue - Pessac L\u00e9ognan\" \/>\n<meta property=\"article:modified_time\" content=\"2022-10-13T08:10:33+00:00\" \/>\n<meta property=\"og:image\" content=\"https:\/\/chateaulafargue-france.com\/wp-content\/uploads\/2022\/09\/Chateau-Lafargue-rouge-2020-det-680x1024.png\" \/>\n\t<meta property=\"og:image:width\" content=\"680\" \/>\n\t<meta property=\"og:image:height\" content=\"1024\" \/>\n\t<meta property=\"og:image:type\" content=\"image\/png\" \/>\n<meta name=\"twitter:card\" content=\"summary_large_image\" \/>\n<script type=\"application\/ld+json\" class=\"yoast-schema-graph\">{\"@context\":\"https:\\\/\\\/schema.org\",\"@graph\":[{\"@type\":\"WebPage\",\"@id\":\"https:\\\/\\\/chateaulafargue-france.com\\\/en\\\/product\\\/chateau-lafargue-rouge-2020-grand-vin-de-pessac-leognan\\\/\",\"url\":\"https:\\\/\\\/chateaulafargue-france.com\\\/en\\\/product\\\/chateau-lafargue-rouge-2020-grand-vin-de-pessac-leognan\\\/\",\"name\":\"Ch\u00e2teau Lafargue Rouge 2020 - Grand Vin de Pessac-L\u00e9ognan - Ch\u00e2teau Lafargue - Pessac L\u00e9ognan\",\"isPartOf\":{\"@id\":\"https:\\\/\\\/chateaulafargue-france.com\\\/en\\\/#website\"},\"primaryImageOfPage\":{\"@id\":\"https:\\\/\\\/chateaulafargue-france.com\\\/en\\\/product\\\/chateau-lafargue-rouge-2020-grand-vin-de-pessac-leognan\\\/#primaryimage\"},\"image\":{\"@id\":\"https:\\\/\\\/chateaulafargue-france.com\\\/en\\\/product\\\/chateau-lafargue-rouge-2020-grand-vin-de-pessac-leognan\\\/#primaryimage\"},\"thumbnailUrl\":\"https:\\\/\\\/chateaulafargue-france.com\\\/wp-content\\\/uploads\\\/2022\\\/09\\\/Chateau-Lafargue-rouge-2020-det.png\",\"datePublished\":\"2022-10-13T08:10:21+00:00\",\"dateModified\":\"2022-10-13T08:10:33+00:00\",\"breadcrumb\":{\"@id\":\"https:\\\/\\\/chateaulafargue-france.com\\\/en\\\/product\\\/chateau-lafargue-rouge-2020-grand-vin-de-pessac-leognan\\\/#breadcrumb\"},\"inLanguage\":\"en-US\",\"potentialAction\":[{\"@type\":\"ReadAction\",\"target\":[\"https:\\\/\\\/chateaulafargue-france.com\\\/en\\\/product\\\/chateau-lafargue-rouge-2020-grand-vin-de-pessac-leognan\\\/\"]}]},{\"@type\":\"ImageObject\",\"inLanguage\":\"en-US\",\"@id\":\"https:\\\/\\\/chateaulafargue-france.com\\\/en\\\/product\\\/chateau-lafargue-rouge-2020-grand-vin-de-pessac-leognan\\\/#primaryimage\",\"url\":\"https:\\\/\\\/chateaulafargue-france.com\\\/wp-content\\\/uploads\\\/2022\\\/09\\\/Chateau-Lafargue-rouge-2020-det.png\",\"contentUrl\":\"https:\\\/\\\/chateaulafargue-france.com\\\/wp-content\\\/uploads\\\/2022\\\/09\\\/Chateau-Lafargue-rouge-2020-det.png\",\"width\":2848,\"height\":4288},{\"@type\":\"BreadcrumbList\",\"@id\":\"https:\\\/\\\/chateaulafargue-france.com\\\/en\\\/product\\\/chateau-lafargue-rouge-2020-grand-vin-de-pessac-leognan\\\/#breadcrumb\",\"itemListElement\":[{\"@type\":\"ListItem\",\"position\":1,\"name\":\"Accueil\",\"item\":\"https:\\\/\\\/chateaulafargue-france.com\\\/en\\\/\"},{\"@type\":\"ListItem\",\"position\":2,\"name\":\"Shop\",\"item\":\"https:\\\/\\\/chateaulafargue-france.com\\\/en\\\/shop\\\/\"},{\"@type\":\"ListItem\",\"position\":3,\"name\":\"Ch\u00e2teau Lafargue Rouge 2020 &#8211; Grand Vin de Pessac-L\u00e9ognan\"}]},{\"@type\":\"WebSite\",\"@id\":\"https:\\\/\\\/chateaulafargue-france.com\\\/en\\\/#website\",\"url\":\"https:\\\/\\\/chateaulafargue-france.com\\\/en\\\/\",\"name\":\"Ch\u00e2teau Lafargue - Pessac L\u00e9ognan\",\"description\":\"Vigneron ind\u00e9pendant\",\"publisher\":{\"@id\":\"https:\\\/\\\/chateaulafargue-france.com\\\/en\\\/#organization\"},\"potentialAction\":[{\"@type\":\"SearchAction\",\"target\":{\"@type\":\"EntryPoint\",\"urlTemplate\":\"https:\\\/\\\/chateaulafargue-france.com\\\/en\\\/?s={search_term_string}\"},\"query-input\":{\"@type\":\"PropertyValueSpecification\",\"valueRequired\":true,\"valueName\":\"search_term_string\"}}],\"inLanguage\":\"en-US\"},{\"@type\":\"Organization\",\"@id\":\"https:\\\/\\\/chateaulafargue-france.com\\\/en\\\/#organization\",\"name\":\"Chateau Lafargue\",\"url\":\"https:\\\/\\\/chateaulafargue-france.com\\\/en\\\/\",\"logo\":{\"@type\":\"ImageObject\",\"inLanguage\":\"en-US\",\"@id\":\"https:\\\/\\\/chateaulafargue-france.com\\\/en\\\/#\\\/schema\\\/logo\\\/image\\\/\",\"url\":\"https:\\\/\\\/chateaulafargue-france.com\\\/wp-content\\\/uploads\\\/2020\\\/07\\\/logo-fond-noir.jpg\",\"contentUrl\":\"https:\\\/\\\/chateaulafargue-france.com\\\/wp-content\\\/uploads\\\/2020\\\/07\\\/logo-fond-noir.jpg\",\"width\":350,\"height\":168,\"caption\":\"Chateau Lafargue\"},\"image\":{\"@id\":\"https:\\\/\\\/chateaulafargue-france.com\\\/en\\\/#\\\/schema\\\/logo\\\/image\\\/\"}}]}<\/script>\n<!-- \/ Yoast SEO plugin. -->","yoast_head_json":{"title":"Ch\u00e2teau Lafargue Rouge 2020 - Grand Vin de Pessac-L\u00e9ognan - Ch\u00e2teau Lafargue - Pessac L\u00e9ognan","robots":{"index":"index","follow":"follow","max-snippet":"max-snippet:-1","max-image-preview":"max-image-preview:large","max-video-preview":"max-video-preview:-1"},"canonical":"https:\/\/chateaulafargue-france.com\/en\/product\/chateau-lafargue-rouge-2020-grand-vin-de-pessac-leognan\/","og_locale":"en_US","og_type":"article","og_title":"Ch\u00e2teau Lafargue Rouge 2020 - Grand Vin de Pessac-L\u00e9ognan - Ch\u00e2teau Lafargue - Pessac L\u00e9ognan","og_description":"Very beautiful robe, dark, deep, purplish tints. The aromatic palette is complex, starting on spices (black pepper), ripe black fruits, and evolving on fine toasted and mentholated characters. The attack on the palate is greedy, letting appear a very beautiful volume in the evolution, associated with a ripe tannic density counterbalanced by a beautiful tension. [&hellip;]","og_url":"https:\/\/chateaulafargue-france.com\/en\/product\/chateau-lafargue-rouge-2020-grand-vin-de-pessac-leognan\/","og_site_name":"Ch\u00e2teau Lafargue - Pessac L\u00e9ognan","article_modified_time":"2022-10-13T08:10:33+00:00","og_image":[{"width":680,"height":1024,"url":"https:\/\/chateaulafargue-france.com\/wp-content\/uploads\/2022\/09\/Chateau-Lafargue-rouge-2020-det-680x1024.png","type":"image\/png"}],"twitter_card":"summary_large_image","schema":{"@context":"https:\/\/schema.org","@graph":[{"@type":"WebPage","@id":"https:\/\/chateaulafargue-france.com\/en\/product\/chateau-lafargue-rouge-2020-grand-vin-de-pessac-leognan\/","url":"https:\/\/chateaulafargue-france.com\/en\/product\/chateau-lafargue-rouge-2020-grand-vin-de-pessac-leognan\/","name":"Ch\u00e2teau Lafargue Rouge 2020 - Grand Vin de Pessac-L\u00e9ognan - Ch\u00e2teau Lafargue - Pessac L\u00e9ognan","isPartOf":{"@id":"https:\/\/chateaulafargue-france.com\/en\/#website"},"primaryImageOfPage":{"@id":"https:\/\/chateaulafargue-france.com\/en\/product\/chateau-lafargue-rouge-2020-grand-vin-de-pessac-leognan\/#primaryimage"},"image":{"@id":"https:\/\/chateaulafargue-france.com\/en\/product\/chateau-lafargue-rouge-2020-grand-vin-de-pessac-leognan\/#primaryimage"},"thumbnailUrl":"https:\/\/chateaulafargue-france.com\/wp-content\/uploads\/2022\/09\/Chateau-Lafargue-rouge-2020-det.png","datePublished":"2022-10-13T08:10:21+00:00","dateModified":"2022-10-13T08:10:33+00:00","breadcrumb":{"@id":"https:\/\/chateaulafargue-france.com\/en\/product\/chateau-lafargue-rouge-2020-grand-vin-de-pessac-leognan\/#breadcrumb"},"inLanguage":"en-US","potentialAction":[{"@type":"ReadAction","target":["https:\/\/chateaulafargue-france.com\/en\/product\/chateau-lafargue-rouge-2020-grand-vin-de-pessac-leognan\/"]}]},{"@type":"ImageObject","inLanguage":"en-US","@id":"https:\/\/chateaulafargue-france.com\/en\/product\/chateau-lafargue-rouge-2020-grand-vin-de-pessac-leognan\/#primaryimage","url":"https:\/\/chateaulafargue-france.com\/wp-content\/uploads\/2022\/09\/Chateau-Lafargue-rouge-2020-det.png","contentUrl":"https:\/\/chateaulafargue-france.com\/wp-content\/uploads\/2022\/09\/Chateau-Lafargue-rouge-2020-det.png","width":2848,"height":4288},{"@type":"BreadcrumbList","@id":"https:\/\/chateaulafargue-france.com\/en\/product\/chateau-lafargue-rouge-2020-grand-vin-de-pessac-leognan\/#breadcrumb","itemListElement":[{"@type":"ListItem","position":1,"name":"Accueil","item":"https:\/\/chateaulafargue-france.com\/en\/"},{"@type":"ListItem","position":2,"name":"Shop","item":"https:\/\/chateaulafargue-france.com\/en\/shop\/"},{"@type":"ListItem","position":3,"name":"Ch\u00e2teau Lafargue Rouge 2020 &#8211; Grand Vin de Pessac-L\u00e9ognan"}]},{"@type":"WebSite","@id":"https:\/\/chateaulafargue-france.com\/en\/#website","url":"https:\/\/chateaulafargue-france.com\/en\/","name":"Ch\u00e2teau Lafargue - Pessac L\u00e9ognan","description":"Vigneron ind\u00e9pendant","publisher":{"@id":"https:\/\/chateaulafargue-france.com\/en\/#organization"},"potentialAction":[{"@type":"SearchAction","target":{"@type":"EntryPoint","urlTemplate":"https:\/\/chateaulafargue-france.com\/en\/?s={search_term_string}"},"query-input":{"@type":"PropertyValueSpecification","valueRequired":true,"valueName":"search_term_string"}}],"inLanguage":"en-US"},{"@type":"Organization","@id":"https:\/\/chateaulafargue-france.com\/en\/#organization","name":"Chateau Lafargue","url":"https:\/\/chateaulafargue-france.com\/en\/","logo":{"@type":"ImageObject","inLanguage":"en-US","@id":"https:\/\/chateaulafargue-france.com\/en\/#\/schema\/logo\/image\/","url":"https:\/\/chateaulafargue-france.com\/wp-content\/uploads\/2020\/07\/logo-fond-noir.jpg","contentUrl":"https:\/\/chateaulafargue-france.com\/wp-content\/uploads\/2020\/07\/logo-fond-noir.jpg","width":350,"height":168,"caption":"Chateau Lafargue"},"image":{"@id":"https:\/\/chateaulafargue-france.com\/en\/#\/schema\/logo\/image\/"}}]}},"_links":{"self":[{"href":"https:\/\/chateaulafargue-france.com\/en\/wp-json\/wp\/v2\/product\/36908","targetHints":{"allow":["GET"]}}],"collection":[{"href":"https:\/\/chateaulafargue-france.com\/en\/wp-json\/wp\/v2\/product"}],"about":[{"href":"https:\/\/chateaulafargue-france.com\/en\/wp-json\/wp\/v2\/types\/product"}],"replies":[{"embeddable":true,"href":"https:\/\/chateaulafargue-france.com\/en\/wp-json\/wp\/v2\/comments?post=36908"}],"wp:featuredmedia":[{"embeddable":true,"href":"https:\/\/chateaulafargue-france.com\/en\/wp-json\/wp\/v2\/media\/36882"}],"wp:attachment":[{"href":"https:\/\/chateaulafargue-france.com\/en\/wp-json\/wp\/v2\/media?parent=36908"}],"wp:term":[{"taxonomy":"product_brand","embeddable":true,"href":"https:\/\/chateaulafargue-france.com\/en\/wp-json\/wp\/v2\/product_brand?post=36908"},{"taxonomy":"product_cat","embeddable":true,"href":"https:\/\/chateaulafargue-france.com\/en\/wp-json\/wp\/v2\/product_cat?post=36908"},{"taxonomy":"product_tag","embeddable":true,"href":"https:\/\/chateaulafargue-france.com\/en\/wp-json\/wp\/v2\/product_tag?post=36908"}],"curies":[{"name":"wp","href":"https:\/\/api.w.org\/{rel}","templated":true}]}}