{"id":39668,"date":"2025-04-23T15:22:59","date_gmt":"2025-04-23T13:22:59","guid":{"rendered":"https:\/\/chateaulafargue-france.com\/?post_type=product&#038;p=39668"},"modified":"2026-02-11T14:04:11","modified_gmt":"2026-02-11T13:04:11","slug":"clairet-de-chateau-lafargue-cuvee-zoe-2024-bordeaux-clairet","status":"publish","type":"product","link":"https:\/\/chateaulafargue-france.com\/en\/product\/clairet-de-chateau-lafargue-cuvee-zoe-2024-bordeaux-clairet\/","title":{"rendered":"Clairet de Ch\u00e2teau Lafargue &#8211; Cuv\u00e9e Zo\u00e9 2024 &#8211; Bordeaux Clairet"},"content":{"rendered":"<p>A light red wine to be drunk chilled!<br \/>\nThis is the <strong>King of summer<\/strong>, with its aromas of small red fruits, particularly redcurrants, its vinous dimension, its roundness and its tension on the palate: <strong>ideal for<\/strong> barbecues, grills, cold meats, salads, cold meats&#8230;and picnics&#8230;<br \/>\n<em><strong>A special offer is currently available for this cuv\u00e9e, please contact us on 05.56.72.72.30 or contact@chateaulafargue-france.com<\/strong><\/em><\/p>\n","protected":false},"excerpt":{"rendered":"<p>A light red wine to be drunk chilled! This is the King of summer, with its aromas of small red fruits, particularly redcurrants, its vinous dimension, its roundness and its tension on the palate: ideal for barbecues, grills, cold meats, salads, cold meats&#8230;and picnics&#8230; A special offer is currently available for this cuv\u00e9e, please contact [&hellip;]<\/p>\n","protected":false},"featured_media":39672,"comment_status":"closed","ping_status":"closed","template":"","meta":{"_et_pb_use_builder":"on","_et_pb_old_content":"A light red wine to be drunk chilled!\nThis is the <strong>King of summer<\/strong>, with its aromas of small red fruits, particularly redcurrants, its vinous dimension, its roundness and its tension on the palate: <strong>ideal for<\/strong> barbecues, grills, cold meats, salads, cold meats...and picnics...\n<em><strong>A special offer is currently available for this cuv\u00e9e, please contact us on 05.56.72.72.30 or contact@chateaulafargue-france.com<\/strong><\/em>","_et_gb_content_width":""},"product_brand":[],"product_cat":[116,79],"product_tag":[],"class_list":{"0":"post-39668","1":"product","2":"type-product","3":"status-publish","4":"has-post-thumbnail","6":"product_cat-116","7":"product_cat-red","8":"pa_taille-bottle","10":"first","11":"outofstock","12":"taxable","13":"shipping-taxable","14":"purchasable","15":"product-type-variable"},"yoast_head":"<!-- This site is optimized with the Yoast SEO plugin v27.4 - https:\/\/yoast.com\/product\/yoast-seo-wordpress\/ -->\n<title>Clairet de Ch\u00e2teau Lafargue - Cuv\u00e9e Zo\u00e9 2024 - Bordeaux Clairet - Ch\u00e2teau Lafargue - Pessac L\u00e9ognan<\/title>\n<meta name=\"robots\" content=\"index, follow, max-snippet:-1, max-image-preview:large, max-video-preview:-1\" \/>\n<link rel=\"canonical\" href=\"https:\/\/chateaulafargue-france.com\/en\/product\/clairet-de-chateau-lafargue-cuvee-zoe-2024-bordeaux-clairet\/\" \/>\n<meta property=\"og:locale\" content=\"en_US\" \/>\n<meta property=\"og:type\" content=\"article\" \/>\n<meta property=\"og:title\" content=\"Clairet de Ch\u00e2teau Lafargue - Cuv\u00e9e Zo\u00e9 2024 - Bordeaux Clairet - Ch\u00e2teau Lafargue - Pessac L\u00e9ognan\" \/>\n<meta property=\"og:description\" content=\"A light red wine to be drunk chilled! This is the King of summer, with its aromas of small red fruits, particularly redcurrants, its vinous dimension, its roundness and its tension on the palate: ideal for barbecues, grills, cold meats, salads, cold meats...and picnics... A special offer is currently available for this cuv\u00e9e, please contact [&hellip;]\" \/>\n<meta property=\"og:url\" content=\"https:\/\/chateaulafargue-france.com\/en\/product\/clairet-de-chateau-lafargue-cuvee-zoe-2024-bordeaux-clairet\/\" \/>\n<meta property=\"og:site_name\" content=\"Ch\u00e2teau Lafargue - Pessac L\u00e9ognan\" \/>\n<meta property=\"article:modified_time\" content=\"2026-02-11T13:04:11+00:00\" \/>\n<meta property=\"og:image\" content=\"https:\/\/chateaulafargue-france.com\/wp-content\/uploads\/2025\/04\/Clairet-de-Lafargue-cuvee-Zoe-det.png\" \/>\n\t<meta property=\"og:image:width\" content=\"1281\" \/>\n\t<meta property=\"og:image:height\" content=\"1920\" \/>\n\t<meta property=\"og:image:type\" content=\"image\/png\" \/>\n<meta name=\"twitter:card\" content=\"summary_large_image\" \/>\n<script type=\"application\/ld+json\" class=\"yoast-schema-graph\">{\"@context\":\"https:\\\/\\\/schema.org\",\"@graph\":[{\"@type\":\"WebPage\",\"@id\":\"https:\\\/\\\/chateaulafargue-france.com\\\/en\\\/product\\\/clairet-de-chateau-lafargue-cuvee-zoe-2024-bordeaux-clairet\\\/\",\"url\":\"https:\\\/\\\/chateaulafargue-france.com\\\/en\\\/product\\\/clairet-de-chateau-lafargue-cuvee-zoe-2024-bordeaux-clairet\\\/\",\"name\":\"Clairet de Ch\u00e2teau Lafargue - Cuv\u00e9e Zo\u00e9 2024 - Bordeaux Clairet - Ch\u00e2teau Lafargue - Pessac L\u00e9ognan\",\"isPartOf\":{\"@id\":\"https:\\\/\\\/chateaulafargue-france.com\\\/en\\\/#website\"},\"primaryImageOfPage\":{\"@id\":\"https:\\\/\\\/chateaulafargue-france.com\\\/en\\\/product\\\/clairet-de-chateau-lafargue-cuvee-zoe-2024-bordeaux-clairet\\\/#primaryimage\"},\"image\":{\"@id\":\"https:\\\/\\\/chateaulafargue-france.com\\\/en\\\/product\\\/clairet-de-chateau-lafargue-cuvee-zoe-2024-bordeaux-clairet\\\/#primaryimage\"},\"thumbnailUrl\":\"https:\\\/\\\/chateaulafargue-france.com\\\/wp-content\\\/uploads\\\/2025\\\/04\\\/Clairet-de-Lafargue-cuvee-Zoe-det.png\",\"datePublished\":\"2025-04-23T13:22:59+00:00\",\"dateModified\":\"2026-02-11T13:04:11+00:00\",\"breadcrumb\":{\"@id\":\"https:\\\/\\\/chateaulafargue-france.com\\\/en\\\/product\\\/clairet-de-chateau-lafargue-cuvee-zoe-2024-bordeaux-clairet\\\/#breadcrumb\"},\"inLanguage\":\"en-US\",\"potentialAction\":[{\"@type\":\"ReadAction\",\"target\":[\"https:\\\/\\\/chateaulafargue-france.com\\\/en\\\/product\\\/clairet-de-chateau-lafargue-cuvee-zoe-2024-bordeaux-clairet\\\/\"]}]},{\"@type\":\"ImageObject\",\"inLanguage\":\"en-US\",\"@id\":\"https:\\\/\\\/chateaulafargue-france.com\\\/en\\\/product\\\/clairet-de-chateau-lafargue-cuvee-zoe-2024-bordeaux-clairet\\\/#primaryimage\",\"url\":\"https:\\\/\\\/chateaulafargue-france.com\\\/wp-content\\\/uploads\\\/2025\\\/04\\\/Clairet-de-Lafargue-cuvee-Zoe-det.png\",\"contentUrl\":\"https:\\\/\\\/chateaulafargue-france.com\\\/wp-content\\\/uploads\\\/2025\\\/04\\\/Clairet-de-Lafargue-cuvee-Zoe-det.png\",\"width\":1281,\"height\":1920},{\"@type\":\"BreadcrumbList\",\"@id\":\"https:\\\/\\\/chateaulafargue-france.com\\\/en\\\/product\\\/clairet-de-chateau-lafargue-cuvee-zoe-2024-bordeaux-clairet\\\/#breadcrumb\",\"itemListElement\":[{\"@type\":\"ListItem\",\"position\":1,\"name\":\"Accueil\",\"item\":\"https:\\\/\\\/chateaulafargue-france.com\\\/en\\\/\"},{\"@type\":\"ListItem\",\"position\":2,\"name\":\"Shop\",\"item\":\"https:\\\/\\\/chateaulafargue-france.com\\\/en\\\/shop\\\/\"},{\"@type\":\"ListItem\",\"position\":3,\"name\":\"Clairet de Ch\u00e2teau Lafargue &#8211; Cuv\u00e9e Zo\u00e9 2024 &#8211; Bordeaux Clairet\"}]},{\"@type\":\"WebSite\",\"@id\":\"https:\\\/\\\/chateaulafargue-france.com\\\/en\\\/#website\",\"url\":\"https:\\\/\\\/chateaulafargue-france.com\\\/en\\\/\",\"name\":\"Ch\u00e2teau Lafargue - Pessac L\u00e9ognan\",\"description\":\"Vigneron ind\u00e9pendant\",\"publisher\":{\"@id\":\"https:\\\/\\\/chateaulafargue-france.com\\\/en\\\/#organization\"},\"potentialAction\":[{\"@type\":\"SearchAction\",\"target\":{\"@type\":\"EntryPoint\",\"urlTemplate\":\"https:\\\/\\\/chateaulafargue-france.com\\\/en\\\/?s={search_term_string}\"},\"query-input\":{\"@type\":\"PropertyValueSpecification\",\"valueRequired\":true,\"valueName\":\"search_term_string\"}}],\"inLanguage\":\"en-US\"},{\"@type\":\"Organization\",\"@id\":\"https:\\\/\\\/chateaulafargue-france.com\\\/en\\\/#organization\",\"name\":\"Chateau Lafargue\",\"url\":\"https:\\\/\\\/chateaulafargue-france.com\\\/en\\\/\",\"logo\":{\"@type\":\"ImageObject\",\"inLanguage\":\"en-US\",\"@id\":\"https:\\\/\\\/chateaulafargue-france.com\\\/en\\\/#\\\/schema\\\/logo\\\/image\\\/\",\"url\":\"https:\\\/\\\/chateaulafargue-france.com\\\/wp-content\\\/uploads\\\/2020\\\/07\\\/logo-fond-noir.jpg\",\"contentUrl\":\"https:\\\/\\\/chateaulafargue-france.com\\\/wp-content\\\/uploads\\\/2020\\\/07\\\/logo-fond-noir.jpg\",\"width\":350,\"height\":168,\"caption\":\"Chateau Lafargue\"},\"image\":{\"@id\":\"https:\\\/\\\/chateaulafargue-france.com\\\/en\\\/#\\\/schema\\\/logo\\\/image\\\/\"}}]}<\/script>\n<!-- \/ Yoast SEO plugin. -->","yoast_head_json":{"title":"Clairet de Ch\u00e2teau Lafargue - Cuv\u00e9e Zo\u00e9 2024 - Bordeaux Clairet - Ch\u00e2teau Lafargue - Pessac L\u00e9ognan","robots":{"index":"index","follow":"follow","max-snippet":"max-snippet:-1","max-image-preview":"max-image-preview:large","max-video-preview":"max-video-preview:-1"},"canonical":"https:\/\/chateaulafargue-france.com\/en\/product\/clairet-de-chateau-lafargue-cuvee-zoe-2024-bordeaux-clairet\/","og_locale":"en_US","og_type":"article","og_title":"Clairet de Ch\u00e2teau Lafargue - Cuv\u00e9e Zo\u00e9 2024 - Bordeaux Clairet - Ch\u00e2teau Lafargue - Pessac L\u00e9ognan","og_description":"A light red wine to be drunk chilled! This is the King of summer, with its aromas of small red fruits, particularly redcurrants, its vinous dimension, its roundness and its tension on the palate: ideal for barbecues, grills, cold meats, salads, cold meats...and picnics... A special offer is currently available for this cuv\u00e9e, please contact [&hellip;]","og_url":"https:\/\/chateaulafargue-france.com\/en\/product\/clairet-de-chateau-lafargue-cuvee-zoe-2024-bordeaux-clairet\/","og_site_name":"Ch\u00e2teau Lafargue - Pessac L\u00e9ognan","article_modified_time":"2026-02-11T13:04:11+00:00","og_image":[{"width":1281,"height":1920,"url":"https:\/\/chateaulafargue-france.com\/wp-content\/uploads\/2025\/04\/Clairet-de-Lafargue-cuvee-Zoe-det.png","type":"image\/png"}],"twitter_card":"summary_large_image","schema":{"@context":"https:\/\/schema.org","@graph":[{"@type":"WebPage","@id":"https:\/\/chateaulafargue-france.com\/en\/product\/clairet-de-chateau-lafargue-cuvee-zoe-2024-bordeaux-clairet\/","url":"https:\/\/chateaulafargue-france.com\/en\/product\/clairet-de-chateau-lafargue-cuvee-zoe-2024-bordeaux-clairet\/","name":"Clairet de Ch\u00e2teau Lafargue - Cuv\u00e9e Zo\u00e9 2024 - Bordeaux Clairet - Ch\u00e2teau Lafargue - Pessac L\u00e9ognan","isPartOf":{"@id":"https:\/\/chateaulafargue-france.com\/en\/#website"},"primaryImageOfPage":{"@id":"https:\/\/chateaulafargue-france.com\/en\/product\/clairet-de-chateau-lafargue-cuvee-zoe-2024-bordeaux-clairet\/#primaryimage"},"image":{"@id":"https:\/\/chateaulafargue-france.com\/en\/product\/clairet-de-chateau-lafargue-cuvee-zoe-2024-bordeaux-clairet\/#primaryimage"},"thumbnailUrl":"https:\/\/chateaulafargue-france.com\/wp-content\/uploads\/2025\/04\/Clairet-de-Lafargue-cuvee-Zoe-det.png","datePublished":"2025-04-23T13:22:59+00:00","dateModified":"2026-02-11T13:04:11+00:00","breadcrumb":{"@id":"https:\/\/chateaulafargue-france.com\/en\/product\/clairet-de-chateau-lafargue-cuvee-zoe-2024-bordeaux-clairet\/#breadcrumb"},"inLanguage":"en-US","potentialAction":[{"@type":"ReadAction","target":["https:\/\/chateaulafargue-france.com\/en\/product\/clairet-de-chateau-lafargue-cuvee-zoe-2024-bordeaux-clairet\/"]}]},{"@type":"ImageObject","inLanguage":"en-US","@id":"https:\/\/chateaulafargue-france.com\/en\/product\/clairet-de-chateau-lafargue-cuvee-zoe-2024-bordeaux-clairet\/#primaryimage","url":"https:\/\/chateaulafargue-france.com\/wp-content\/uploads\/2025\/04\/Clairet-de-Lafargue-cuvee-Zoe-det.png","contentUrl":"https:\/\/chateaulafargue-france.com\/wp-content\/uploads\/2025\/04\/Clairet-de-Lafargue-cuvee-Zoe-det.png","width":1281,"height":1920},{"@type":"BreadcrumbList","@id":"https:\/\/chateaulafargue-france.com\/en\/product\/clairet-de-chateau-lafargue-cuvee-zoe-2024-bordeaux-clairet\/#breadcrumb","itemListElement":[{"@type":"ListItem","position":1,"name":"Accueil","item":"https:\/\/chateaulafargue-france.com\/en\/"},{"@type":"ListItem","position":2,"name":"Shop","item":"https:\/\/chateaulafargue-france.com\/en\/shop\/"},{"@type":"ListItem","position":3,"name":"Clairet de Ch\u00e2teau Lafargue &#8211; Cuv\u00e9e Zo\u00e9 2024 &#8211; Bordeaux Clairet"}]},{"@type":"WebSite","@id":"https:\/\/chateaulafargue-france.com\/en\/#website","url":"https:\/\/chateaulafargue-france.com\/en\/","name":"Ch\u00e2teau Lafargue - Pessac L\u00e9ognan","description":"Vigneron ind\u00e9pendant","publisher":{"@id":"https:\/\/chateaulafargue-france.com\/en\/#organization"},"potentialAction":[{"@type":"SearchAction","target":{"@type":"EntryPoint","urlTemplate":"https:\/\/chateaulafargue-france.com\/en\/?s={search_term_string}"},"query-input":{"@type":"PropertyValueSpecification","valueRequired":true,"valueName":"search_term_string"}}],"inLanguage":"en-US"},{"@type":"Organization","@id":"https:\/\/chateaulafargue-france.com\/en\/#organization","name":"Chateau Lafargue","url":"https:\/\/chateaulafargue-france.com\/en\/","logo":{"@type":"ImageObject","inLanguage":"en-US","@id":"https:\/\/chateaulafargue-france.com\/en\/#\/schema\/logo\/image\/","url":"https:\/\/chateaulafargue-france.com\/wp-content\/uploads\/2020\/07\/logo-fond-noir.jpg","contentUrl":"https:\/\/chateaulafargue-france.com\/wp-content\/uploads\/2020\/07\/logo-fond-noir.jpg","width":350,"height":168,"caption":"Chateau Lafargue"},"image":{"@id":"https:\/\/chateaulafargue-france.com\/en\/#\/schema\/logo\/image\/"}}]}},"_links":{"self":[{"href":"https:\/\/chateaulafargue-france.com\/en\/wp-json\/wp\/v2\/product\/39668","targetHints":{"allow":["GET"]}}],"collection":[{"href":"https:\/\/chateaulafargue-france.com\/en\/wp-json\/wp\/v2\/product"}],"about":[{"href":"https:\/\/chateaulafargue-france.com\/en\/wp-json\/wp\/v2\/types\/product"}],"replies":[{"embeddable":true,"href":"https:\/\/chateaulafargue-france.com\/en\/wp-json\/wp\/v2\/comments?post=39668"}],"wp:featuredmedia":[{"embeddable":true,"href":"https:\/\/chateaulafargue-france.com\/en\/wp-json\/wp\/v2\/media\/39672"}],"wp:attachment":[{"href":"https:\/\/chateaulafargue-france.com\/en\/wp-json\/wp\/v2\/media?parent=39668"}],"wp:term":[{"taxonomy":"product_brand","embeddable":true,"href":"https:\/\/chateaulafargue-france.com\/en\/wp-json\/wp\/v2\/product_brand?post=39668"},{"taxonomy":"product_cat","embeddable":true,"href":"https:\/\/chateaulafargue-france.com\/en\/wp-json\/wp\/v2\/product_cat?post=39668"},{"taxonomy":"product_tag","embeddable":true,"href":"https:\/\/chateaulafargue-france.com\/en\/wp-json\/wp\/v2\/product_tag?post=39668"}],"curies":[{"name":"wp","href":"https:\/\/api.w.org\/{rel}","templated":true}]}}